{"id":79367,"date":"2026-04-03T14:58:44","date_gmt":"2026-04-03T12:58:44","guid":{"rendered":"https:\/\/wapenhandelcolenbrander.nl\/?post_type=product&#038;p=79367"},"modified":"2026-04-03T15:21:25","modified_gmt":"2026-04-03T13:21:25","slug":"rix-titan-t6","status":"publish","type":"product","link":"https:\/\/wapenhandelcolenbrander.nl\/en\/product\/rix-titan-t6\/","title":{"rendered":"RIX Titan T6"},"content":{"rendered":"<h4>De RIX Titan T6!<\/h4>\n<article dir=\"auto\" tabindex=\"-1\" data-scroll-anchor=\"true\" data-testid=\"conversation-turn-30\" data-turn=\"assistant\" data-turn-id=\"request-WEB:64f70dd4-d72f-4ff6-b87b-50aa6abfa5e2-14\">\n<p data-end=\"279\" data-start=\"0\">Kies de RIX Titan T6 met een 640\u00d7480 thermische sensor en 35 mm objectieflens voor meer detail en observatie op langere afstand.<br \/>\nUitgerust met een 35 mm F0.9-lens vangt de TITAN 20% meer licht op dan traditionele F1.0-lenzen, wat zorgt voor meer helderheid en betere beeldkwaliteit. Dit garandeert kristalheldere details, zelfs bij weinig licht of hoge luchtvochtigheid.<\/p>\n<h4 data-end=\"816\" data-start=\"548\">1920\u00d71080 OLED-display<\/h4>\n<p data-end=\"816\" data-start=\"548\">De RIX Titan T6 beschikt over een 1920\u00d71080 OLED-display, met 2,5 keer de resolutie van standaard 1024\u00d7768 OLED-schermen. De hogere pixeldichtheid zorgt voor een ultra-HD kijkervaring met onge\u00ebvenaarde doelhelderheid, zelfs in volledige duisternis.<\/p>\n<h4 data-end=\"1120\" data-start=\"818\">Slimme beeldstabilisatie (EIS)<\/h4>\n<p data-end=\"1120\" data-start=\"818\">De EIS (Electronic Image Stabilization) van de TITAN minimaliseert trillingen en onscherpte met behulp van ingebouwde bewegingssensoren en slimme algoritmes. Of je nu in beweging bent of te maken hebt met trillingen van een voertuig, de TITAN biedt een stabiel beeld.<\/p>\n<h4 data-end=\"1411\" data-start=\"1122\">Inzoomen zonder detailverlies<\/h4>\n<p data-end=\"1411\" data-start=\"1122\">De RET-technologie van de RIX Titan T6 maakt gebruik van geavanceerde AI om pixeldetails te verbeteren tijdens digitale zoom, waardoor het beeld scherp blijft, zelfs bij hoge vergroting \u2014 in tegenstelling tot traditionele apparaten waarbij pixelvorming optreedt.<\/p>\n<h4 data-end=\"1737\" data-start=\"1413\">Ingebouwde afstandsmeter: tot 1200 meter<\/h4>\n<p data-end=\"1737\" data-start=\"1413\">De ge\u00efntegreerde hoogwaardige afstandsmeter van de TITAN levert snelle en nauwkeurige afstandsmetingen tot 1200 meter.<br data-end=\"1577\" data-start=\"1574\" \/>Deze functie geeft cruciale informatie, zodat je kunt beslissen of je het schot neemt of je positie aanpast \u2014 wat tijd bespaart en de nauwkeurigheid verhoogt.<\/p>\n<h4 data-end=\"1974\" data-start=\"1739\">Ballistische calculator voor langeafstandsprecisie<\/h4>\n<p data-end=\"1974\" data-start=\"1739\">De TITAN is RIX\u2019s eerste thermische monoculair met afstandsmeter en gratis ge\u00efntegreerde ballistische berekening, waardoor het een krachtig observatie-instrument is voor schutters.<\/p>\n<p data-end=\"2178\" data-start=\"1976\">Met de RIX+ app kun je omgevingsfactoren en wapenparameters vooraf instellen. Zodra de afstandsmeter de afstand meet, berekent de TITAN de ballistische afwijking en toont deze onder de afstandswaarde.<\/p>\n<p data-end=\"2316\" data-start=\"2180\">Zelfs als je geen RIX-richtkijker gebruikt, kan de TITAN je helpen om nauwkeuriger te schieten, zolang je je MOA- en mil-waarden kent.<\/p>\n<h4 data-end=\"2598\" data-start=\"2318\">Bediening met \u00e9\u00e9n hand, intu\u00eftief ontwerp<\/h4>\n<p data-end=\"2598\" data-start=\"2318\">De TITAN is ontworpen voor bediening met \u00e9\u00e9n hand, waardoor je eenvoudig instellingen kunt aanpassen terwijl je het apparaat vasthoudt. Het scherpstelwiel, geplaatst bij het oculair, maakt nauwkeurig afstellen met \u00e9\u00e9n vinger mogelijk.<\/p>\n<p data-end=\"2810\" data-start=\"2600\">De ergonomische knopindeling zorgt voor snelle toegang, zowel voor links- als rechtshandige gebruikers. Zelfs in volledige duisternis zijn de knoppen eenvoudig te vinden, wat zorgt voor een soepele bediening.<\/p>\n<h4 data-end=\"3143\" data-start=\"2812\">Snelle installatie, directe feedback<\/h4>\n<p data-end=\"3143\" data-start=\"2812\">De knoppen van de TITAN zijn direct gekoppeld aan de gebruikersinterface \u2014 wanneer je een knop indrukt, licht de bijbehorende functie op het scherm op, waardoor je direct visuele feedback krijgt. Dit intu\u00eftieve ontwerp elimineert de leercurve en zorgt ervoor dat je meteen aan de slag kunt.<\/p>\n<h4 data-end=\"3352\" data-start=\"3145\">Slimme standby-modus voor energiebeheer<\/h4>\n<p data-end=\"3352\" data-start=\"3145\">Dankzij bewegingsdetectie en slimme positiedetectie schakelt de TITAN automatisch over naar standby-modus wanneer deze niet wordt gebruikt, om energie te besparen.<\/p>\n<p data-end=\"3472\" data-start=\"3354\">Zodra je het apparaat oppakt, wordt het scherm direct weer geactiveerd \u2014 zonder vertraging, voor directe observatie.<\/p>\n<h3 data-end=\"3746\" data-start=\"3474\">Meer functies van de <strong>RIX Titan T6<\/strong><\/h3>\n<h4 data-end=\"3746\" data-start=\"3474\">Foto- en video-opname:<\/h4>\n<p data-end=\"3746\" data-start=\"3474\">Leg moeiteloos bijzondere momenten vast, zowel overdag als \u2019s nachts, met de hoogwaardige foto- en video-opnamefunctie van de TITAN. Geniet van uitstekende geluidskwaliteit dankzij de zorgvuldig geselecteerde ingebouwde microfoon.<\/p>\n<h4 data-end=\"3916\" data-start=\"3748\">Wi-Fi integratie met de RIX+ app:<\/h4>\n<p data-end=\"3916\" data-start=\"3748\">Verbind je TITAN eenvoudig met je Android- of iOS-smartphone via de RIX+ app voor draadloze software-updates en live beeldweergave.<\/p>\n<h4 data-end=\"4161\" data-start=\"3918\">NETD &lt; 20 mK sensor:<\/h4>\n<p data-end=\"4161\" data-start=\"3918\">De hoogwaardige thermische sensor van de TITAN met NETD &lt; 20 mK detecteert zelfs de kleinste temperatuurverschillen. Dit zorgt voor een uitzonderlijk helder beeld, zelfs onder zware omstandigheden zoals regen of sneeuw.<\/p>\n<h4 data-end=\"4466\" data-start=\"4163\">Afstandsbediening en slimme monitoring:<\/h4>\n<p data-end=\"4466\" data-is-last-node=\"\" data-is-only-node=\"\" data-start=\"4163\">Met 2,4 GHz WiFi ondersteunt de TITAN bediening op afstand, snelle gegevensoverdracht en een stabiele verbinding. Zelfs wanneer het apparaat niet in je handen is, kun je het bedienen via je smartphone, wat monitoring vanuit meerdere perspectieven mogelijk maakt.<\/p>\n<\/article>\n<hr \/>\n<h3>Specificaties van de RIX Titan T6<\/h3>\n<h4>Sensor<\/h4>\n<p>Type: VOx Uncooled<br \/>\nResolution:\u00a0640\u00d7480<br \/>\nPixel Pitch: 12\u03bcm<br \/>\nNETD: &lt;20 mK<br \/>\nFrame Rate: 50 Hz<\/p>\n<h4>Optiek:<\/h4>\n<p>Objective Lens: 35mm, F0.9<br \/>\nMagnification: 2.2~8.8\u00d7<br \/>\nField of View (H\u00d7V): 17.5\u00b0\u00d713.1\u00b0<br \/>\nField of View, degrees\/m@100m: 21.95 \u00d7 16.46 m<br \/>\nDigital Zoom: 1~ 4\u00d7<br \/>\nEye Relief: 23mm<br \/>\nDiopter Adjustment: -5D to +5D<br \/>\nDetection Range: 1818m<\/p>\n<h4>Display:<\/h4>\n<p>Type: OLED<br \/>\nResolution, pixels: 1920\u00d71080<\/p>\n<h4>Laser Rangefinding:<\/h4>\n<p>Measurement Range: 1200m<br \/>\nMeasurement Accuracy: \u00b11m<\/p>\n<h4>Wi-Fi:<\/h4>\n<p>Wireless\u00a0Protocol: Wi-Fi<br \/>\nFrequency,\u00a0GHz: 2.4GHz<\/p>\n<h4>Video Opname:<\/h4>\n<p>Video \/ Photo Resolution: 1536\u00d71080<br \/>\nVideo \/ Photo Format: .mp4 \/ .jpg<br \/>\nBuilt-in Memory: 32GB<\/p>\n<h4>Fysiek:<\/h4>\n<p>Degree of Protection, IP Code: IP67<br \/>\nOperating Temperature Range: -20\u2103 to +50\u2103<br \/>\nWeight: 429\u00a0g<br \/>\nDimensions: 203\u00d752\u00d774 mm<\/p>\n<h4>Connecties en verbindingen:<\/h4>\n<p>Battery Type: 18650<br \/>\nOperating Time on Battery Pack (at t=25\u2103\/72\u00b0F): 5 h<br \/>\nExternal Power Supply, V: 5V (Type-C USB)<\/p>\n<hr \/>\n<h4>Bij kopen van de <strong>RIX Titan T6 <\/strong>inbegrepen:<\/h4>\n<p>1x Rix Optics Titan T6 LRF<br \/>\n2x 18650 Battery<br \/>\n1x Battery Charger<br \/>\n1x Carrying pouch<br \/>\n1x Lanyard<br \/>\n1x USB Type-C Cable<br \/>\n1x lens Cloth<\/p>\n<div class=\"attr-list\">\n<div class=\"attr-item\"><\/div>\n<\/div>\n<div><\/div>\n<div>Merk: <a href=\"https:\/\/www.rixoptics.com\/\" target=\"_blank\" rel=\"noopener\">Thermal &amp; Night Vision Scopes | Precision Hunting Optics | RIX Optics<\/a><\/div>\n<div><\/div>\n<div>\n<p>Bekijk hier meer over warmtebeeld op onze site:<br \/>\n<a href=\"https:\/\/wapenhandelcolenbrander.nl\/product-categorie\/optiek\/warmtebeeld-nachtzicht\/warmtebeeld\/\">Warmtebeeld &#8211; Wapenhandel Colenbrander<\/a><\/p>\n<\/div>\n<div><\/div>\n<div><img loading=\"lazy\" decoding=\"async\" class=\"size-medium wp-image-78779 aligncenter\" src=\"https:\/\/wapenhandelcolenbrander.nl\/wp-content\/uploads\/2026\/03\/Logo-400x123.webp\" alt=\"\" width=\"400\" height=\"123\" srcset=\"https:\/\/wapenhandelcolenbrander.nl\/wp-content\/uploads\/2026\/03\/Logo-400x123.webp 400w, https:\/\/wapenhandelcolenbrander.nl\/wp-content\/uploads\/2026\/03\/Logo-500x154.webp 500w, https:\/\/wapenhandelcolenbrander.nl\/wp-content\/uploads\/2026\/03\/Logo.webp 800w, https:\/\/wapenhandelcolenbrander.nl\/wp-content\/uploads\/2026\/03\/Logo-768x236.webp 768w, https:\/\/wapenhandelcolenbrander.nl\/wp-content\/uploads\/2026\/03\/Logo-600x184.webp 600w\" sizes=\"auto, (max-width: 400px) 100vw, 400px\" \/><\/div>\n","protected":false},"excerpt":{"rendered":"<p><strong>De RIX Titan T6, nu verkrijgbaar op onze site!<\/strong><\/p>\n","protected":false},"featured_media":79368,"template":"","meta":{"_monsterinsights_skip_tracking":false,"_monsterinsights_sitenote_active":false,"_monsterinsights_sitenote_note":"","_monsterinsights_sitenote_category":0},"product_brand":[],"product_cat":[1885,74,87],"product_tag":[],"class_list":{"0":"post-79367","1":"product","2":"type-product","3":"status-publish","4":"has-post-thumbnail","6":"product_cat-warmtebeeld","7":"product_cat-optiek","8":"product_cat-warmtebeeld-nachtzicht","10":"first","11":"instock","12":"taxable","13":"shipping-taxable","14":"purchasable","15":"product-type-simple"},"_links":{"self":[{"href":"https:\/\/wapenhandelcolenbrander.nl\/en\/wp-json\/wp\/v2\/product\/79367","targetHints":{"allow":["GET"]}}],"collection":[{"href":"https:\/\/wapenhandelcolenbrander.nl\/en\/wp-json\/wp\/v2\/product"}],"about":[{"href":"https:\/\/wapenhandelcolenbrander.nl\/en\/wp-json\/wp\/v2\/types\/product"}],"version-history":[{"count":2,"href":"https:\/\/wapenhandelcolenbrander.nl\/en\/wp-json\/wp\/v2\/product\/79367\/revisions"}],"predecessor-version":[{"id":79385,"href":"https:\/\/wapenhandelcolenbrander.nl\/en\/wp-json\/wp\/v2\/product\/79367\/revisions\/79385"}],"wp:featuredmedia":[{"embeddable":true,"href":"https:\/\/wapenhandelcolenbrander.nl\/en\/wp-json\/wp\/v2\/media\/79368"}],"wp:attachment":[{"href":"https:\/\/wapenhandelcolenbrander.nl\/en\/wp-json\/wp\/v2\/media?parent=79367"}],"wp:term":[{"taxonomy":"product_brand","embeddable":true,"href":"https:\/\/wapenhandelcolenbrander.nl\/en\/wp-json\/wp\/v2\/product_brand?post=79367"},{"taxonomy":"product_cat","embeddable":true,"href":"https:\/\/wapenhandelcolenbrander.nl\/en\/wp-json\/wp\/v2\/product_cat?post=79367"},{"taxonomy":"product_tag","embeddable":true,"href":"https:\/\/wapenhandelcolenbrander.nl\/en\/wp-json\/wp\/v2\/product_tag?post=79367"}],"curies":[{"name":"wp","href":"https:\/\/api.w.org\/{rel}","templated":true}]}}