{"id":76788,"date":"2026-02-21T09:53:42","date_gmt":"2026-02-21T07:53:42","guid":{"rendered":"https:\/\/wapenhandelcolenbrander.nl\/?post_type=product&#038;p=76788"},"modified":"2026-04-21T15:39:16","modified_gmt":"2026-04-21T13:39:16","slug":"hikmicro-habrok-4k-2-0-he25l","status":"publish","type":"product","link":"https:\/\/wapenhandelcolenbrander.nl\/en\/product\/hikmicro-habrok-4k-2-0-he25l\/","title":{"rendered":"Hikmicro Habrok 4k 2.0 HE25L"},"content":{"rendered":"<h4>De Hikmicro Habrok 4k 2.0 HE25L!<\/h4>\n<p>De HikMicro Habrok 4K 2.0 HE25L multispectralverrekijker combineert ultra\u2011hoge resolutie digitale beeldvorming met een gevoelige warmtebeeldsensor en een snelle laserafstandsmeter. Ergonomisch ontwerp, naadloze wisseling tussen spectrums en geavanceerde beeldtechnologie in een robuuste, weerbestendige behuizing maken hem ideaal voor jacht, observatie, natuurverkenning en\u00a0noodhulp onder alle lichtomstandigheden.<\/p>\n<h2>HikMicro Habrok 4K 2.0 HE25L multispectralverrekijker kenmerken:<\/h2>\n<ul>\n<li>Multispectraal\u00a0observatiesysteem: direct schakelen tussen digitaal dag- en nachtzicht en warmtebeeld voor veelzijdige waarneming\u00a0in diverse omstandigheden.<\/li>\n<li>4K UHD digitale beeldvorming met 3840\u00d72160 CMOS-sensor en 60\u202fmm F2.2 lens voor scherpe, gedetailleerde observatie overdag en \u2019s nachts.<\/li>\n<li>Gevoelige warmtebeeldsensor (256\u00d7192, 12\u202f\u00b5m, NETD &lt;\u202f18\u202fmK) met speciale 25\u202fmm F1.0\u00a0warmtebeeldlens en een detectiebereik tot 1200\u202fm.<\/li>\n<li>Ge\u00efntegreerde laserafstandsmeter (LRF) met een bereik tot 1000\u202fm en \u00b11\u202fm nauwkeurigheid voor verbeterd ruimtelijk inzicht.<\/li>\n<li>Vervangbare IR-lampen (940\u202fnm en 850\u202fnm inbegrepen) voor groter nachtzichtbereik.<\/li>\n<li>Geavanceerde HSIS-shutterless warmtebeeldtechnologie en EIS elektronische beeldstabilisatie voor vloeiende, schokvrije waarneming.<\/li>\n<li>Zoom Pro-technologie voor geoptimaliseerde digitale vergroting en behoud van details.<\/li>\n<li>App- en draadloze integratie: live beelden streamen, instellingen op afstand bedienen en waarnemingen realtime delen op \u00e9\u00e9n of meerdere smartphones\/tablets<\/li>\n<li>Interne opname en opslag: maak foto\u2019s, video\u2019s en audio direct op het ingebouwde geheugen.<\/li>\n<li>Weerbestendige IP67-behuizing en duurzame magnesiumlegering chassis voor\u00a0bestandheid tegen ruw gebruik.<\/li>\n<\/ul>\n<h2>HikMicro Habrok 4K 2.0 HE25L multispectralverrekijker specificaties &amp; details:<\/h2>\n<ul>\n<li>Digitale beeldvorming: 4K UHD 3840\u00d72160 sensor; 5.5\u00d7 basisvergroting die digitaal kan worden vergroot tot 22\u00d7.<\/li>\n<li>Digitaal gezichtsveld: ongeveer 12.8\u00d77.2\u202fm @ 100\u202fm.<\/li>\n<li>Warmtebeeld: 256\u00d7192, 12\u202f\u00b5m pixel pitch; 4.3\u00d7 basisvergroting die digitaal kan worden vergroot tot 17.2\u00d7.<\/li>\n<li>Thermisch gezichtsveld: ongeveer 12.2\u00d79.3\u202fm @ 100\u202fm.<\/li>\n<li>Nachtzichtbereik: tot ongeveer 400\u202fm met IR.<\/li>\n<li>Display: 0.49&#8243; OLED, 1920\u00d71080 pixels @ 50 Hz.<\/li>\n<li>Batterij &amp; looptijd: vervangbare oplaadbare Li\u2011ion 18650, ~6.5\u202fuur.<\/li>\n<li>Gewicht: ~895\u202fgram (zonder batterijen).<\/li>\n<li>Bescherming: IP67 stof\u2011 en waterdicht.<\/li>\n<li>Connectiviteit &amp; systeem: HikMicro Sight app, USB Type\u2011C stroomvoorziening, interne GPS, kompas en geavanceerde UI-functies (PIP, Hotspot, Hot Track).<\/li>\n<\/ul>\n<h4 class=\"additional-info-group-name\">Specificaties van de Hikmicro Habrok 4k 2.0 HE25L:<\/h4>\n<table class=\"data table additional-attributes\">\n<caption class=\"table-caption\">Specificaties<\/caption>\n<tbody class=\"-has-tooltips\">\n<tr>\n<td class=\"col label \" scope=\"row\">Merk<\/td>\n<td class=\"col data\" data-td=\"Merk\"><a href=\"https:\/\/www.hikmicrotech.com\/nl\/\" target=\"_blank\" rel=\"noopener\">HIKMICRO<\/a><\/td>\n<\/tr>\n<tr>\n<td class=\"col label \" scope=\"row\">Serie<\/td>\n<td class=\"col data\" data-td=\"Serie\">Habrok<\/td>\n<\/tr>\n<tr>\n<td class=\"col label -has-tooltip\" scope=\"row\">Productcode<\/td>\n<td class=\"col data\" data-td=\"Productcode\">Habrok 4K 2.0 HE25L<\/td>\n<\/tr>\n<tr>\n<td class=\"col label \" scope=\"row\">Type<\/td>\n<td class=\"col data\" data-td=\"Type\">Verrekijker<\/td>\n<\/tr>\n<tr>\n<td class=\"col label -has-tooltip\" scope=\"row\">Sensorresolutie (pixels)<\/td>\n<td class=\"col data\" data-td=\"Sensorresolutie (pixels)\">256&#215;192, 3840&#215;2160<\/td>\n<\/tr>\n<tr>\n<td class=\"col label -has-tooltip\" scope=\"row\">Pixel pitch (\u00b5m)<\/td>\n<td class=\"col data\" data-td=\"Pixel pitch (\u00b5m)\">12<\/td>\n<\/tr>\n<tr>\n<td class=\"col label -has-tooltip\" scope=\"row\">Thermische gevoeligheid (NETD mK)<\/td>\n<td class=\"col data\" data-td=\"Thermische gevoeligheid (NETD mK)\">\u226418<\/td>\n<\/tr>\n<tr>\n<td class=\"col label -has-tooltip\" scope=\"row\">Optische vergroting<\/td>\n<td class=\"col data\" data-td=\"Optische vergroting\">4.3x &amp; 5.5x<\/td>\n<\/tr>\n<tr>\n<td class=\"col label \" scope=\"row\">Digitale vergroting<\/td>\n<td class=\"col data\" data-td=\"Digitale vergroting\">2x, 3x, 4x, 5x<\/td>\n<\/tr>\n<tr>\n<td class=\"col label -has-tooltip\" scope=\"row\">Objectief diameter (mm)<\/td>\n<td class=\"col data\" data-td=\"Objectief diameter (mm)\">25 &amp; 60<\/td>\n<\/tr>\n<tr>\n<td class=\"col label -has-tooltip\" scope=\"row\">Draadkruis<\/td>\n<td class=\"col data\" data-td=\"Draadkruis\">Nee<\/td>\n<\/tr>\n<tr>\n<td class=\"col label -has-tooltip\" scope=\"row\">Scherpstelling<\/td>\n<td class=\"col data\" data-td=\"Scherpstelling\">Adjustable objective<\/td>\n<\/tr>\n<tr>\n<td class=\"col label \" scope=\"row\">Display type<\/td>\n<td class=\"col data\" data-td=\"Display type\">OLED<\/td>\n<\/tr>\n<tr>\n<td class=\"col label -has-tooltip\" scope=\"row\">Display resolutie<\/td>\n<td class=\"col data\" data-td=\"Display resolutie\">1920&#215;1080<\/td>\n<\/tr>\n<tr>\n<td class=\"col label -has-tooltip\" scope=\"row\">Beeldsnelheid (Hz)<\/td>\n<td class=\"col data\" data-td=\"Beeldsnelheid (Hz)\">50<\/td>\n<\/tr>\n<tr>\n<td class=\"col label -has-tooltip\" scope=\"row\">Streamfunctie<\/td>\n<td class=\"col data\" data-td=\"Streamfunctie\">Ja<\/td>\n<\/tr>\n<tr>\n<td class=\"col label \" scope=\"row\">Batterij type<\/td>\n<td class=\"col data\" data-td=\"Batterij type\">18650<\/td>\n<\/tr>\n<tr>\n<td class=\"col label \" scope=\"row\">Batterijduur<\/td>\n<td class=\"col data\" data-td=\"Batterijduur\">6.5 uur<\/td>\n<\/tr>\n<tr>\n<td class=\"col label \" scope=\"row\">IP-code<\/td>\n<td class=\"col data\" data-td=\"IP-code\">IP67<\/td>\n<\/tr>\n<tr>\n<td class=\"col label \" scope=\"row\">Afmeting (mm)<\/td>\n<td class=\"col data\" data-td=\"Afmeting (mm)\">143.1\u00d774.8\u00d7223.3 (l\u00d7b\u00d7h)<\/td>\n<\/tr>\n<tr>\n<td class=\"col label \" scope=\"row\">Gewicht (gram)<\/td>\n<td class=\"col data\" data-td=\"Gewicht (gram)\">895<\/td>\n<\/tr>\n<tr>\n<td class=\"col label -has-tooltip\" scope=\"row\">Inclusief montageringen<\/td>\n<td class=\"col data\" data-td=\"Inclusief montageringen\">Nee<\/td>\n<\/tr>\n<tr>\n<td class=\"col label -has-tooltip\" scope=\"row\">Extra&#8217;s<\/td>\n<td class=\"col data\" data-td=\"Extra's\">4 batterijen, Oplader, IR lamp, Lensdoekje, Nekkoord, Tripodadapter, USB kabel<\/td>\n<\/tr>\n<\/tbody>\n<\/table>\n<p>Bekijk hier ook andere artikelen van <a href=\"https:\/\/www.hikmicrotech.com\/nl\/\" target=\"_blank\" rel=\"noopener\">HIKMICRO<\/a> op onze site:<br \/>\n<a href=\"https:\/\/wapenhandelcolenbrander.nl\/product-categorie\/optiek\/hikmicro\/\">Hikmicro &#8211; Wapenhandel Colenbrander<\/a><\/p>\n<p><img loading=\"lazy\" decoding=\"async\" class=\"size-medium wp-image-78779 aligncenter\" src=\"https:\/\/wapenhandelcolenbrander.nl\/wp-content\/uploads\/2026\/03\/Logo-400x123.webp\" alt=\"\" width=\"400\" height=\"123\" srcset=\"https:\/\/wapenhandelcolenbrander.nl\/wp-content\/uploads\/2026\/03\/Logo-400x123.webp 400w, https:\/\/wapenhandelcolenbrander.nl\/wp-content\/uploads\/2026\/03\/Logo-500x154.webp 500w, https:\/\/wapenhandelcolenbrander.nl\/wp-content\/uploads\/2026\/03\/Logo.webp 800w, https:\/\/wapenhandelcolenbrander.nl\/wp-content\/uploads\/2026\/03\/Logo-768x236.webp 768w, https:\/\/wapenhandelcolenbrander.nl\/wp-content\/uploads\/2026\/03\/Logo-600x184.webp 600w\" sizes=\"auto, (max-width: 400px) 100vw, 400px\" \/><\/p>\n","protected":false},"excerpt":{"rendered":"<p><strong>De Hikmicro Habrok 4k 2.0 HE25L, nu verkrijgbaar op onze website!<\/strong><\/p>\n","protected":false},"featured_media":76795,"template":"","meta":[],"product_brand":[],"product_cat":[74,2561,1886,1885,87],"product_tag":[],"class_list":{"0":"post-76788","1":"product","2":"type-product","3":"status-publish","4":"has-post-thumbnail","6":"product_cat-optiek","7":"product_cat-hikmicro","8":"product_cat-nachtzicht","9":"product_cat-warmtebeeld","10":"product_cat-warmtebeeld-nachtzicht","12":"first","13":"instock","14":"taxable","15":"shipping-taxable","16":"purchasable","17":"product-type-simple"},"_links":{"self":[{"href":"https:\/\/wapenhandelcolenbrander.nl\/en\/wp-json\/wp\/v2\/product\/76788","targetHints":{"allow":["GET"]}}],"collection":[{"href":"https:\/\/wapenhandelcolenbrander.nl\/en\/wp-json\/wp\/v2\/product"}],"about":[{"href":"https:\/\/wapenhandelcolenbrander.nl\/en\/wp-json\/wp\/v2\/types\/product"}],"version-history":[{"count":3,"href":"https:\/\/wapenhandelcolenbrander.nl\/en\/wp-json\/wp\/v2\/product\/76788\/revisions"}],"predecessor-version":[{"id":80318,"href":"https:\/\/wapenhandelcolenbrander.nl\/en\/wp-json\/wp\/v2\/product\/76788\/revisions\/80318"}],"wp:featuredmedia":[{"embeddable":true,"href":"https:\/\/wapenhandelcolenbrander.nl\/en\/wp-json\/wp\/v2\/media\/76795"}],"wp:attachment":[{"href":"https:\/\/wapenhandelcolenbrander.nl\/en\/wp-json\/wp\/v2\/media?parent=76788"}],"wp:term":[{"taxonomy":"product_brand","embeddable":true,"href":"https:\/\/wapenhandelcolenbrander.nl\/en\/wp-json\/wp\/v2\/product_brand?post=76788"},{"taxonomy":"product_cat","embeddable":true,"href":"https:\/\/wapenhandelcolenbrander.nl\/en\/wp-json\/wp\/v2\/product_cat?post=76788"},{"taxonomy":"product_tag","embeddable":true,"href":"https:\/\/wapenhandelcolenbrander.nl\/en\/wp-json\/wp\/v2\/product_tag?post=76788"}],"curies":[{"name":"wp","href":"https:\/\/api.w.org\/{rel}","templated":true}]}}