{"id":76296,"date":"2026-02-11T19:52:50","date_gmt":"2026-02-11T17:52:50","guid":{"rendered":"https:\/\/wapenhandelcolenbrander.nl\/?post_type=product&#038;p=76296"},"modified":"2026-03-25T20:21:29","modified_gmt":"2026-03-25T18:21:29","slug":"thermtec-wild","status":"publish","type":"product","link":"https:\/\/wapenhandelcolenbrander.nl\/de\/produkt\/thermtec-wild\/","title":{"rendered":"ThermTec Wild 650DL Pro Handheld"},"content":{"rendered":"<h3>De ThermTec Wild 650DL!<\/h3>\n<p>ThermTec Wild 650DL Pro Monoculair ThermTec Wild 650DL Pro is een nieuwe, pro\u2011geori\u00ebnteerde thermische monoculair die top\u2011klasse beeldkwaliteit combineert met een extreem gebruiksvriendelijk, robuust ontwerp. Dankzij een uitzonderlijk gevoelige sensor met NETD &lt; 15 mK, een 1600 \u00d7 1200 pixels @ 12 \u03bcm detector en een helder 0,5\u2011inch AMOLED\u2011display, levert het apparaat superieure scherpte, contrast en detailweergave \u2014 cruciaal wanneer je in donker, mist of complex terrein wilt detecteren en identificeren. Wat dit model onderscheidt is de slimme integratie van meerdere functies in \u00e9\u00e9n handzaam toestel: Dual FOV + ge\u00efntegreerde LRF: schakelen tussen een brede kijkhoek voor snelle detectie en een smalle kijkhoek voor nauwkeurige identificatie. De volledig ingebouwde laser\u2011afstandsmeter maakt snelle afstandsbepaling mogelijk tot ongeveer 1000 meter, zonder extra modules. AI\u2011gebaseerde beeldkalibratie &amp; TSR\u2011super\u2011resolutie: vermindert de frequentie van shutter\u2011acties en voorkomt beeldbevriezing.<\/p>\n<p>Zelflerende algoritmen houden het beeld stabiel terwijl de omgeving verandert, terwijl de thermal super resolution\u2011technologie fijne details extra benadrukt \u2014 nuttig voor het herkennen van kleine warmteverschillen of ver uit elkaar liggende targets. E\u00e9nhandige bediening, ook met handschoenen: vernieuwde joystick, textuur op de bovenkant, verbeterd scroll\u2011wiel en ergonomische layout minimaliseren mis\u2011touches, verbeteren de precisie en verminderen grip\u2011vermoeidheid. Je hebt alle belangrijke functies binnen handbereik, zelfs in koude of natte omstandigheden. Snelle batterijwisseling &amp; lange inzetduur: twee verwisselbare, oplaadbare batterijen; totale gebruiksduur tot 12 uur (6 uur per batterij), waardoor je dag\u2011 of nacht\u2011tours zonder onderbreking kunt uitvoeren. Duurzaam maar licht: magnesium\u2011legering voor een stabiel en licht chassis, ideaal voor intensief veldgebruik. Stille lenscover + HD digitale zoom: een geluidloze lenskap om geluidshinder bij het targetten te vermijden; 1\u00d7\u20134\u00d7 continue HD\u2011zoom om details duidelijk te maken van minimale tot maximale vergroting. Alles bij elkaar levert de Wild 650DL Pro een high\u2011end observatie\u2011tool die geschikt is voor verkenning, jacht, surveillance of natuuronderzoek in uiteenlopende scenario\u2019s \u2014 van dicht bos tot open vallei.<\/p>\n<p>Specificaties Sensor en resolutie Thermische detector: 1600 \u00d7 1200 pixels @ 12 \u03bcm NETD: &lt; 15 mK Display 0,5\u2011inch AMOLED met hoge scherpte, voor heldere, contrastrijke beelden Optiek en gezichtsveld Dual FOV: wissel tussen brede kijkhoek voor detectie en smalle kijkhoek voor identificatie Laser rangefinder Ge\u00efntegreerd LRF met bereik tot circa 1000 m Beeldverwerking AI\u2011kalibratie ter vermindering van shutter\u2011activiteit TSR\u2011thermal super resolution voor extra detailweergave Digitale zoom 1\u00d7 tot 4\u00d7 continue HD\u2011zoom Bediening en ergonomie One\u2011handed operation met geoptimaliseerde joystick, textuur en scroll\u2011wiel Ontworpen voor beperkt mis\u2011touch risico, ook met handschoenen Stroomvoorziening Vervangbare en oplaadbare batterijen, totaal tot 12 uur gebruik (2 \u00d7 6 uur) Snel batterijwisselsysteem Behuizing en uitvoering Magnesiumlegering; lichtgewicht met hoge structurele sterkte Stille lenscover om geluid te minimaliseren bij gebruik Typische toepassingen Jacht en wildobservatie, terreinverkenning, veiligheids\u2011 of surveillancedoelen, natuuronderzoek<\/p>\n<p>&nbsp;<\/p>\n<p>&nbsp;<\/p>\n<p>&nbsp;<\/p>\n","protected":false},"excerpt":{"rendered":"<h3>Thermtec Wild!<\/h3>\n","protected":false},"featured_media":76297,"template":"","meta":[],"product_brand":[],"product_cat":[74,1885,87],"product_tag":[],"class_list":{"0":"post-76296","1":"product","2":"type-product","3":"status-publish","4":"has-post-thumbnail","6":"product_cat-optiek","7":"product_cat-warmtebeeld","8":"product_cat-warmtebeeld-nachtzicht","10":"first","11":"instock","12":"taxable","13":"shipping-taxable","14":"purchasable","15":"product-type-simple"},"_links":{"self":[{"href":"https:\/\/wapenhandelcolenbrander.nl\/de\/wp-json\/wp\/v2\/product\/76296","targetHints":{"allow":["GET"]}}],"collection":[{"href":"https:\/\/wapenhandelcolenbrander.nl\/de\/wp-json\/wp\/v2\/product"}],"about":[{"href":"https:\/\/wapenhandelcolenbrander.nl\/de\/wp-json\/wp\/v2\/types\/product"}],"version-history":[{"count":5,"href":"https:\/\/wapenhandelcolenbrander.nl\/de\/wp-json\/wp\/v2\/product\/76296\/revisions"}],"predecessor-version":[{"id":78740,"href":"https:\/\/wapenhandelcolenbrander.nl\/de\/wp-json\/wp\/v2\/product\/76296\/revisions\/78740"}],"wp:featuredmedia":[{"embeddable":true,"href":"https:\/\/wapenhandelcolenbrander.nl\/de\/wp-json\/wp\/v2\/media\/76297"}],"wp:attachment":[{"href":"https:\/\/wapenhandelcolenbrander.nl\/de\/wp-json\/wp\/v2\/media?parent=76296"}],"wp:term":[{"taxonomy":"product_brand","embeddable":true,"href":"https:\/\/wapenhandelcolenbrander.nl\/de\/wp-json\/wp\/v2\/product_brand?post=76296"},{"taxonomy":"product_cat","embeddable":true,"href":"https:\/\/wapenhandelcolenbrander.nl\/de\/wp-json\/wp\/v2\/product_cat?post=76296"},{"taxonomy":"product_tag","embeddable":true,"href":"https:\/\/wapenhandelcolenbrander.nl\/de\/wp-json\/wp\/v2\/product_tag?post=76296"}],"curies":[{"name":"wp","href":"https:\/\/api.w.org\/{rel}","templated":true}]}}