{"id":71966,"date":"2025-10-25T09:28:12","date_gmt":"2025-10-25T07:28:12","guid":{"rendered":"https:\/\/wapenhandelcolenbrander.nl\/?post_type=product&#038;p=71966"},"modified":"2026-03-25T16:38:07","modified_gmt":"2026-03-25T14:38:07","slug":"thermtec-hunt-650l","status":"publish","type":"product","link":"https:\/\/wapenhandelcolenbrander.nl\/de\/produkt\/thermtec-hunt-650l\/","title":{"rendered":"ThermTec Hunt Pro 650L Thermal Clip-on"},"content":{"rendered":"<p>De ThermTec Hunt Pro 650L Thermal Clip-on!<\/p>\n<p>De ThermTec Hunt 650L is een lichtgewicht clip-on\/monoculaire thermische module met 2.600 m detectiebereik, NETD \u2264 15 mK, 50 mm lens, ge\u00efntegreerde LRF tot 1000 m, 64 GB geheugen, IP67-bescherming en 8-16\u00d7 vergroting.<\/p>\n<p>De ThermTec Hunt LRF Series is een veelzijdige clip-on \/ monoculaire thermische module ontworpen voor gebruikers die lange-afstandsaccuraatheid willen combineren met flexibiliteit in gebruik. Het vlaggenschipmodel, de Hunt 650L, biedt een detectiebereik tot 2.600 meter, een infraroodsensor met 640\u00d7512 resolutie en een NETD \u2264 15 mK, waarmee subtiele warmteverschillen effici\u00ebnt in beeld worden gebracht, ook bij moeilijke weersomstandigheden.<\/p>\n<p>De lens heeft een diameter van 50 mm met F\/1.0, wat zorgt voor heldere beelden en voldoende lichtinval, terwijl het beeldscherm een premium AMOLED display is (0,39\u2033) met hoge resolutie. Vergroting via de dagkijker wordt aanbevolen tussen 1-16\u00d7, aangevuld met digitale vergrotingen (\u00d71, \u00d72, \u00d73, \u00d74) voor detailweergave.<\/p>\n<p>Extra functionaliteiten zijn onder meer een ge\u00efntegreerde laserafstandsmeter tot 1000 meter, een balistische calculator, en ThermTec\u2019s \u201cAl Calibration\u201d systeem dat de frequentie van shutters verlaagt om beeldonderbrekingen te minimaliseren. De unit ondersteunt foto- en video-opname, heeft 64 GB intern geheugen, WiFi en Bluetooth (met remote control mogelijkheden).<\/p>\n<p>Qua bouwkwaliteit scoort de Hunt LRF hoog hij weegt slechts 463 gram, is water- en stofdicht met IP67 certificering, bestand tegen terugslag tot 6000 Joule, en werkt in temperaturen van -20 \u00b0C tot +50 \u00b0C. De behuizing is van magnesiumlegering, en de clip-on\/monoculaire aansluiting werkt via M52\u00d70.75 schroefdraad.<\/p>\n<p>Kortom: de Hunt LRF Series is bedoeld voor serieuze gebruikers jagers, militairen of observatoren die precies, betrouwbaar en veelzijdig willen opereren, met extra opties zoals pre-zeroing, intu\u00eftieve fysieke schakelaars en beeldstabilisatie om in uiteenlopende omstandigheden optimaal te presteren.<\/p>\n<h4>Specificaties:<\/h4>\n<ul>\n<li>Merk: ThermTec<\/li>\n<li>Sensor resolutie: 640 \u00d7 512 pixels<\/li>\n<li>Pixel pitch: 12 \u00b5m<\/li>\n<li>NETD: \u2264 15 mK<\/li>\n<li>Framerate: 50 Hz<\/li>\n<li>Gezichtsveld: 8,8\u00b0 \u00d7 7,0\u00b0 \u2248 15,4 \u00d7 12,3 m @ 100 m<\/li>\n<li>Detectiebereik: ca. 2600m<\/li>\n<li>LRF (Laser range finder): tot 1000m<\/li>\n<li>Digitale vergroting: \u00d71-4 continu zoom<\/li>\n<li>Intern geheugen: 64GB<\/li>\n<li>Gewicht: ca. 463g<\/li>\n<li>Batterijduur: ca. 8 uur<\/li>\n<\/ul>\n<p>&nbsp;<\/p>\n","protected":false},"excerpt":{"rendered":"<p>De ThermTec Hunt Pro 650L Thermal Clip-on! De ThermTec Hunt 650L is een lichtgewicht clip-on\/monoculaire thermische module met 2.600 m<\/p>\n","protected":false},"featured_media":71967,"template":"","meta":[],"product_brand":[],"product_cat":[74,1885,87],"product_tag":[],"class_list":{"0":"post-71966","1":"product","2":"type-product","3":"status-publish","4":"has-post-thumbnail","6":"product_cat-optiek","7":"product_cat-warmtebeeld","8":"product_cat-warmtebeeld-nachtzicht","10":"first","11":"instock","12":"taxable","13":"shipping-taxable","14":"purchasable","15":"product-type-simple"},"_links":{"self":[{"href":"https:\/\/wapenhandelcolenbrander.nl\/de\/wp-json\/wp\/v2\/product\/71966","targetHints":{"allow":["GET"]}}],"collection":[{"href":"https:\/\/wapenhandelcolenbrander.nl\/de\/wp-json\/wp\/v2\/product"}],"about":[{"href":"https:\/\/wapenhandelcolenbrander.nl\/de\/wp-json\/wp\/v2\/types\/product"}],"version-history":[{"count":3,"href":"https:\/\/wapenhandelcolenbrander.nl\/de\/wp-json\/wp\/v2\/product\/71966\/revisions"}],"predecessor-version":[{"id":78667,"href":"https:\/\/wapenhandelcolenbrander.nl\/de\/wp-json\/wp\/v2\/product\/71966\/revisions\/78667"}],"wp:featuredmedia":[{"embeddable":true,"href":"https:\/\/wapenhandelcolenbrander.nl\/de\/wp-json\/wp\/v2\/media\/71967"}],"wp:attachment":[{"href":"https:\/\/wapenhandelcolenbrander.nl\/de\/wp-json\/wp\/v2\/media?parent=71966"}],"wp:term":[{"taxonomy":"product_brand","embeddable":true,"href":"https:\/\/wapenhandelcolenbrander.nl\/de\/wp-json\/wp\/v2\/product_brand?post=71966"},{"taxonomy":"product_cat","embeddable":true,"href":"https:\/\/wapenhandelcolenbrander.nl\/de\/wp-json\/wp\/v2\/product_cat?post=71966"},{"taxonomy":"product_tag","embeddable":true,"href":"https:\/\/wapenhandelcolenbrander.nl\/de\/wp-json\/wp\/v2\/product_tag?post=71966"}],"curies":[{"name":"wp","href":"https:\/\/api.w.org\/{rel}","templated":true}]}}