{"id":67678,"date":"2025-07-14T13:17:28","date_gmt":"2025-07-14T11:17:28","guid":{"rendered":"https:\/\/wapenhandelcolenbrander.nl\/?post_type=product&#038;p=67678"},"modified":"2026-04-03T14:50:24","modified_gmt":"2026-04-03T12:50:24","slug":"fx-wildcat-mk3-bt-vp","status":"publish","type":"product","link":"https:\/\/wapenhandelcolenbrander.nl\/de\/produkt\/fx-wildcat-mk3-bt-vp\/","title":{"rendered":"FX Wildcat MK3 BT VP"},"content":{"rendered":"<p><strong>De FX Wildcat MK3 BT VP!<\/strong><\/p>\n<p>De FX Wildcat MK3 BT VP (Valued Price) is uitgevoerd met een regulator en een gemakkelijk te laden magazijn. Deze BT uitvoering wordt geleverd met een hoge kwaliteit, aluminium persluchtcilinder van 400 cc, en ook een 600 mm loop. De spanhendel is gemaakt van hoogwaardig aluminium om de bediening en de werking zo soepel mogelijk te houden. Doordat de spanhendel verder naar voren is geplaatst is de bediening een stuk aangenamer en eenvoudiger dan andere bullpups.<\/p>\n<p>De actie is gevestigd in een duurzame synthetische kolf, die voorzien is van een soft coating voor uitstekende grip. De positie van de montagerail zorgt voor een comfortabele houding achter de richtkijker en voorkomt parallax fouten.<\/p>\n<h4>Meer over de <strong>FX Wildcat MK3 BT VP<\/strong><\/h4>\n<p>De FX Wildcat MK3 BT VP is uitgerust met een Superior Smooth Twist X loop, die bestaat uit een loop met uitwisselbare liners. Deze liners zijn leverbaar in meerdere kalibers, verschillende spoed en lengte, en zijn eenvoudig en snel te verwisselen. De Superior STX liner is aan de binnenkant over de gehele lengte voorzien van trekken en velden die vanaf de buitenkant zijn aangebracht.<br \/>\nDe liners zijn ideaal om uw geweer aan te passen naar uw eigen situatie, waar een bepaalde lichte of zware pellet met een standaard spoed niet optimaal groepeert kunt u het geheel finetunen door een andere liner te plaatsen.<img loading=\"lazy\" decoding=\"async\" class=\"alignright\" src=\"https:\/\/www.krale.shop\/media\/catalog\/product\/cache\/c3077125627ae237cf5a67567c9733e4\/f\/x\/fx-wildcat-mkiii-bt-vp-_4_.jpg\" alt=\"FX Wildcat MKIII BT VP -3\" width=\"347\" height=\"248\" \/><\/p>\n<p>Een ander fraaie eigenschap is het grote formaat van de plenum en de luchtklep, wat zorgt voor een sterke luchtdoorstroom. De FX Wildcat MK3 BT VP is voorzien van een nieuwe power adjuster aan de achterkant, waarmee zowel grove als fijne afstellingen gedaan kunnen worden. Er zijn zeven basisinstellingen en in positie 8 komt er een gat vrij waarin een inbussleutel gestoken kan worden om de voorspanning van de hamerveer exact naar eigen wens in te kunnen stellen, om zo een perfecte balans te cre\u00ebren in samenhang met de afstelling van de extern verstelbare AMP regulator. Deze gecombineerde stelmogelijkheden geven u de mogelijkheid om voor ieder gewenst kaliber de optimale krachtsafstelling te vinden.<\/p>\n<p>Ook maakt de FX Wildcat MK3 BT VP gebruik van het FX SideShot magazijn, een verstelbare 2-stage trekker, en twee manometers, \u00e9\u00e9n voor de persluchtcilinder en \u00e9\u00e9n voor de regulator. Standaard is de FX Wildcat MK3 BT VP voorzien van een loopmantel en wij leveren hem inclusief Weaver\/Picatinny montagerail.<\/p>\n<p>Dit luchtwapen wordt geleverd in een gemiddelde staat qua tuning, zodat hij universeel bruikbaar is. De in de specificaties opgegeven waarden zijn hoger en lager instelbaar door gebruik te maken van de diverse stelmogelijkheden op het wapen.<\/p>\n<h4 class=\"additional-info-group-name\">Specificaties van de <strong>FX Wildcat MK3 BT VP<\/strong><\/h4>\n<table class=\"data table additional-attributes\">\n<caption class=\"table-caption\">Specificaties<\/caption>\n<tbody class=\"-has-tooltips\">\n<tr>\n<td class=\"col label \" scope=\"row\">Merk<\/td>\n<td class=\"col data\" data-td=\"Merk\"><a href=\"https:\/\/www.fxairguns.com\/\" target=\"_blank\" rel=\"noopener\">FX Airguns | High-Performance Precision Rifles<\/a><\/td>\n<\/tr>\n<tr>\n<td class=\"col label \" scope=\"row\">Serie<\/td>\n<td class=\"col data\" data-td=\"Serie\">FX Wildcat<\/td>\n<\/tr>\n<tr>\n<td class=\"col label -has-tooltip\" scope=\"row\">Productstatus<\/td>\n<td class=\"col data\" data-td=\"Productstatus\">Nieuw<\/td>\n<\/tr>\n<tr>\n<td class=\"col label -has-tooltip\" scope=\"row\">Kaliber<\/td>\n<td class=\"col data\" data-td=\"Kaliber\">5.5 mm \/ .22, 6.35 mm \/ .25, 7.62 mm \/ .30<\/td>\n<\/tr>\n<tr>\n<td class=\"col label -has-tooltip\" scope=\"row\">Krachtbron<\/td>\n<td class=\"col data\" data-td=\"Krachtbron\">Perslucht<\/td>\n<\/tr>\n<tr>\n<td class=\"col label \" scope=\"row\">Cilinderinhoud (cm\u00b3)<\/td>\n<td class=\"col data\" data-td=\"Cilinderinhoud (cm\u00b3)\">400<\/td>\n<\/tr>\n<tr>\n<td class=\"col label -has-tooltip\" scope=\"row\">Vuldruk (bar \/ psi)<\/td>\n<td class=\"col data\" data-td=\"Vuldruk (bar \/ psi)\">230 \/ 3336<\/td>\n<\/tr>\n<tr>\n<td class=\"col label \" scope=\"row\">Gereguleerd<\/td>\n<td class=\"col data\" data-td=\"Gereguleerd\">Ja<\/td>\n<\/tr>\n<tr>\n<td class=\"col label -has-tooltip\" scope=\"row\">Energie (Joule)<\/td>\n<td class=\"col data\" data-td=\"Energie (Joule)\">40, 60, 105<\/td>\n<\/tr>\n<tr>\n<td class=\"col label -has-tooltip\" scope=\"row\">Spansysteem<\/td>\n<td class=\"col data\" data-td=\"Spansysteem\">Zijhevel<\/td>\n<\/tr>\n<tr>\n<td class=\"col label -has-tooltip\" scope=\"row\">Magazijncapaciteit<\/td>\n<td class=\"col data\" data-td=\"Magazijncapaciteit\">13, 16, 18<\/td>\n<\/tr>\n<tr>\n<td class=\"col label \" scope=\"row\">Gewicht (gram)<\/td>\n<td class=\"col data\" data-td=\"Gewicht (gram)\">3000<\/td>\n<\/tr>\n<tr>\n<td class=\"col label \" scope=\"row\">Looplengte (mm)<\/td>\n<td class=\"col data\" data-td=\"Looplengte (mm)\">600<\/td>\n<\/tr>\n<tr>\n<td class=\"col label \" scope=\"row\">Totale lengte (mm)<\/td>\n<td class=\"col data\" data-td=\"Totale lengte (mm)\">790<\/td>\n<\/tr>\n<tr>\n<td class=\"col label \" scope=\"row\">Inclusief richtkijker<\/td>\n<td class=\"col data\" data-td=\"Inclusief richtkijker\">Nee<\/td>\n<\/tr>\n<tr>\n<td class=\"col label -has-tooltip\" scope=\"row\">Montagerail type<\/td>\n<td class=\"col data\" data-td=\"Montagerail type\">Weaver \/ Picatinny<\/td>\n<\/tr>\n<tr>\n<td class=\"col label -has-tooltip\" scope=\"row\">Kolf<\/td>\n<td class=\"col data\" data-td=\"Kolf\">Universeel<\/td>\n<\/tr>\n<tr>\n<td class=\"col label \" scope=\"row\">Kolf materiaal<\/td>\n<td class=\"col data\" data-td=\"Kolf materiaal\">Synthetisch<\/td>\n<\/tr>\n<tr>\n<td class=\"col label -has-tooltip\" scope=\"row\">Vizier<\/td>\n<td class=\"col data\" data-td=\"Vizier\">Geen vizierlijn<\/td>\n<\/tr>\n<tr>\n<td class=\"col label -has-tooltip\" scope=\"row\">Extra&#8217;s<\/td>\n<td class=\"col data\" data-td=\"Extra's\">Vulnippel, Magazijn<\/td>\n<\/tr>\n<\/tbody>\n<\/table>\n<p>Bekijk hier ook andere producten van <a href=\"https:\/\/www.fxairguns.com\/\" target=\"_blank\" rel=\"noopener\">FX Airguns | High-Performance Precision Rifles<\/a> op onze site:<br \/>\n<a href=\"https:\/\/wapenhandelcolenbrander.nl\/product-categorie\/luchtbuksen\/luchtdrukgeweren\/fx-airguns\/\">FX Airguns &#8211; Wapenhandel Colenbrander<\/a><\/p>\n<p><img loading=\"lazy\" decoding=\"async\" class=\"size-medium wp-image-78779 aligncenter\" src=\"https:\/\/wapenhandelcolenbrander.nl\/wp-content\/uploads\/2026\/03\/Logo-400x123.webp\" alt=\"\" width=\"400\" height=\"123\" srcset=\"https:\/\/wapenhandelcolenbrander.nl\/wp-content\/uploads\/2026\/03\/Logo-400x123.webp 400w, https:\/\/wapenhandelcolenbrander.nl\/wp-content\/uploads\/2026\/03\/Logo-500x154.webp 500w, https:\/\/wapenhandelcolenbrander.nl\/wp-content\/uploads\/2026\/03\/Logo.webp 800w, https:\/\/wapenhandelcolenbrander.nl\/wp-content\/uploads\/2026\/03\/Logo-768x236.webp 768w, https:\/\/wapenhandelcolenbrander.nl\/wp-content\/uploads\/2026\/03\/Logo-600x184.webp 600w\" sizes=\"auto, (max-width: 400px) 100vw, 400px\" \/><\/p>\n","protected":false},"excerpt":{"rendered":"<p><strong>De FX Wildcat MK3 BT VP wordt uitsluitend geleverd aan personen boven de 18 jaar! Levering na ontvangst geldig legitimatiebewijs (ID kaart of paspoort) via webshop@wapenhandelcolenbrander.nl<\/strong><\/p>\n","protected":false},"featured_media":73911,"template":"","meta":{"_monsterinsights_skip_tracking":false,"_monsterinsights_sitenote_active":false,"_monsterinsights_sitenote_note":"","_monsterinsights_sitenote_category":0},"product_brand":[],"product_cat":[72,157,76],"product_tag":[],"class_list":{"0":"post-67678","1":"product","2":"type-product","3":"status-publish","4":"has-post-thumbnail","6":"product_cat-luchtbuksen","7":"product_cat-fx-airguns","8":"product_cat-luchtdrukgeweren","10":"first","11":"instock","12":"taxable","13":"shipping-taxable","14":"purchasable","15":"product-type-variable"},"_links":{"self":[{"href":"https:\/\/wapenhandelcolenbrander.nl\/de\/wp-json\/wp\/v2\/product\/67678","targetHints":{"allow":["GET"]}}],"collection":[{"href":"https:\/\/wapenhandelcolenbrander.nl\/de\/wp-json\/wp\/v2\/product"}],"about":[{"href":"https:\/\/wapenhandelcolenbrander.nl\/de\/wp-json\/wp\/v2\/types\/product"}],"version-history":[{"count":5,"href":"https:\/\/wapenhandelcolenbrander.nl\/de\/wp-json\/wp\/v2\/product\/67678\/revisions"}],"predecessor-version":[{"id":78880,"href":"https:\/\/wapenhandelcolenbrander.nl\/de\/wp-json\/wp\/v2\/product\/67678\/revisions\/78880"}],"wp:featuredmedia":[{"embeddable":true,"href":"https:\/\/wapenhandelcolenbrander.nl\/de\/wp-json\/wp\/v2\/media\/73911"}],"wp:attachment":[{"href":"https:\/\/wapenhandelcolenbrander.nl\/de\/wp-json\/wp\/v2\/media?parent=67678"}],"wp:term":[{"taxonomy":"product_brand","embeddable":true,"href":"https:\/\/wapenhandelcolenbrander.nl\/de\/wp-json\/wp\/v2\/product_brand?post=67678"},{"taxonomy":"product_cat","embeddable":true,"href":"https:\/\/wapenhandelcolenbrander.nl\/de\/wp-json\/wp\/v2\/product_cat?post=67678"},{"taxonomy":"product_tag","embeddable":true,"href":"https:\/\/wapenhandelcolenbrander.nl\/de\/wp-json\/wp\/v2\/product_tag?post=67678"}],"curies":[{"name":"wp","href":"https:\/\/api.w.org\/{rel}","templated":true}]}}