{"id":66792,"date":"2025-06-25T15:14:30","date_gmt":"2025-06-25T13:14:30","guid":{"rendered":"https:\/\/wapenhandelcolenbrander.nl\/product\/target-sports-heavy-duty-schiesskoffer-14x14cm-geschossfang-bis-zu-100-joule\/"},"modified":"2026-02-04T12:17:58","modified_gmt":"2026-02-04T10:17:58","slug":"target-sports-heavy-duty-schiesskoffer-14x14cm-geschossfang-bis-zu-100-joule","status":"publish","type":"product","link":"https:\/\/wapenhandelcolenbrander.nl\/de\/produkt\/target-sports-heavy-duty-schiesskoffer-14x14cm-geschossfang-bis-zu-100-joule\/","title":{"rendered":"Target Sports Heavy Duty Schie\u00dfkoffer 14x14cm, Geschossfang bis zu 100 Joule"},"content":{"rendered":"<p>Target Sports Heavy Duty Schie\u00dfkoffer 14x14cm, Geschossfang bis 100 Joule<\/p>\n<p>14x14cm Geschossfang 3 mm, Gewicht 2 kg.<\/p>\n<p>Ein etwas robusterer Schie\u00dfkoffer, der etwas stabilere W\u00e4nde hat, um auch Gewehre mit etwas mehr &#8216;Power&#8217; bis zu 100 Joule zu bew\u00e4ltigen.<\/p>\n","protected":false},"excerpt":{"rendered":"<p>Target Sports Heavy Duty Schie\u00dfkoffer 14x14cm, Geschossfang bis 100 Joule 14x14cm Geschossfang 3 mm, Gewicht 2 kg. Ein etwas robusterer<\/p>\n","protected":false},"featured_media":31602,"template":"","meta":{"_monsterinsights_skip_tracking":false,"_monsterinsights_sitenote_active":false,"_monsterinsights_sitenote_note":"","_monsterinsights_sitenote_category":0},"product_brand":[],"product_cat":[817,949,940],"product_tag":[],"class_list":{"0":"post-66792","1":"product","2":"type-product","3":"status-publish","4":"has-post-thumbnail","6":"product_cat-luftgewehre","7":"product_cat-schieskarten-und-ziele","8":"product_cat-zubehor-und-teile","10":"first","11":"outofstock","12":"taxable","13":"shipping-taxable","14":"purchasable","15":"product-type-simple"},"_links":{"self":[{"href":"https:\/\/wapenhandelcolenbrander.nl\/de\/wp-json\/wp\/v2\/product\/66792","targetHints":{"allow":["GET"]}}],"collection":[{"href":"https:\/\/wapenhandelcolenbrander.nl\/de\/wp-json\/wp\/v2\/product"}],"about":[{"href":"https:\/\/wapenhandelcolenbrander.nl\/de\/wp-json\/wp\/v2\/types\/product"}],"version-history":[{"count":0,"href":"https:\/\/wapenhandelcolenbrander.nl\/de\/wp-json\/wp\/v2\/product\/66792\/revisions"}],"wp:featuredmedia":[{"embeddable":true,"href":"https:\/\/wapenhandelcolenbrander.nl\/de\/wp-json\/wp\/v2\/media\/31602"}],"wp:attachment":[{"href":"https:\/\/wapenhandelcolenbrander.nl\/de\/wp-json\/wp\/v2\/media?parent=66792"}],"wp:term":[{"taxonomy":"product_brand","embeddable":true,"href":"https:\/\/wapenhandelcolenbrander.nl\/de\/wp-json\/wp\/v2\/product_brand?post=66792"},{"taxonomy":"product_cat","embeddable":true,"href":"https:\/\/wapenhandelcolenbrander.nl\/de\/wp-json\/wp\/v2\/product_cat?post=66792"},{"taxonomy":"product_tag","embeddable":true,"href":"https:\/\/wapenhandelcolenbrander.nl\/de\/wp-json\/wp\/v2\/product_tag?post=66792"}],"curies":[{"name":"wp","href":"https:\/\/api.w.org\/{rel}","templated":true}]}}