{"id":61302,"date":"2024-12-04T16:28:19","date_gmt":"2024-12-04T14:28:19","guid":{"rendered":"https:\/\/wapenhandelcolenbrander.nl\/product\/hikmicro-stellar-3-0-sh35l-waermebildgeraet\/"},"modified":"2026-02-07T11:54:14","modified_gmt":"2026-02-07T09:54:14","slug":"hikmicro-stellar-3-0-sh35l-waermebildgeraet","status":"publish","type":"product","link":"https:\/\/wapenhandelcolenbrander.nl\/de\/produkt\/hikmicro-stellar-3-0-sh35l-waermebildgeraet\/","title":{"rendered":"Hikmicro Stellar 3.0 SH35L W\u00e4rmebildger\u00e4t"},"content":{"rendered":"<div class=\"data-item-content-title\">Beschreibung des Produkts<\/div>\n<div class=\"product attribute description\">\n<div class=\"value\">\n<div data-content-type=\"row\" data-appearance=\"contained\" data-element=\"main\">\n<div data-enable-parallax=\"0\" data-parallax-speed=\"0.5\" data-background-images=\"{}\" data-background-type=\"image\" data-video-loop=\"true\" data-video-play-only-visible=\"true\" data-video-lazy-load=\"true\" data-video-fallback-src=\"\" data-element=\"inner\" data-pb-style=\"V1AU84N\">\n<div data-content-type=\"text\" data-appearance=\"default\" data-element=\"main\">\n<p>Dieses HikMicro Stellar 3.0 SH35L W\u00e4rmebildfernrohr hat eine beeindruckende NETD (W\u00e4rmeempfindlichkeit) von nur 15 mK. Dadurch registriert es selbst die kleinsten Temperaturunterschiede und zeigt sie deutlich auf dem Display an. Das W\u00e4rmebildger\u00e4t verf\u00fcgt \u00fcber ein OLED-Display mit einer Aufl\u00f6sung von 2560&#215;2560 Pixeln und einer fl\u00fcssigen Bildwiederholrate von 50 Hz. Dies stellt sicher, dass alle Bilder fl\u00fcssig angezeigt werden und erm\u00f6glicht eine komfortable Beobachtung. Das Stellar 3.0 verwendet einen W\u00e4rmebildsensor mit einer Aufl\u00f6sung von 384&#215;288 Pixeln und einem Pixelabstand von 12 \u00b5m. Das W\u00e4rmebildfernrohr hat einen Objektivdurchmesser von 35 mm.     <\/p>\n<p>Die aufgenommenen Bilder k\u00f6nnen in verschiedenen Farbmodi angezeigt werden, was eine einfache Beobachtung unter verschiedenen Bedingungen erm\u00f6glicht. Die HikMicro Stellar 3.0 SH35L verf\u00fcgt \u00fcber die folgenden Farbmodi: <\/p>\n<p>&#8211; Schwarz hei\u00df<br \/>\n&#8211; Wei\u00df hei\u00df<br \/>\n&#8211; Rot hei\u00df<br \/>\n&#8211; Fusion<br \/>\n&#8211; Rot monochrom<br \/>\n&#8211; Gr\u00fcn monochrom<\/p>\n<p>Der PIP (Picture-in-Picture)-Modus erweitert ebenfalls die M\u00f6glichkeiten der Beobachtung. Der Stellar 3.0 bietet eine minimale optische Vergr\u00f6\u00dferung von 4,2x und einen digitalen Zoom von 2x, 3x, 4x, 5x und 6x. Mit dem 6-fachen Digitalzoom kann eine maximale Vergr\u00f6\u00dferung von 24,2-fach erreicht werden. Mit dem PIP-Modus k\u00f6nnen Sie diese beeindruckende Vergr\u00f6\u00dferung nutzen, ohne den \u00dcberblick zu verlieren. Das HikMicro Stellar 3.0 SH35L W\u00e4rmebildfernrohr hat ein ordentliches Sichtfeld von 13,1&#215;10,0 Metern.    <\/p>\n<p>W\u00e4hrend der Beobachtung k\u00f6nnen Sie mit diesem W\u00e4rmebildfernrohr Fotos und Videos mit Ton aufnehmen. Dies kann manuell geschehen, aber das Stellar 3.0 verf\u00fcgt auch \u00fcber eine sogenannte R\u00fccksto\u00dfaktivierungsfunktion, die automatisch ein Video aufnimmt, sobald ein R\u00fccksto\u00df erkannt wird. Alle Fotos und Videos werden auf dem 64 GB gro\u00dfen internen Speicher gespeichert. Dar\u00fcber hinaus verf\u00fcgt das HikMicro Stellar 3.0 SH35L W\u00e4rmebildger\u00e4t \u00fcber eine Hotspot-Funktion, die es erm\u00f6glicht, Dateien mit einem Smartphone auszutauschen und die Daten des W\u00e4rmebildger\u00e4ts \u00fcber Wi-Fi live zu \u00fcbertragen. Es ist auch m\u00f6glich, die Firmware des W\u00e4rmebildger\u00e4ts auf diese Weise zu aktualisieren.    <\/p>\n<p>\u00c4u\u00dferlich sieht das Stellar 3.0 W\u00e4rmebild-Zielfernrohr relativ traditionell aus und hat das Design eines herk\u00f6mmlichen Zielfernrohrs. Dadurch sieht es wie ein gew\u00f6hnliches Zielfernrohr aus, erm\u00f6glicht Ihnen aber dennoch, die besonders n\u00fctzlichen Funktionen zu nutzen, die dieses W\u00e4rmebildzielfernrohr zu bieten hat. Das einzige Teil, bei dem das traditionelle Design nicht ganz stimmt, ist der Entfernungsmesser (LRF, oder Laserentfernungsmesser) oben auf dem Objektiv, der eine Reichweite von 1.000 Metern hat. Der Entfernungsmesser speist die gemessene Entfernung direkt in den internen ballistischen Rechner ein und sorgt so f\u00fcr einen viel saubereren Schuss. Das W\u00e4rmebildfernrohr Stellar 3.0 SH35L von HikMicro verwendet zwei interne wiederaufladbare Lithium-Batterien und eine wiederaufladbare und austauschbare 18650er Batterie. Dadurch kann das W\u00e4rmebildger\u00e4t bis zu neun Stunden am St\u00fcck verwendet werden, bevor es wieder aufgeladen werden muss.     <\/p>\n<p>Das HikMicro Stellar 3.0 SH35L W\u00e4rmebildfernrohr hat ein robustes Geh\u00e4use aus Aluminium und wiegt 830 Gramm ohne den externen 18650er Akku. Es ist nach IP67 wasserdicht, d.h. vollst\u00e4ndig staubdicht, und kann bis zu 30 Minuten lang bis zu einer Tiefe von einem Meter in Wasser getaucht werden. Das W\u00e4rmebildfernrohr hat einen Rohrdurchmesser von 30 mm und l\u00e4sst sich daher leicht montieren.  <\/p>\n<\/div>\n<h4 class=\"additional-info-group-name\">Spezifikationen<\/h4>\n<table class=\"data table additional-attributes\">\n<caption class=\"table-caption\">Spezifikationen<\/caption>\n<tbody class=\"-has-tooltips\">\n<tr>\n<td class=\"col label \" scope=\"row\">Marke<\/td>\n<td class=\"col data\" data-td=\"Merk\">HikMicro<\/td>\n<\/tr>\n<tr>\n<td class=\"col label -has-tooltip\" scope=\"row\"><span class=\"tooltip amshopby-tooltip\" title=\"Ein eindeutiger Code, der einem Produkt vom Hersteller zur einfachen Identifizierung zugewiesen wird.\"><span class=\"tooltip-icon\">i<\/span><\/span>Produkt-Code<\/td>\n<td class=\"col data\" data-td=\"Productcode\">SH35L 3.0<\/td>\n<\/tr>\n<tr>\n<td class=\"col label \" scope=\"row\">Typ<\/td>\n<td class=\"col data\" data-td=\"Type\">Umfang<\/td>\n<\/tr>\n<tr>\n<td class=\"col label -has-tooltip\" scope=\"row\"><span class=\"tooltip amshopby-tooltip\" title=\"Wie detailliert das W\u00e4rmebild ist, h\u00e4ngt von der Aufl\u00f6sung des Sensors ab. Ein hochaufl\u00f6sender Sensor (Mikrobolometer) erfasst mehr Details und liefert sch\u00e4rfere Ansichten.\"><span class=\"tooltip-icon\">i<\/span><\/span>Sensoraufl\u00f6sung (Pixel)<\/td>\n<td class=\"col data\" data-td=\"Sensorresolutie (pixels)\">384&#215;288<\/td>\n<\/tr>\n<tr>\n<td class=\"col label -has-tooltip\" scope=\"row\"><span class=\"tooltip amshopby-tooltip\" title=\"Der Abstand zwischen Pixeln (ein einzelner Punkt auf dem Display, der die Farbe \u00e4ndern kann), gemessen in \u00b5m (Mikrometer, 1\/1000 Millimeter). Ein geringerer Abstand sorgt f\u00fcr ein sch\u00e4rferes Bild.\"><span class=\"tooltip-icon\">i<\/span><\/span>Pixelabstand (\u00b5m)<\/td>\n<td class=\"col data\" data-td=\"Pixel pitch (\u00b5m)\">12<\/td>\n<\/tr>\n<tr>\n<td class=\"col label -has-tooltip\" scope=\"row\"><span class=\"tooltip amshopby-tooltip\" title=\"Rausch\u00e4quivalente Temperaturdifferenz, gemessen in mK (Milli-Kelvin). Ein niedrigerer Wert bedeutet, dass der Sensor besser zwischen Temperaturunterschieden unterscheiden kann (thermischer Kontrast) und daher bessere Renderings liefert.\"><span class=\"tooltip-icon\">i<\/span><\/span>Thermische Empfindlichkeit (NETD mK)<\/td>\n<td class=\"col data\" data-td=\"Thermische gevoeligheid (NETD mK)\">\u226415<\/td>\n<\/tr>\n<tr>\n<td class=\"col label -has-tooltip\" scope=\"row\"><span class=\"tooltip amshopby-tooltip\" title=\"Der gesamte Vergr\u00f6\u00dferungsbereich des Produkts.\"><span class=\"tooltip-icon\">i<\/span><\/span>Optische Vergr\u00f6\u00dferung<\/td>\n<td class=\"col data\" data-td=\"Optische vergroting\">4.2x<\/td>\n<\/tr>\n<tr>\n<td class=\"col label \" scope=\"row\">Digitale Vergr\u00f6\u00dferung<\/td>\n<td class=\"col data\" data-td=\"Digitale vergroting\">2x, 3x, 4x, 5x, 6x<\/td>\n<\/tr>\n<tr>\n<td class=\"col label -has-tooltip\" scope=\"row\"><span class=\"tooltip amshopby-tooltip\" title=\"Der Durchmesser des Objektivs oder der Objektivlinse (der Teil, der zum Ziel zeigt) in Millimetern. Eine gr\u00f6\u00dfere Objektivlinse l\u00e4sst mehr Licht durch, was eine sch\u00e4rfere und detailliertere Sicht erm\u00f6glicht, aber auch dazu f\u00fchrt, dass die Zieleinrichtung h\u00f6her \u00fcber dem Lauf liegt.\"><span class=\"tooltip-icon\">i<\/span><\/span>Durchmesser des Objektivs (mm)<\/td>\n<td class=\"col data\" data-td=\"Objectief diameter (mm)\">35<\/td>\n<\/tr>\n<tr>\n<td class=\"col label -has-tooltip\" scope=\"row\"><span class=\"tooltip amshopby-tooltip\" title=\"Der Durchmesser des Rohrs (der schmalste Teil) des Produkts. Ein gr\u00f6\u00dferer Durchmesser bietet mehr Festigkeit und einen gr\u00f6\u00dferen horizontalen (und vertikalen) Verstellbereich, der f\u00fcr gro\u00dfe Entfernungen notwendig ist. Die Gr\u00f6\u00dfe der Montageringe h\u00e4ngt ebenfalls vom Rohrdurchmesser ab.\"><span class=\"tooltip-icon\">i<\/span><\/span>Rohrdurchmesser (mm)<\/td>\n<td class=\"col data\" data-td=\"Buisdiameter (mm)\">30<\/td>\n<\/tr>\n<tr>\n<td class=\"col label -has-tooltip\" scope=\"row\"><span class=\"tooltip amshopby-tooltip\" title=\"Die Art des Drahtkreuzes ist beim Blick durch das Produkt sichtbar.\"><span class=\"tooltip-icon\">i<\/span><\/span>Drahtkreuz<\/td>\n<td class=\"col data\" data-td=\"Draadkruis\">Ja<\/td>\n<\/tr>\n<tr>\n<td class=\"col label -has-tooltip\" scope=\"row\"><span class=\"tooltip amshopby-tooltip\" title=\"Bei der Parallaxeneinstellung wird der Fokuspunkt verschoben. Fokussieren. Dies kann mit einem Einstellrad an der Seite oder mit einer drehbaren Linse erfolgen.\"><span class=\"tooltip-icon\">i<\/span><\/span>Fokus<\/td>\n<td class=\"col data\" data-td=\"Scherpstelling\">Einstellbares Objektiv<\/td>\n<\/tr>\n<tr>\n<td class=\"col label \" scope=\"row\">Display-Typ<\/td>\n<td class=\"col data\" data-td=\"Display type\">OLED<\/td>\n<\/tr>\n<tr>\n<td class=\"col label -has-tooltip\" scope=\"row\"><span class=\"tooltip amshopby-tooltip\" title=\"Die Anzahl der horizontalen und vertikalen Pixel (einzelne Lichtpunkte, die ihre Farbe \u00e4ndern k\u00f6nnen) eines Bildschirms. Ein Bildschirm mit h\u00f6herer Aufl\u00f6sung hat mehr Pixel, wodurch er ein sch\u00e4rferes Bild anzeigen kann.\"><span class=\"tooltip-icon\">i<\/span><\/span>Display-Aufl\u00f6sung<\/td>\n<td class=\"col data\" data-td=\"Display resolutie\">2560&#215;2560<\/td>\n<\/tr>\n<tr>\n<td class=\"col label -has-tooltip\" scope=\"row\"><span class=\"tooltip amshopby-tooltip\" title=\"Die Anzahl der Bilder pro Sekunde, die ein Bildschirm erzeugen kann. Eine h\u00f6here Anzahl von Bildern pro Sekunde gew\u00e4hrleistet eine fl\u00fcssigere Anzeige.\"><span class=\"tooltip-icon\">i<\/span><\/span>Bildfrequenz (Hz)<\/td>\n<td class=\"col data\" data-td=\"Beeldsnelheid (Hz)\">50<\/td>\n<\/tr>\n<tr>\n<td class=\"col label -has-tooltip\" scope=\"row\"><span class=\"tooltip amshopby-tooltip\" title=\"Mit einer Streaming-Funktion kann das Bild \u00fcber eine drahtlose Verbindung auf einem anderen Ger\u00e4t mit einem Display angezeigt werden. Zum Beispiel auf einem Smartphone oder Tablet.\"><span class=\"tooltip-icon\">i<\/span><\/span>Streaming-Funktion<\/td>\n<td class=\"col data\" data-td=\"Streamfunctie\">Ja<\/td>\n<\/tr>\n<tr>\n<td class=\"col label \" scope=\"row\">Akku-Typ<\/td>\n<td class=\"col data\" data-td=\"Batterij type\">18650<\/td>\n<\/tr>\n<tr>\n<td class=\"col label \" scope=\"row\">Lebensdauer der Batterie<\/td>\n<td class=\"col data\" data-td=\"Batterijduur\">9 Stunden<\/td>\n<\/tr>\n<tr>\n<td class=\"col label \" scope=\"row\">IP-Code<\/td>\n<td class=\"col data\" data-td=\"IP-code\">IP67<\/td>\n<\/tr>\n<tr>\n<td class=\"col label \" scope=\"row\">Abmessungen (mm)<\/td>\n<td class=\"col data\" data-td=\"Afmeting (mm)\">410\u00d785\u00d786.3 (L\u00d7B\u00d7H)<\/td>\n<\/tr>\n<tr>\n<td class=\"col label \" scope=\"row\">Gewicht (Gramm)<\/td>\n<td class=\"col data\" data-td=\"Gewicht (gram)\">830<\/td>\n<\/tr>\n<tr>\n<td class=\"col label -has-tooltip\" scope=\"row\"><span class=\"tooltip amshopby-tooltip\" title=\"Enth\u00e4lt das Produkt Befestigungselemente (Ringe)? Wenn ja, f\u00fcr welche Art von Montageschiene.\"><span class=\"tooltip-icon\">i<\/span><\/span>Inklusive Montageringe<\/td>\n<td class=\"col data\" data-td=\"Inclusief montageringen\">Nein<\/td>\n<\/tr>\n<tr>\n<td class=\"col label -has-tooltip\" scope=\"row\"><span class=\"tooltip amshopby-tooltip\" title=\"Mit dem Produkt geliefertes Zubeh\u00f6r.\"><span class=\"tooltip-icon\">i<\/span><\/span>Extras.<\/td>\n<td class=\"col data\" data-td=\"Extra's\">2 Batterien, Batterieladeger\u00e4t, Tragetasche, Objektivtuch, Objektivdeckel, USB-Kabel<\/td>\n<\/tr>\n<\/tbody>\n<\/table>\n<\/div>\n<\/div>\n<\/div>\n<\/div>\n","protected":false},"excerpt":{"rendered":"<p>Beschreibung des Produkts Dieses HikMicro Stellar 3.0 SH35L W\u00e4rmebildfernrohr hat eine beeindruckende NETD (W\u00e4rmeempfindlichkeit) von nur 15 mK. Dadurch registriert<\/p>\n","protected":false},"featured_media":57431,"template":"","meta":{"_monsterinsights_skip_tracking":false,"_monsterinsights_sitenote_active":false,"_monsterinsights_sitenote_note":"","_monsterinsights_sitenote_category":0},"product_brand":[],"product_cat":[2635,852,1897,853],"product_tag":[],"class_list":{"0":"post-61302","1":"product","2":"type-product","3":"status-publish","4":"has-post-thumbnail","6":"product_cat-hikmicro-de","7":"product_cat-optik","8":"product_cat-warmebild","9":"product_cat-warmebildtechnik-und-nachtsicht","11":"first","12":"outofstock","13":"taxable","14":"shipping-taxable","15":"purchasable","16":"product-type-simple"},"_links":{"self":[{"href":"https:\/\/wapenhandelcolenbrander.nl\/de\/wp-json\/wp\/v2\/product\/61302","targetHints":{"allow":["GET"]}}],"collection":[{"href":"https:\/\/wapenhandelcolenbrander.nl\/de\/wp-json\/wp\/v2\/product"}],"about":[{"href":"https:\/\/wapenhandelcolenbrander.nl\/de\/wp-json\/wp\/v2\/types\/product"}],"version-history":[{"count":0,"href":"https:\/\/wapenhandelcolenbrander.nl\/de\/wp-json\/wp\/v2\/product\/61302\/revisions"}],"wp:featuredmedia":[{"embeddable":true,"href":"https:\/\/wapenhandelcolenbrander.nl\/de\/wp-json\/wp\/v2\/media\/57431"}],"wp:attachment":[{"href":"https:\/\/wapenhandelcolenbrander.nl\/de\/wp-json\/wp\/v2\/media?parent=61302"}],"wp:term":[{"taxonomy":"product_brand","embeddable":true,"href":"https:\/\/wapenhandelcolenbrander.nl\/de\/wp-json\/wp\/v2\/product_brand?post=61302"},{"taxonomy":"product_cat","embeddable":true,"href":"https:\/\/wapenhandelcolenbrander.nl\/de\/wp-json\/wp\/v2\/product_cat?post=61302"},{"taxonomy":"product_tag","embeddable":true,"href":"https:\/\/wapenhandelcolenbrander.nl\/de\/wp-json\/wp\/v2\/product_tag?post=61302"}],"curies":[{"name":"wp","href":"https:\/\/api.w.org\/{rel}","templated":true}]}}