{"id":59250,"date":"2025-01-28T14:16:18","date_gmt":"2025-01-28T12:16:18","guid":{"rendered":"https:\/\/wapenhandelcolenbrander.nl\/?post_type=product&#038;p=59250"},"modified":"2026-02-04T12:19:17","modified_gmt":"2026-02-04T10:19:17","slug":"hn-slug-hp-25-120-stuck-div-korner-kopie-kopie","status":"publish","type":"product","link":"https:\/\/wapenhandelcolenbrander.nl\/de\/produkt\/hn-slug-hp-25-120-stuck-div-korner-kopie-kopie\/","title":{"rendered":"H&amp;N Slug HP .25 120 St\u00fcck div. K\u00f6rner (kopie) (kopie)"},"content":{"rendered":"<p>H&amp;N Geschoss HP in 6,35 mm \/ .25<\/p>\n<p>Geschosse von H&amp;N in verschiedenen Gewichtsklassen!<br \/>\nDie H&amp;N Slug HP ist eine Luftpistole, die sich durch ihre Geschossform deutlich von den \u00fcblichen Pellets unterscheidet. Sie ist f\u00fcr Hochleistungsgewehre konzipiert, die solche Geschosse pr\u00e4zise auf 50, 100 oder sogar 200 Meter entfernte Ziele schie\u00dfen k\u00f6nnen. Ein extrem g\u00fcnstiger ballistischer Koeffizient (BC) sorgt f\u00fcr eine flache Flugbahn und eine hervorragende Energieerhaltung. Die M\u00fcndungsenergie des Gewehrs sollte mindestens 40 Joule betragen, aber f\u00fcr beste Ergebnisse empfehlen wir 60 bis 90 Joule (abh\u00e4ngig vom Gewehr und dem Gewicht des Geschosses). Alle Pellets werden geschmiert, visuell inspiziert, von Hand verpackt und mit Schaumstoffpolstern f\u00fcr den Transport gesichert.<br \/>\nMunition, die weit reicht<\/p>\n","protected":false},"excerpt":{"rendered":"<p>H&amp;N Geschoss HP in 6,35 mm \/ .25 Geschosse von H&amp;N in verschiedenen Gewichtsklassen! Die H&amp;N Slug HP ist eine<\/p>\n","protected":false},"featured_media":74560,"template":"","meta":{"_monsterinsights_skip_tracking":false,"_monsterinsights_sitenote_active":false,"_monsterinsights_sitenote_note":"","_monsterinsights_sitenote_category":0},"product_brand":[],"product_cat":[817,995],"product_tag":[1113],"class_list":{"0":"post-59250","1":"product","2":"type-product","3":"status-publish","4":"has-post-thumbnail","6":"product_cat-luftgewehre","7":"product_cat-luftgewehrkugeln","8":"product_tag-luftgewehrkugeln","9":"product_shipping_class-paketversand","11":"first","12":"instock","13":"taxable","14":"shipping-taxable","15":"purchasable","16":"product-type-variable"},"_links":{"self":[{"href":"https:\/\/wapenhandelcolenbrander.nl\/de\/wp-json\/wp\/v2\/product\/59250","targetHints":{"allow":["GET"]}}],"collection":[{"href":"https:\/\/wapenhandelcolenbrander.nl\/de\/wp-json\/wp\/v2\/product"}],"about":[{"href":"https:\/\/wapenhandelcolenbrander.nl\/de\/wp-json\/wp\/v2\/types\/product"}],"version-history":[{"count":1,"href":"https:\/\/wapenhandelcolenbrander.nl\/de\/wp-json\/wp\/v2\/product\/59250\/revisions"}],"predecessor-version":[{"id":59264,"href":"https:\/\/wapenhandelcolenbrander.nl\/de\/wp-json\/wp\/v2\/product\/59250\/revisions\/59264"}],"wp:featuredmedia":[{"embeddable":true,"href":"https:\/\/wapenhandelcolenbrander.nl\/de\/wp-json\/wp\/v2\/media\/74560"}],"wp:attachment":[{"href":"https:\/\/wapenhandelcolenbrander.nl\/de\/wp-json\/wp\/v2\/media?parent=59250"}],"wp:term":[{"taxonomy":"product_brand","embeddable":true,"href":"https:\/\/wapenhandelcolenbrander.nl\/de\/wp-json\/wp\/v2\/product_brand?post=59250"},{"taxonomy":"product_cat","embeddable":true,"href":"https:\/\/wapenhandelcolenbrander.nl\/de\/wp-json\/wp\/v2\/product_cat?post=59250"},{"taxonomy":"product_tag","embeddable":true,"href":"https:\/\/wapenhandelcolenbrander.nl\/de\/wp-json\/wp\/v2\/product_tag?post=59250"}],"curies":[{"name":"wp","href":"https:\/\/api.w.org\/{rel}","templated":true}]}}