{"id":58258,"date":"2024-12-21T15:20:49","date_gmt":"2024-12-21T13:20:49","guid":{"rendered":"https:\/\/wapenhandelcolenbrander.nl\/product\/hikmicro-thunder-th35c-3-0\/"},"modified":"2026-02-07T11:55:36","modified_gmt":"2026-02-07T09:55:36","slug":"hikmicro-thunder-th35c-3-0","status":"publish","type":"product","link":"https:\/\/wapenhandelcolenbrander.nl\/de\/produkt\/hikmicro-thunder-th35c-3-0\/","title":{"rendered":"Hikmicro Thunder TH35C 3.0"},"content":{"rendered":"<p>Die Hikmicro Thunder TH35C 3.0 ist eine vielseitige W\u00e4rmebildkamera f\u00fcr den Einsatz bei schlechten Lichtverh\u00e4ltnissen und v\u00f6lliger Dunkelheit. Diese Kamera bietet eine fortschrittliche W\u00e4rmebildtechnologie, die es erm\u00f6glicht, Objekte auf gro\u00dfe Entfernungen durch W\u00e4rmeunterschiede zu erkennen, selbst durch dichte Vegetation oder bei Nebel. Das TH35C kann als Aufsteckvisier f\u00fcr ein vorhandenes Zielfernrohr oder als tragbares Monokular verwendet werden und eignet sich somit f\u00fcr verschiedene Beobachtungs- und Jagdsituationen. Es verf\u00fcgt \u00fcber einen 384&#215;288-Pixel-Sensor, der scharfe, klare Bilder liefert und vier verschiedene Farbmodi f\u00fcr eine bessere Sicht je nach Umgebung unterst\u00fctzt. Mit einer Erfassungsreichweite von bis zu 1.800 Metern bietet diese Kamera eine au\u00dfergew\u00f6hnliche Leistung auf gro\u00dfe Entfernungen. Die integrierte WiFi-Funktionalit\u00e4t erm\u00f6glicht den Bildaustausch mit anderen Ger\u00e4ten in Echtzeit. Dank ihres kompakten, robusten Designs l\u00e4sst sich die TH35C auch unter schwierigen Bedingungen einfach montieren und verwenden. <\/p>\n<ul>\n<li>Hikmicro<\/li>\n<li>TH35C 3.0<\/li>\n<li>W\u00e4rmebild der Vorderseite<\/li>\n<li>Sensoraufl\u00f6sung (Pixel) 384&#215;288<\/li>\n<li>Pixelabstand (\u00b5m) 12<\/li>\n<li>Thermische Empfindlichkeit (NETD mK) \u226415<\/li>\n<li>Optische Vergr\u00f6\u00dferung 1x<\/li>\n<li>Durchmesser des Objektivs (mm) 35<\/li>\n<li>Kein Absehen<\/li>\n<li>Display-Typ OLED<\/li>\n<li>1920*1080<\/li>\n<li>50 Hz<\/li>\n<li>6-Stunden-Akku<\/li>\n<li>IP67<\/li>\n<li>Abmessungen (mm) 143.4\u00d767.5\u00d772.9 (L\u00d7B\u00d7H)<\/li>\n<li>Gewicht (Gramm) 460<\/li>\n<\/ul>\n<p>Lieferung mit 2 Batterien, Batterieladeger\u00e4t, Tragetasche, Objektivtuch, Objektivdeckel, Werkzeug, USB-Kabel<\/p>\n<p>&nbsp;<\/p>\n","protected":false},"excerpt":{"rendered":"<p>Die Hikmicro Thunder TH35C 3.0 ist eine vielseitige W\u00e4rmebildkamera f\u00fcr den Einsatz bei schlechten Lichtverh\u00e4ltnissen und v\u00f6lliger Dunkelheit. Diese Kamera<\/p>\n","protected":false},"featured_media":58005,"template":"","meta":[],"product_brand":[],"product_cat":[852,1897,853],"product_tag":[1980],"class_list":{"0":"post-58258","1":"product","2":"type-product","3":"status-publish","4":"has-post-thumbnail","6":"product_cat-optik","7":"product_cat-warmebild","8":"product_cat-warmebildtechnik-und-nachtsicht","9":"product_tag-warmebild","11":"first","12":"instock","13":"sale","14":"taxable","15":"shipping-taxable","16":"purchasable","17":"product-type-simple"},"_links":{"self":[{"href":"https:\/\/wapenhandelcolenbrander.nl\/de\/wp-json\/wp\/v2\/product\/58258","targetHints":{"allow":["GET"]}}],"collection":[{"href":"https:\/\/wapenhandelcolenbrander.nl\/de\/wp-json\/wp\/v2\/product"}],"about":[{"href":"https:\/\/wapenhandelcolenbrander.nl\/de\/wp-json\/wp\/v2\/types\/product"}],"version-history":[{"count":0,"href":"https:\/\/wapenhandelcolenbrander.nl\/de\/wp-json\/wp\/v2\/product\/58258\/revisions"}],"wp:featuredmedia":[{"embeddable":true,"href":"https:\/\/wapenhandelcolenbrander.nl\/de\/wp-json\/wp\/v2\/media\/58005"}],"wp:attachment":[{"href":"https:\/\/wapenhandelcolenbrander.nl\/de\/wp-json\/wp\/v2\/media?parent=58258"}],"wp:term":[{"taxonomy":"product_brand","embeddable":true,"href":"https:\/\/wapenhandelcolenbrander.nl\/de\/wp-json\/wp\/v2\/product_brand?post=58258"},{"taxonomy":"product_cat","embeddable":true,"href":"https:\/\/wapenhandelcolenbrander.nl\/de\/wp-json\/wp\/v2\/product_cat?post=58258"},{"taxonomy":"product_tag","embeddable":true,"href":"https:\/\/wapenhandelcolenbrander.nl\/de\/wp-json\/wp\/v2\/product_tag?post=58258"}],"curies":[{"name":"wp","href":"https:\/\/api.w.org\/{rel}","templated":true}]}}