{"id":56427,"date":"2024-10-25T17:01:43","date_gmt":"2024-10-25T15:01:43","guid":{"rendered":"https:\/\/wapenhandelcolenbrander.nl\/product\/hikmicro-thunder-3-0-tq50c\/"},"modified":"2026-02-07T11:56:36","modified_gmt":"2026-02-07T09:56:36","slug":"hikmicro-thunder-3-0-tq50c","status":"publish","type":"product","link":"https:\/\/wapenhandelcolenbrander.nl\/de\/produkt\/hikmicro-thunder-3-0-tq50c\/","title":{"rendered":"Hikmicro Thunder 3.0 TQ50C"},"content":{"rendered":"<p> &lt;<\/p>\n<p>Hikmicro Thunder 3.0 TQ50C Handgehaltene W\u00e4rmebildkamera. VOx UFPA 640&#215;512 Pixel, Pixelabstand 12 \u00b5m, NETD 18mk, 50mm Objektiv Stream in maximaler Aufl\u00f6sung bei 50fps, HSIS Shutterless Calibrating Technology. Unterst\u00fctzt WiFi, Integriertes G Speichermodul, 0.49&#8221;<br \/>\nOLED-Bildschirm 1920 x 1080, zwei austauschbare Batterien, bis zu h Betriebszeit, IP67, Betriebstemperatur: -20~55?<\/p>\n<p>&nbsp;<\/p>\n<h4 class=\"additional-info-group-name\">Spezifikationen<\/h4>\n<table class=\"data table additional-attributes\">\n<caption class=\"table-caption\">Spezifikationen<\/caption>\n<tbody class=\"-has-tooltips\">\n<tr>\n<td class=\"col label \" scope=\"row\">Marke<\/td>\n<td class=\"col data\" data-td=\"Merk\">HikMicro<\/td>\n<\/tr>\n<tr>\n<td class=\"col label -has-tooltip\" scope=\"row\"><span class=\"tooltip amshopby-tooltip\" title=\"Ein eindeutiger Code, der einem Produkt vom Hersteller zur einfachen Identifizierung zugewiesen wird.\"><span class=\"tooltip-icon\">i<\/span><\/span>Produkt-Code<\/td>\n<td class=\"col data\" data-td=\"Productcode\">TQ50C 3.0<\/td>\n<\/tr>\n<tr>\n<td class=\"col label \" scope=\"row\">Typ<\/td>\n<td class=\"col data\" data-td=\"Type\">Auslass<\/td>\n<\/tr>\n<tr>\n<td class=\"col label -has-tooltip\" scope=\"row\"><span class=\"tooltip amshopby-tooltip\" title=\"Wie detailliert das W\u00e4rmebild ist, h\u00e4ngt von der Aufl\u00f6sung des Sensors ab. Ein hochaufl\u00f6sender Sensor (Mikrobolometer) erfasst mehr Details und liefert sch\u00e4rfere Ansichten.\"><span class=\"tooltip-icon\">i<\/span><\/span>Sensoraufl\u00f6sung (Pixel)<\/td>\n<td class=\"col data\" data-td=\"Sensorresolutie (pixels)\">640&#215;512<\/td>\n<\/tr>\n<tr>\n<td class=\"col label -has-tooltip\" scope=\"row\"><span class=\"tooltip amshopby-tooltip\" title=\"Der Abstand zwischen Pixeln (ein einzelner Punkt auf dem Display, der die Farbe \u00e4ndern kann), gemessen in \u00b5m (Mikrometer, 1\/1000 Millimeter). Ein geringerer Abstand sorgt f\u00fcr ein sch\u00e4rferes Bild.\"><span class=\"tooltip-icon\">i<\/span><\/span>Pixelabstand (\u00b5m)<\/td>\n<td class=\"col data\" data-td=\"Pixel pitch (\u00b5m)\">12<\/td>\n<\/tr>\n<tr>\n<td class=\"col label -has-tooltip\" scope=\"row\"><span class=\"tooltip amshopby-tooltip\" title=\"Rausch\u00e4quivalente Temperaturdifferenz, gemessen in mK (Milli-Kelvin). Ein niedrigerer Wert bedeutet, dass der Sensor besser zwischen Temperaturunterschieden unterscheiden kann (thermischer Kontrast) und daher bessere Renderings liefert.\"><span class=\"tooltip-icon\">i<\/span><\/span>Thermische Empfindlichkeit (NETD mK)<\/td>\n<td class=\"col data\" data-td=\"Thermische gevoeligheid (NETD mK)\">\u226415<\/td>\n<\/tr>\n<tr>\n<td class=\"col label -has-tooltip\" scope=\"row\"><span class=\"tooltip amshopby-tooltip\" title=\"Der gesamte Vergr\u00f6\u00dferungsbereich des Produkts.\"><span class=\"tooltip-icon\">i<\/span><\/span>Optische Vergr\u00f6\u00dferung<\/td>\n<td class=\"col data\" data-td=\"Optische vergroting\">1x<\/td>\n<\/tr>\n<tr>\n<td class=\"col label -has-tooltip\" scope=\"row\"><span class=\"tooltip amshopby-tooltip\" title=\"Der Durchmesser des Objektivs oder der Objektivlinse (der Teil, der zum Ziel zeigt) in Millimetern. Eine gr\u00f6\u00dfere Objektivlinse l\u00e4sst mehr Licht durch, was eine sch\u00e4rfere und detailliertere Sicht erm\u00f6glicht, aber auch dazu f\u00fchrt, dass die Zieleinrichtung h\u00f6her \u00fcber dem Lauf liegt.\"><span class=\"tooltip-icon\">i<\/span><\/span>Durchmesser der Linse (mm)<\/td>\n<td class=\"col data\" data-td=\"Objectief diameter (mm)\">50<\/td>\n<\/tr>\n<tr>\n<td class=\"col label -has-tooltip\" scope=\"row\"><span class=\"tooltip amshopby-tooltip\" title=\"Die Art des Drahtkreuzes ist beim Blick durch das Produkt sichtbar.\"><span class=\"tooltip-icon\">i<\/span><\/span>Drahtkreuz<\/td>\n<td class=\"col data\" data-td=\"Draadkruis\">Nein<\/td>\n<\/tr>\n<tr>\n<td class=\"col label -has-tooltip\" scope=\"row\"><span class=\"tooltip amshopby-tooltip\" title=\"Bei der Parallaxeneinstellung wird der Fokuspunkt verschoben. Fokussieren. Dies kann mit einem Einstellrad an der Seite oder mit einer drehbaren Linse erfolgen.\"><span class=\"tooltip-icon\">i<\/span><\/span>Fokus<\/td>\n<td class=\"col data\" data-td=\"Scherpstelling\">Seitlicher Fokus<\/td>\n<\/tr>\n<tr>\n<td class=\"col label \" scope=\"row\">Display-Typ<\/td>\n<td class=\"col data\" data-td=\"Display type\">OLED<\/td>\n<\/tr>\n<tr>\n<td class=\"col label -has-tooltip\" scope=\"row\"><span class=\"tooltip amshopby-tooltip\" title=\"Die Anzahl der horizontalen und vertikalen Pixel (einzelne Lichtpunkte, die ihre Farbe \u00e4ndern k\u00f6nnen) eines Bildschirms. Ein Bildschirm mit h\u00f6herer Aufl\u00f6sung hat mehr Pixel, wodurch er ein sch\u00e4rferes Bild anzeigen kann.\"><span class=\"tooltip-icon\">i<\/span><\/span>Bildschirmaufl\u00f6sung<\/td>\n<td class=\"col data\" data-td=\"Display resolutie\">1920&#215;1080<\/td>\n<\/tr>\n<tr>\n<td class=\"col label -has-tooltip\" scope=\"row\"><span class=\"tooltip amshopby-tooltip\" title=\"Die Anzahl der Bilder pro Sekunde, die ein Bildschirm erzeugen kann. Eine h\u00f6here Anzahl von Bildern pro Sekunde gew\u00e4hrleistet eine fl\u00fcssigere Anzeige.\"><span class=\"tooltip-icon\">i<\/span><\/span>Bildfrequenz (Hz)<\/td>\n<td class=\"col data\" data-td=\"Beeldsnelheid (Hz)\">50<\/td>\n<\/tr>\n<tr>\n<td class=\"col label -has-tooltip\" scope=\"row\"><span class=\"tooltip amshopby-tooltip\" title=\"Mit einer Streaming-Funktion kann das Bild \u00fcber eine drahtlose Verbindung auf einem anderen Ger\u00e4t mit einem Display angezeigt werden. Zum Beispiel auf einem Smartphone oder Tablet.\"><span class=\"tooltip-icon\">i<\/span><\/span>Streaming-Funktion<\/td>\n<td class=\"col data\" data-td=\"Streamfunctie\">Ja<\/td>\n<\/tr>\n<tr>\n<td class=\"col label \" scope=\"row\">Lebensdauer der Batterie<\/td>\n<td class=\"col data\" data-td=\"Batterijduur\">6 Stunden<\/td>\n<\/tr>\n<tr>\n<td class=\"col label \" scope=\"row\">IP-Code<\/td>\n<td class=\"col data\" data-td=\"IP-code\">IP67<\/td>\n<\/tr>\n<tr>\n<td class=\"col label \" scope=\"row\">Abmessung (mm)<\/td>\n<td class=\"col data\" data-td=\"Afmeting (mm)\">149.4\u00d776\u00d774.6 (L\u00d7B\u00d7H)<\/td>\n<\/tr>\n<tr>\n<td class=\"col label \" scope=\"row\">Gewicht (Gramm)<\/td>\n<td class=\"col data\" data-td=\"Gewicht (gram)\">500<\/td>\n<\/tr>\n<tr>\n<td class=\"col label -has-tooltip\" scope=\"row\"><span class=\"tooltip amshopby-tooltip\" title=\"Enth\u00e4lt das Produkt Befestigungselemente (Ringe)? Wenn ja, f\u00fcr welche Art von Montageschiene.\"><span class=\"tooltip-icon\">i<\/span><\/span>Inklusive Montageringe<\/td>\n<td class=\"col data\" data-td=\"Inclusief montageringen\">Nein<\/td>\n<\/tr>\n<tr>\n<td class=\"col label -has-tooltip\" scope=\"row\"><span class=\"tooltip amshopby-tooltip\" title=\"Mit dem Produkt geliefertes Zubeh\u00f6r.\"><span class=\"tooltip-icon\">i<\/span><\/span>Extras.<\/td>\n<td class=\"col data\" data-td=\"Extra's\">2 Batterien, Batterieladeger\u00e4t, Tragetasche, Objektivtuch, Objektivdeckel, Werkzeug, USB-Kabel<\/td>\n<\/tr>\n<\/tbody>\n<\/table>\n","protected":false},"excerpt":{"rendered":"<p>&lt; Hikmicro Thunder 3.0 TQ50C Handgehaltene W\u00e4rmebildkamera. VOx UFPA 640&#215;512 Pixel, Pixelabstand 12 \u00b5m, NETD 18mk, 50mm Objektiv Stream in<\/p>\n","protected":false},"featured_media":56090,"template":"","meta":[],"product_brand":[],"product_cat":[2635,852,1897,853],"product_tag":[],"class_list":{"0":"post-56427","1":"product","2":"type-product","3":"status-publish","4":"has-post-thumbnail","6":"product_cat-hikmicro-de","7":"product_cat-optik","8":"product_cat-warmebild","9":"product_cat-warmebildtechnik-und-nachtsicht","11":"first","12":"instock","13":"sale","14":"taxable","15":"shipping-taxable","16":"purchasable","17":"product-type-simple"},"_links":{"self":[{"href":"https:\/\/wapenhandelcolenbrander.nl\/de\/wp-json\/wp\/v2\/product\/56427","targetHints":{"allow":["GET"]}}],"collection":[{"href":"https:\/\/wapenhandelcolenbrander.nl\/de\/wp-json\/wp\/v2\/product"}],"about":[{"href":"https:\/\/wapenhandelcolenbrander.nl\/de\/wp-json\/wp\/v2\/types\/product"}],"version-history":[{"count":0,"href":"https:\/\/wapenhandelcolenbrander.nl\/de\/wp-json\/wp\/v2\/product\/56427\/revisions"}],"wp:featuredmedia":[{"embeddable":true,"href":"https:\/\/wapenhandelcolenbrander.nl\/de\/wp-json\/wp\/v2\/media\/56090"}],"wp:attachment":[{"href":"https:\/\/wapenhandelcolenbrander.nl\/de\/wp-json\/wp\/v2\/media?parent=56427"}],"wp:term":[{"taxonomy":"product_brand","embeddable":true,"href":"https:\/\/wapenhandelcolenbrander.nl\/de\/wp-json\/wp\/v2\/product_brand?post=56427"},{"taxonomy":"product_cat","embeddable":true,"href":"https:\/\/wapenhandelcolenbrander.nl\/de\/wp-json\/wp\/v2\/product_cat?post=56427"},{"taxonomy":"product_tag","embeddable":true,"href":"https:\/\/wapenhandelcolenbrander.nl\/de\/wp-json\/wp\/v2\/product_tag?post=56427"}],"curies":[{"name":"wp","href":"https:\/\/api.w.org\/{rel}","templated":true}]}}