{"id":54436,"date":"2024-09-11T15:49:51","date_gmt":"2024-09-11T13:49:51","guid":{"rendered":"https:\/\/wapenhandelcolenbrander.nl\/?post_type=product&#038;p=54436"},"modified":"2026-04-20T11:40:44","modified_gmt":"2026-04-20T09:40:44","slug":"thermtec-hunt-650","status":"publish","type":"product","link":"https:\/\/wapenhandelcolenbrander.nl\/de\/produkt\/thermtec-hunt-650\/","title":{"rendered":"Thermtec Hunt 650"},"content":{"rendered":"<p>De Thermtec Hunt 650.<\/p>\n<p><span id=\"ctl00_MainContent_lblProductOmschrijving\">Superieure beeldkwaliteit<br \/>\nEen zeer gevoelige warmtebeeldsensor met NETD\u226420mK zorgt voor een uitzonderlijke helderheid en beeldkwaliteit. Elk detail komt tot leven, zodat je subtiele verschillen in warmtesignaturen kunt detecteren en verborgen wild kunt onthullen, zelfs in de donkerste omstandigheden.<\/span><\/p>\n<p>Lichtgewicht en compact<br \/>\nAls lichtste in onze productlijn van slechts 400 gram en uiterst compact, heeft hij een minimale impact op de balans wanneer hij op een dagoptiek is gemonteerd. Dankzij de robuuste behuizing van magnesiumlegering, die tegelijkertijd licht en sterk is, is de Hunt de perfecte metgezel op elke jacht- of observatietrip.<\/p>\n<p>Zelflerende beeldcorrectie<br \/>\nDe technologie van Hunt zorgt ervoor dat het apparaat zelflerend is en zich kan aanpassen. Voortdurend diep leren van elke beeldcorrectie in verschillende sc\u00e8nes kan het beeldcorrectiealgoritme optimaliseren en de beeldstabiliteit in gevarieerde sc\u00e8nes verlengen.<\/p>\n<p>Ultralange beeldstabiliteit<br \/>\nDankzij het unieke algoritme voor thermische beeldverwerking hoeft de Hunt de jager niet vaak te corrigeren tijdens het richten: het beeld blijft minstens 1 uur stabiel zonder enige onderbreking na elke correctie. Hierdoor kunnen jagers meer ontspannen jagen.<\/p>\n<p>Nauwkeurig scherpstellen<br \/>\nHet innovatieve scherpstelknopontwerp aan de bovenkant met een nauwkeurig scherpstelmechanisme zorgt voor een helder en scherp beeld op elk bereik. Gebruikers hebben minimale bewegingen nodig om de lens scherp te stellen terwijl ze zich maximaal kunnen concentreren op het jachtavontuur.<\/p>\n<p>Aanpasbare gebruikersinterface<br \/>\nHet gloednieuwe ontwerp van de aanpasbare gebruikersinterface maakt vrije aanpassingen en bediening van alle elementen in beeld mogelijk. De UI zal nooit worden be\u00efnvloed nadat de Hunt is ge\u00efnstalleerd en ge\u00efntegreerd in elk type dagoptiek, waardoor de beste gebruikerservaring zonder compromissen wordt geboden.<\/p>\n<p>Afstandsbediening<br \/>\nDe Smart Ring Bluetooth afstandsbediening met ergonomisch ontwerp biedt handigere en directere toegang tot alle essenti\u00eble functies. Je hebt alle functies binnen handbereik, waardoor de afstand tussen de Hunt en de gebruiker duidelijk korter wordt.<\/p>\n<p>Gekoppeld aan een oplaaddoos wordt de Smart Ring ondersteund door een oplossing met ultralaag stroomverbruik voor continu gebruik tot 10 uur op een snelle enkele oplaadbeurt van 1,5 uur.<\/p>\n<p>AI afstandsmeter<br \/>\nOp basis van diep lerend algoritme kan de Hunt automatisch de afstand tot het object meten.<\/p>\n<p>Terugslag Geactiveerde Video<br \/>\nMet RAV neemt hij video&#8217;s op van voor, tijdens en na je schot en legt hij de beelden vast van je jachtmomenten.<\/p>\n<p>Knoppen met stille aanraking<br \/>\nAlle knoppen zijn uitgerust met silent touch technologie, voor de beste gebruikerservaring zonder compromissen.<\/p>\n<p>Hoge schokbestendigheid tot 6.000 J<br \/>\nEen robuuste behuizing van magnesiumlegering met een hoge structurele sterkte beschermt de Hunt tegen zware schokken en trillingen tot 6.000 J.<\/p>\n<p>Groot detectiebereik tot 2.600 m<br \/>\nMet een maximale objectieflens van 50 mm en een geavanceerd algoritme heeft hij een uitzonderlijk detectiebereik tot 2.600 meter in volledige duisternis.<\/p>\n<p>IP67 waterdicht<br \/>\n&#8211; Het apparaat is weerbestendig volgens IP67 en is dus beschermd tegen zware regenval, sneeuw, rook, smog of stof.<\/p>\n<p>&nbsp;<\/p>\n<table>\n<tbody>\n<tr>\n<td>Type<\/td>\n<td>Uncooled<\/td>\n<\/tr>\n<tr>\n<td>Resolution<\/td>\n<td>640&#215;512<\/td>\n<\/tr>\n<tr>\n<td>Pixel pitch<\/td>\n<td>12\u00b5m<\/td>\n<\/tr>\n<tr>\n<td>NETD<\/td>\n<td>\u226420mk<\/td>\n<\/tr>\n<tr>\n<td>Spectral range<\/td>\n<td>8-14\u00b5m<\/td>\n<\/tr>\n<tr>\n<td>Frame rate<\/td>\n<td>50HZ<\/td>\n<\/tr>\n<tr>\n<td>Detection range<\/td>\n<td>2600m<\/td>\n<\/tr>\n<tr>\n<td>Objective lens<\/td>\n<td>50mm<\/td>\n<\/tr>\n<tr>\n<td>Field of view<\/td>\n<td>8.8\u00b0x7.0\u00b0<\/td>\n<\/tr>\n<tr>\n<td>Recommended magnification of the day scope<\/td>\n<td>1-10X<\/td>\n<\/tr>\n<tr>\n<td>Digital zoom<\/td>\n<td>X1<\/td>\n<\/tr>\n<tr>\n<td>Type<\/td>\n<td>AMOLED<\/td>\n<\/tr>\n<tr>\n<td>Resolution, pixel<\/td>\n<td>1024&#215;768<\/td>\n<\/tr>\n<tr>\n<td>Display size<\/td>\n<td>0.39 inch<\/td>\n<\/tr>\n<tr>\n<td>Max. recoil power on rifled weapon<\/td>\n<td>6000J<\/td>\n<\/tr>\n<tr>\n<td>Image calibration<\/td>\n<td>Via Shutter<\/td>\n<\/tr>\n<tr>\n<td>RAV<\/td>\n<td>Yes<\/td>\n<\/tr>\n<tr>\n<td>Photo\/video playback<\/td>\n<td>Yes<\/td>\n<\/tr>\n<tr>\n<td>Built-in memory<\/td>\n<td>64GB<\/td>\n<\/tr>\n<tr>\n<td>Type C<\/td>\n<td>Data Transfer, battery charging<\/td>\n<\/tr>\n<tr>\n<td>MIC<\/td>\n<td>Yes<\/td>\n<\/tr>\n<tr>\n<td>Wi-Fi<\/td>\n<td>Yes<\/td>\n<\/tr>\n<tr>\n<td>Bluetooth<\/td>\n<td>Yes, Remote control<\/td>\n<\/tr>\n<tr>\n<td>Built-in battery<\/td>\n<td>6h<\/td>\n<\/tr>\n<tr>\n<td>Body Material<\/td>\n<td>Magnesium Alloy<\/td>\n<\/tr>\n<tr>\n<td>Connection Thread<\/td>\n<td>M52\u00d70.75<\/td>\n<\/tr>\n<tr>\n<td>Operating temperature<\/td>\n<td>-20- +50\u2103<\/td>\n<\/tr>\n<tr>\n<td>IP rating<\/td>\n<td>IP67<\/td>\n<\/tr>\n<tr>\n<td>Weight, g<\/td>\n<td>400<\/td>\n<\/tr>\n<tr>\n<td>Dimension, mm<\/td>\n<td>129(L)x70(W)x77(H)<\/td>\n<\/tr>\n<\/tbody>\n<\/table>\n","protected":false},"excerpt":{"rendered":"<p>De Thermtec Hunt 650. Superieure beeldkwaliteit Een zeer gevoelige warmtebeeldsensor met NETD\u226420mK zorgt voor een uitzonderlijke helderheid en beeldkwaliteit. Elk<\/p>\n","protected":false},"featured_media":54437,"template":"","meta":[],"product_brand":[],"product_cat":[74,1885,87],"product_tag":[],"class_list":{"0":"post-54436","1":"product","2":"type-product","3":"status-publish","4":"has-post-thumbnail","6":"product_cat-optiek","7":"product_cat-warmtebeeld","8":"product_cat-warmtebeeld-nachtzicht","10":"first","11":"outofstock","12":"sale","13":"taxable","14":"shipping-taxable","15":"purchasable","16":"product-type-simple"},"_links":{"self":[{"href":"https:\/\/wapenhandelcolenbrander.nl\/de\/wp-json\/wp\/v2\/product\/54436","targetHints":{"allow":["GET"]}}],"collection":[{"href":"https:\/\/wapenhandelcolenbrander.nl\/de\/wp-json\/wp\/v2\/product"}],"about":[{"href":"https:\/\/wapenhandelcolenbrander.nl\/de\/wp-json\/wp\/v2\/types\/product"}],"version-history":[{"count":2,"href":"https:\/\/wapenhandelcolenbrander.nl\/de\/wp-json\/wp\/v2\/product\/54436\/revisions"}],"predecessor-version":[{"id":60134,"href":"https:\/\/wapenhandelcolenbrander.nl\/de\/wp-json\/wp\/v2\/product\/54436\/revisions\/60134"}],"wp:featuredmedia":[{"embeddable":true,"href":"https:\/\/wapenhandelcolenbrander.nl\/de\/wp-json\/wp\/v2\/media\/54437"}],"wp:attachment":[{"href":"https:\/\/wapenhandelcolenbrander.nl\/de\/wp-json\/wp\/v2\/media?parent=54436"}],"wp:term":[{"taxonomy":"product_brand","embeddable":true,"href":"https:\/\/wapenhandelcolenbrander.nl\/de\/wp-json\/wp\/v2\/product_brand?post=54436"},{"taxonomy":"product_cat","embeddable":true,"href":"https:\/\/wapenhandelcolenbrander.nl\/de\/wp-json\/wp\/v2\/product_cat?post=54436"},{"taxonomy":"product_tag","embeddable":true,"href":"https:\/\/wapenhandelcolenbrander.nl\/de\/wp-json\/wp\/v2\/product_tag?post=54436"}],"curies":[{"name":"wp","href":"https:\/\/api.w.org\/{rel}","templated":true}]}}