{"id":52657,"date":"2024-07-20T15:03:55","date_gmt":"2024-07-20T13:03:55","guid":{"rendered":"https:\/\/wapenhandelcolenbrander.nl\/product\/rusan-schnellwechseladapter-mar-xx\/"},"modified":"2026-02-04T20:17:22","modified_gmt":"2026-02-04T18:17:22","slug":"rusan-schnellwechseladapter-mar-xx","status":"publish","type":"product","link":"https:\/\/wapenhandelcolenbrander.nl\/de\/produkt\/rusan-schnellwechseladapter-mar-xx\/","title":{"rendered":"Rusan Schnellwechseladapter MAR-XX"},"content":{"rendered":"<p><span style=\"color: #1b1919; font-size: 28px;\">Rusan Schnellwechseladapter MAR<\/span><\/p>\n<div class=\"resp-tabs-container\">\n<div id=\"tab-description\" class=\"r-tabs-panel r-tabs-state-active\">\n<div class=\"content-page-text page__product__description\">\n<p>Dieser Frontadapter ist Teil des Rusan Modular Front Systems. Mit Hilfe eines Frontadapters und eines Adapterrings (Verbindungsst\u00fcck) k\u00f6nnen Sie mit diesem System Ihr Nachtsicht- oder W\u00e4rmebildzielger\u00e4t ganz einfach an der Vorderseite Ihres Zielfernrohrs befestigen. Der vordere Adapter wird am Objektiv Ihres Zielfernrohrs befestigt, der Adapterring an Ihrem Nachtsicht- oder W\u00e4rmebildger\u00e4t. Indem Sie die beiden mit dem Verschlusssystem zusammenf\u00fcgen, wird Ihr Nachtsicht- oder W\u00e4rmebildger\u00e4t schnell an der Vorderseite Ihres Zielfernrohrs befestigt.<\/p>\n<p>Der Durchmesser des Aufsatzes sollte dem Au\u00dfendurchmesser des Objektivs des Zielfernrohrs entsprechen, an dem das System angebracht werden soll. Das Abnehmen und Wiederanbringen ist mit dem QD-Drehgriff schnell erledigt und verursacht keine Abweichung vom Nullpunkt Ihres bereits kalibrierten Zielfernrohrs.<\/p>\n<hr>\n<p>Erh\u00e4ltlich in den Gr\u00f6\u00dfen: 30mm bis 65mm. (F\u00fcr andere Gr\u00f6\u00dfen, kontaktieren Sie uns bitte).<\/p>\n<p>Zum Beispiel, wenn auf dem Zielfernrohr 3x10x50 steht. Dann ist 50 die Gr\u00f6\u00dfe des Glases.<br \/>\nBitte beachten Sie; wenn Sie ein Swarovski- oder Zeiss-Zielfernrohr besitzen, ist die \u00e4u\u00dfere Gr\u00f6\u00dfe Ihres Zielfernrohrs 56. Sie ben\u00f6tigen dann einen 56-mm-Adapter. Wenn Sie ein Zielfernrohr einer anderen Marke besitzen, kann die Gr\u00f6\u00dfe variieren. Wir empfehlen die Verwendung eines Messschiebers, um die Au\u00dfenseite Ihres Zielfernrohrs zu messen.<\/p>\n<p>Die Standardgr\u00f6\u00dfen der Zielfernrohre sind: 42, 50 und 56 mm. Wiederum mit einem Swarovski- oder Zeiss-Zielfernrohr, sind die Adaptergr\u00f6\u00dfen dann: 48, 56 und 62 mm. (Bei einer anderen Marke von Zielfernrohren messen Sie die Au\u00dfenseite mit einem Messschieber).<\/p>\n<hr>\n<p><strong>Dieser Adapter kann mit den folgenden Kopplern (Connectors) verwendet werden:<\/strong><\/p>\n<ul>\n<li>MCR-M52: M52x0.75<\/li>\n<li>MCR-M49: M49x0.75 (Dipol&#8230;)<\/li>\n<li>MCR-M46: M46x0.75 (Nitehog, Elektro-Optik, Lahoux&#8230;)<\/li>\n<li>MCR-TM35: M44x0,75 (Swarovski tM 35)<\/li>\n<li>MCR-M33: M33.5&#215;0.75 (Guide, Nitehog Viper&#8230;)<\/li>\n<li>MCR-M35: M35x1 (Pulsar Krypton, Proton&#8230;)<\/li>\n<li>MCR-M35P: M35x1 (Pulsar Krypton, Krypton 2, Proton)<\/li>\n<li>MCR-CORE-2: Pulsar-Kern (2 Pins)<\/li>\n<li>MCR-PF: Pulsar F455 (4 Stifte)<\/li>\n<li>MCR-HIK-2: Hikmicro Thunder &amp; Cheetah (und \u00e4hnlich)<\/li>\n<li>Klicken Sie auf den blauen Link, um zu all diesen Connectors zu gelangen.<\/li>\n<\/ul>\n<\/div>\n<\/div>\n<\/div>\n","protected":false},"excerpt":{"rendered":"<p>Rusan Schnellwechseladapter MAR Dieser Frontadapter ist Teil des Rusan Modular Front Systems. Mit Hilfe eines Frontadapters und eines Adapterrings (Verbindungsst\u00fcck)<\/p>\n","protected":false},"featured_media":73902,"template":"","meta":[],"product_brand":[],"product_cat":[852,853],"product_tag":[],"class_list":{"0":"post-52657","1":"product","2":"type-product","3":"status-publish","4":"has-post-thumbnail","6":"product_cat-optik","7":"product_cat-warmebildtechnik-und-nachtsicht","9":"first","10":"instock","11":"taxable","12":"shipping-taxable","13":"purchasable","14":"product-type-variable"},"_links":{"self":[{"href":"https:\/\/wapenhandelcolenbrander.nl\/de\/wp-json\/wp\/v2\/product\/52657","targetHints":{"allow":["GET"]}}],"collection":[{"href":"https:\/\/wapenhandelcolenbrander.nl\/de\/wp-json\/wp\/v2\/product"}],"about":[{"href":"https:\/\/wapenhandelcolenbrander.nl\/de\/wp-json\/wp\/v2\/types\/product"}],"version-history":[{"count":1,"href":"https:\/\/wapenhandelcolenbrander.nl\/de\/wp-json\/wp\/v2\/product\/52657\/revisions"}],"predecessor-version":[{"id":52658,"href":"https:\/\/wapenhandelcolenbrander.nl\/de\/wp-json\/wp\/v2\/product\/52657\/revisions\/52658"}],"wp:featuredmedia":[{"embeddable":true,"href":"https:\/\/wapenhandelcolenbrander.nl\/de\/wp-json\/wp\/v2\/media\/73902"}],"wp:attachment":[{"href":"https:\/\/wapenhandelcolenbrander.nl\/de\/wp-json\/wp\/v2\/media?parent=52657"}],"wp:term":[{"taxonomy":"product_brand","embeddable":true,"href":"https:\/\/wapenhandelcolenbrander.nl\/de\/wp-json\/wp\/v2\/product_brand?post=52657"},{"taxonomy":"product_cat","embeddable":true,"href":"https:\/\/wapenhandelcolenbrander.nl\/de\/wp-json\/wp\/v2\/product_cat?post=52657"},{"taxonomy":"product_tag","embeddable":true,"href":"https:\/\/wapenhandelcolenbrander.nl\/de\/wp-json\/wp\/v2\/product_tag?post=52657"}],"curies":[{"name":"wp","href":"https:\/\/api.w.org\/{rel}","templated":true}]}}