{"id":52191,"date":"2024-07-08T11:46:51","date_gmt":"2024-07-08T09:46:51","guid":{"rendered":"https:\/\/wapenhandelcolenbrander.nl\/product\/agn-vixen-55-mm\/"},"modified":"2024-07-08T11:46:51","modified_gmt":"2024-07-08T09:46:51","slug":"agn-vixen-55-mm","status":"publish","type":"product","link":"https:\/\/wapenhandelcolenbrander.nl\/de\/produkt\/agn-vixen-55-mm\/","title":{"rendered":"AGN Vixen 5,5 mm"},"content":{"rendered":"<p style=\"text-align: left;\">Die AGN F\u00fcchsin. Ein modernes PCP-Gewehr mit einem taktischen, minimalistischen Look. Leichtes Gewicht und hohe Qualit\u00e4t.<\/p>\n<p>Der Druckluftspeicher der Vixen ist in den Schaft integriert und es gibt abgestufte Weaver-Halterungen rund um die Aktion und den Lauf. Was an dem Design auff\u00e4llt, ist der Handschutz um den Lauf, der f\u00fcr einen zus\u00e4tzlichen taktischen Look sorgt. Der Pistolengriff hat ein etwas klobigeres Design, so dass die Waffe bequem zu halten ist. Schie\u00dft sehr sauber und f\u00fchlt sich hochwertig an!<\/p>\n<p><strong>Spezifikationen<\/strong><\/p>\n<ul>\n<li>Einsch\u00fcssiges Luftdruckgewehr<\/li>\n<li>Kaliber: 5,5 mm<\/li>\n<li>F\u00fclldruck: 300 bar<\/li>\n<li>Geregelt<\/li>\n<li>7,5 Joule<\/li>\n<li>Magazinkapazit\u00e4t: 15 Schuss<\/li>\n<li>Gewicht: 2100 Gramm<\/li>\n<li>Laufende L\u00e4nge in mm: 250<\/li>\n<li>Gesamtl\u00e4nge in mm : 770<\/li>\n<li>Weaver\/Piccatiny Montageschienen<\/li>\n<li>synthetisch<\/li>\n<\/ul>\n<p>Die Waffe wird mit 2 Magazinen, Entl\u00fcftungswerkzeugen und einem Einf\u00fcllstutzen geliefert.<\/p>\n<p>Wenn Sie Fragen haben oder eine Beratung w\u00fcnschen, k\u00f6nnen Sie uns jederzeit w\u00e4hrend der \u00d6ffnungszeiten kontaktieren!<\/p>\n<p>&nbsp;<\/p>\n<p>&nbsp;<\/p>\n<p>&nbsp;<\/p>\n","protected":false},"excerpt":{"rendered":"<p>Die AGN F\u00fcchsin. Ein modernes PCP-Gewehr mit einem taktischen, minimalistischen Look. Leichtes Gewicht und hohe Qualit\u00e4t. Der Druckluftspeicher der Vixen<\/p>\n","protected":false},"featured_media":51849,"template":"","meta":{"_monsterinsights_skip_tracking":false,"_monsterinsights_sitenote_active":false,"_monsterinsights_sitenote_note":"","_monsterinsights_sitenote_category":0},"product_brand":[],"product_cat":[963,832,817],"product_tag":[1110],"class_list":{"0":"post-52191","1":"product","2":"type-product","3":"status-publish","4":"has-post-thumbnail","6":"product_cat-airgun-technology-de","7":"product_cat-luftgewehre-de","8":"product_cat-luftgewehre","9":"product_tag-luftgewehre","11":"first","12":"outofstock","13":"taxable","14":"shipping-taxable","15":"purchasable","16":"product-type-variable"},"_links":{"self":[{"href":"https:\/\/wapenhandelcolenbrander.nl\/de\/wp-json\/wp\/v2\/product\/52191","targetHints":{"allow":["GET"]}}],"collection":[{"href":"https:\/\/wapenhandelcolenbrander.nl\/de\/wp-json\/wp\/v2\/product"}],"about":[{"href":"https:\/\/wapenhandelcolenbrander.nl\/de\/wp-json\/wp\/v2\/types\/product"}],"version-history":[{"count":0,"href":"https:\/\/wapenhandelcolenbrander.nl\/de\/wp-json\/wp\/v2\/product\/52191\/revisions"}],"wp:featuredmedia":[{"embeddable":true,"href":"https:\/\/wapenhandelcolenbrander.nl\/de\/wp-json\/wp\/v2\/media\/51849"}],"wp:attachment":[{"href":"https:\/\/wapenhandelcolenbrander.nl\/de\/wp-json\/wp\/v2\/media?parent=52191"}],"wp:term":[{"taxonomy":"product_brand","embeddable":true,"href":"https:\/\/wapenhandelcolenbrander.nl\/de\/wp-json\/wp\/v2\/product_brand?post=52191"},{"taxonomy":"product_cat","embeddable":true,"href":"https:\/\/wapenhandelcolenbrander.nl\/de\/wp-json\/wp\/v2\/product_cat?post=52191"},{"taxonomy":"product_tag","embeddable":true,"href":"https:\/\/wapenhandelcolenbrander.nl\/de\/wp-json\/wp\/v2\/product_tag?post=52191"}],"curies":[{"name":"wp","href":"https:\/\/api.w.org\/{rel}","templated":true}]}}