{"id":51579,"date":"2024-07-03T14:19:22","date_gmt":"2024-07-03T12:19:22","guid":{"rendered":"https:\/\/wapenhandelcolenbrander.nl\/product\/boeker-magnum-border-forest-folder\/"},"modified":"2026-02-04T18:40:39","modified_gmt":"2026-02-04T16:40:39","slug":"boeker-magnum-border-forest-folder","status":"publish","type":"product","link":"https:\/\/wapenhandelcolenbrander.nl\/de\/produkt\/boeker-magnum-border-forest-folder\/","title":{"rendered":"B\u00f6ker Magnum Border Forest Folder"},"content":{"rendered":"<p>B\u00f6ker Magnum Border Forest Folder<\/p>\n<p>Auf alle Messer der Magnum-Serie gew\u00e4hren wir eine lebenslange Garantie.<\/p>\n<p>Gesamtl\u00e4nge: 19,9 cm<br \/>\nL\u00e4nge der Klinge: 8,6 cm<br \/>\nDicke der Klinge: 3 mm<br \/>\nMaterial der Klinge: 440A<br \/>\nGewicht: 100 g<br \/>\nMaterial des Griffs: Micarta<br \/>\nmit Kordelschlaufe und G\u00fcrtelclip<\/p>\n","protected":false},"excerpt":{"rendered":"<p>B\u00f6ker Magnum Border Forest Folder Auf alle Messer der Magnum-Serie gew\u00e4hren wir eine lebenslange Garantie. Gesamtl\u00e4nge: 19,9 cm L\u00e4nge der<\/p>\n","protected":false},"featured_media":51576,"template":"","meta":{"_monsterinsights_skip_tracking":false,"_monsterinsights_sitenote_active":false,"_monsterinsights_sitenote_note":"","_monsterinsights_sitenote_category":0},"product_brand":[],"product_cat":[909,834],"product_tag":[],"class_list":{"0":"post-51579","1":"product","2":"type-product","3":"status-publish","4":"has-post-thumbnail","6":"product_cat-messer-und-werkzeuge","7":"product_cat-zubehor","8":"product_shipping_class-briefkasten","10":"first","11":"instock","12":"taxable","13":"shipping-taxable","14":"purchasable","15":"product-type-simple"},"_links":{"self":[{"href":"https:\/\/wapenhandelcolenbrander.nl\/de\/wp-json\/wp\/v2\/product\/51579","targetHints":{"allow":["GET"]}}],"collection":[{"href":"https:\/\/wapenhandelcolenbrander.nl\/de\/wp-json\/wp\/v2\/product"}],"about":[{"href":"https:\/\/wapenhandelcolenbrander.nl\/de\/wp-json\/wp\/v2\/types\/product"}],"version-history":[{"count":0,"href":"https:\/\/wapenhandelcolenbrander.nl\/de\/wp-json\/wp\/v2\/product\/51579\/revisions"}],"wp:featuredmedia":[{"embeddable":true,"href":"https:\/\/wapenhandelcolenbrander.nl\/de\/wp-json\/wp\/v2\/media\/51576"}],"wp:attachment":[{"href":"https:\/\/wapenhandelcolenbrander.nl\/de\/wp-json\/wp\/v2\/media?parent=51579"}],"wp:term":[{"taxonomy":"product_brand","embeddable":true,"href":"https:\/\/wapenhandelcolenbrander.nl\/de\/wp-json\/wp\/v2\/product_brand?post=51579"},{"taxonomy":"product_cat","embeddable":true,"href":"https:\/\/wapenhandelcolenbrander.nl\/de\/wp-json\/wp\/v2\/product_cat?post=51579"},{"taxonomy":"product_tag","embeddable":true,"href":"https:\/\/wapenhandelcolenbrander.nl\/de\/wp-json\/wp\/v2\/product_tag?post=51579"}],"curies":[{"name":"wp","href":"https:\/\/api.w.org\/{rel}","templated":true}]}}