{"id":50005,"date":"2023-11-05T15:23:35","date_gmt":"2023-11-05T15:23:35","guid":{"rendered":"https:\/\/wapenhandelcolenbrander.nl\/product\/kalibrgun-cricket-ii-smooth-wb-in-55-mm\/"},"modified":"2026-01-28T15:30:00","modified_gmt":"2026-01-28T13:30:00","slug":"kalibrgun-cricket-ii-smooth-wb-in-55-mm","status":"publish","type":"product","link":"https:\/\/wapenhandelcolenbrander.nl\/de\/produkt\/kalibrgun-cricket-ii-smooth-wb-in-55-mm\/","title":{"rendered":"KalibrGun Cricket II Smooth WB in 5,5 mm"},"content":{"rendered":"<p>KalibrGun Cricket II smooth WB. Jetzt zu einem reduzierten Preis. Einzigartig<\/p>\n<p>Das Cricket 2, der Nachfolger des weithin bekannten Cricket&#8230; Wichtige \u00c4nderungen:<\/p>\n<ul>\n<li>Der Verschluss ist auf halber H\u00f6he der Waffe angebracht und kann von rechts nach links ausgetauscht werden. Das bedeutet mehr Bedienungskomfort und ist auch f\u00fcr Linksh\u00e4nder sehr praktisch, da der Verschluss nicht mehr im Weg ist!<\/li>\n<li>Standard-Kunststoffgeh\u00e4use an der Stelle, an der Sie Ihre Wange ablegen<\/li>\n<li>Anschluss 1\/2 UNF f\u00fcr einen zus\u00e4tzlichen D\u00e4mpfer (falls bereits am aktuellen eingebauten D\u00e4mpfer ben\u00f6tigt)<\/li>\n<li>Lothar Walther-Lauf (auch soweit dies noch notwendig war, war die Waffe bereits punktgenau).<\/li>\n<\/ul>\n<p>Die Lieferung erfolgt ohne Umfang! Im Anhang finden Sie die Spezifikationen und die Pressemitteilung auf Englisch von KalibrGun selbst!<\/p>\n<table class=\"products-product-table\" style=\"color: #000000; font-family: proxima nova w08,sans-serif; font-size: medium; margin: 18px 0px; width: 464.423px;\">\n<tbody>\n<tr>\n<th style=\"text-align: left; vertical-align: baseline; width: 160px;\">PCP-Gewehrsystem<\/th>\n<td style=\"vertical-align: baseline;\">Bullpup<\/td>\n<\/tr>\n<tr>\n<th style=\"text-align: left; vertical-align: baseline; width: 160px;\">Aufnahmesystem<\/th>\n<td style=\"vertical-align: baseline;\">Multischuss<\/td>\n<\/tr>\n<tr>\n<th style=\"text-align: left; vertical-align: baseline; width: 160px;\">Cocking System<\/th>\n<td style=\"vertical-align: baseline;\">Seitenhebel &#8211; umschaltbar (links\/rechts)<\/td>\n<\/tr>\n<tr>\n<th style=\"text-align: left; vertical-align: baseline; width: 160px;\">Zeitschrift<\/th>\n<td style=\"vertical-align: baseline;\">14 Schuss im Kal. 5,5 (.22)<\/td>\n<\/tr>\n<tr>\n<th style=\"text-align: left; vertical-align: baseline; width: 160px;\">Gewehrst\u00e4nder<\/th>\n<td style=\"vertical-align: baseline;\">Holz mit Zeitschriftenhalter<\/td>\n<\/tr>\n<tr>\n<th style=\"text-align: left; vertical-align: baseline; width: 160px;\">Wangenpartie<\/th>\n<td style=\"vertical-align: baseline;\">Synthetisch (inklusive)<\/td>\n<\/tr>\n<tr>\n<th style=\"text-align: left; vertical-align: baseline; width: 160px;\">Barrel<\/th>\n<td style=\"vertical-align: baseline;\">450 mm (17,7 ) langer, gew\u00fcrfelter 12er Lauf mit 450 mm (17,7 ) Drall<\/td>\n<\/tr>\n<tr>\n<th style=\"text-align: left; vertical-align: baseline; width: 160px;\">Manometer<\/th>\n<td style=\"vertical-align: baseline;\">Ja<\/td>\n<\/tr>\n<tr>\n<th style=\"text-align: left; vertical-align: baseline; width: 160px;\">Druck auff\u00fcllen<\/th>\n<td style=\"vertical-align: baseline;\">300 Bar (4351 Psi)<\/td>\n<\/tr>\n<tr>\n<th style=\"text-align: left; vertical-align: baseline; width: 160px;\">Luftkapazit\u00e4t<\/th>\n<td style=\"vertical-align: baseline;\">280 cc<\/td>\n<\/tr>\n<tr>\n<th style=\"text-align: left; vertical-align: baseline; width: 160px;\">Luftzylinder<\/th>\n<td style=\"vertical-align: baseline;\">Fixiert<\/td>\n<\/tr>\n<tr>\n<th style=\"text-align: left; vertical-align: baseline; width: 160px;\">Aufladen<\/th>\n<td style=\"vertical-align: baseline;\">Schnelllade-System<\/td>\n<\/tr>\n<tr>\n<th style=\"text-align: left; vertical-align: baseline; width: 160px;\">Zielfernrohr-Montage<\/th>\n<td style=\"vertical-align: baseline;\">Weaver-Schiene<\/td>\n<\/tr>\n<tr>\n<th style=\"text-align: left; vertical-align: baseline; width: 160px;\">Ausl\u00f6ser<\/th>\n<td style=\"vertical-align: baseline;\">Einstellbarer Abzug<\/td>\n<\/tr>\n<tr>\n<th style=\"text-align: left; vertical-align: baseline; width: 160px;\">Sicherheit<\/th>\n<td style=\"vertical-align: baseline;\">Manuelle Abzugssicherung (Drehfunktion)<\/td>\n<\/tr>\n<tr>\n<th style=\"text-align: left; vertical-align: baseline; width: 160px;\">Gesamtl\u00e4nge<\/th>\n<td style=\"vertical-align: baseline;\">680 mm (26.8&#8243;)<\/td>\n<\/tr>\n<tr>\n<th style=\"text-align: left; vertical-align: baseline; width: 160px;\">Gewicht<\/th>\n<td style=\"vertical-align: baseline;\">3,2 kg (7,1 lb) (ohne Zielfernrohr)<\/td>\n<\/tr>\n<\/tbody>\n<\/table>\n<h2>PCP Luftgewehr KalibrGun CRICKET II SMOOTH WB cal. 5.5 (.22)<\/h2>\n<p>Die CRICKET, die 2006 auf den Markt kam, war ein revolution\u00e4res mehrsch\u00fcssiges Bullpup-Design, das die Welt der Luftgewehre ersch\u00fctterte. Seitdem hat seine ber\u00fchmte Genauigkeit, Zuverl\u00e4ssigkeit und Robustheit eine ganze Generation zufriedener Besitzer auf der ganzen Welt zusammengef\u00fchrt.<\/p>\n<p>Die CRICKET II baut auf dem Herz und der Seele dieses legend\u00e4ren Bullpups auf und bietet raffiniertes Handling und Zuverl\u00e4ssigkeit, die sie zum begehrtesten Bullpup in der Luftgewehrbranche machen.<\/p>\n<p>Zu den neuen Funktionen der KalibrGun CRICKET II geh\u00f6ren:<\/p>\n<ul>\n<li>Umschaltbarer Seitenhebel (links\/rechts) mit neuem Spannsystem f\u00fcr ein leichtes und SMOOTH-Erlebnis<\/li>\n<li>Spannmechanismus jetzt abgedeckt (Oberseite)<\/li>\n<li>Inklusive Kunststoffbacke<br \/>\n(Holzbacke als Option erh\u00e4ltlich)<\/li>\n<li>LW-Lauf nach Ma\u00df<\/li>\n<li>verbesserte Action House Seitenplatte f\u00fcr einfaches Laden des Magazins<\/li>\n<li>zweistufig einstellbarer Abzug<\/li>\n<\/ul>\n<p><strong>Dieser Artikel wird nur an Personen \u00fcber 18 Jahren geliefert! Zustellung nach Erhalt eines g\u00fcltigen Identit\u00e4tsnachweises (Personalausweis oder Reisepass) \u00fcber info@wapenhandelcolenbrander.nl<\/strong><\/p>\n","protected":false},"excerpt":{"rendered":"<p>KalibrGun Cricket II smooth WB. Jetzt zu einem reduzierten Preis. Einzigartig Das Cricket 2, der Nachfolger des weithin bekannten Cricket&#8230;<\/p>\n","protected":false},"featured_media":33720,"template":"","meta":{"_monsterinsights_skip_tracking":false,"_monsterinsights_sitenote_active":false,"_monsterinsights_sitenote_note":"","_monsterinsights_sitenote_category":0},"product_brand":[],"product_cat":[981,817,832],"product_tag":[1110],"class_list":{"0":"post-50005","1":"product","2":"type-product","3":"status-publish","4":"has-post-thumbnail","6":"product_cat-kalibrgun-de","7":"product_cat-luftgewehre","8":"product_cat-luftgewehre-de","9":"product_tag-luftgewehre","11":"first","12":"outofstock","13":"taxable","14":"shipping-taxable","15":"purchasable","16":"product-type-simple"},"_links":{"self":[{"href":"https:\/\/wapenhandelcolenbrander.nl\/de\/wp-json\/wp\/v2\/product\/50005","targetHints":{"allow":["GET"]}}],"collection":[{"href":"https:\/\/wapenhandelcolenbrander.nl\/de\/wp-json\/wp\/v2\/product"}],"about":[{"href":"https:\/\/wapenhandelcolenbrander.nl\/de\/wp-json\/wp\/v2\/types\/product"}],"version-history":[{"count":0,"href":"https:\/\/wapenhandelcolenbrander.nl\/de\/wp-json\/wp\/v2\/product\/50005\/revisions"}],"wp:featuredmedia":[{"embeddable":true,"href":"https:\/\/wapenhandelcolenbrander.nl\/de\/wp-json\/wp\/v2\/media\/33720"}],"wp:attachment":[{"href":"https:\/\/wapenhandelcolenbrander.nl\/de\/wp-json\/wp\/v2\/media?parent=50005"}],"wp:term":[{"taxonomy":"product_brand","embeddable":true,"href":"https:\/\/wapenhandelcolenbrander.nl\/de\/wp-json\/wp\/v2\/product_brand?post=50005"},{"taxonomy":"product_cat","embeddable":true,"href":"https:\/\/wapenhandelcolenbrander.nl\/de\/wp-json\/wp\/v2\/product_cat?post=50005"},{"taxonomy":"product_tag","embeddable":true,"href":"https:\/\/wapenhandelcolenbrander.nl\/de\/wp-json\/wp\/v2\/product_tag?post=50005"}],"curies":[{"name":"wp","href":"https:\/\/api.w.org\/{rel}","templated":true}]}}