{"id":49946,"date":"2024-02-19T12:22:04","date_gmt":"2024-02-19T12:22:04","guid":{"rendered":"https:\/\/wapenhandelcolenbrander.nl\/product\/diana-stormrider-reguliert-55-mm\/"},"modified":"2026-02-07T19:46:28","modified_gmt":"2026-02-07T17:46:28","slug":"diana-stormrider-reguliert-55-mm","status":"publish","type":"product","link":"https:\/\/wapenhandelcolenbrander.nl\/de\/produkt\/diana-stormrider-reguliert-55-mm\/","title":{"rendered":"Diana Stormrider reguliert 5,5 mm"},"content":{"rendered":"<p>Der Diana Stormrider Wood ist jetzt mit einem internen Regler ausgestattet und bietet ein hervorragendes Preis-Leistungs-Verh\u00e4ltnis!<\/p>\n<p>Dieses Gewehr kann als Einzelschussgewehr verwendet werden, aber mit dem mitgelieferten Magazin kann es auch als mehrsch\u00fcssige PCP verwendet werden. Der Stormrider hat einen maximalen F\u00fclldruck von 200 BAR, ein Fassungsverm\u00f6gen von 100cc und l\u00e4sst sich mit der Schnellf\u00fclld\u00fcse leicht aufblasen.<\/p>\n<p>Der Stormrider Regulated hat einen internen Regler, der f\u00fcr sehr gleichm\u00e4\u00dfige Sch\u00fcsse sorgt, da er immer die gleiche Luftmenge f\u00fcr einen Schuss verwendet.<\/p>\n<p>Dieses Modell hat eine 11-mm-Prismenschiene, einen Schalld\u00e4mpfer und einen verstellbaren Verschluss. Dar\u00fcber hinaus verf\u00fcgt der Stormrider \u00fcber ein Schulterpolster aus Gummi und eine manuelle Sicherung. Der DIT-Diana Traktor wurde neu entwickelt und ist besser als seine Vorg\u00e4nger.<\/p>\n<p>Wird mit einem Magazin und einem Single-Shot-Adapter geliefert.<\/p>\n<ul>\n<li>PCP Einsch\u00fcssige Repetierflinte<\/li>\n<li>.22 \/ 5,5 mm<\/li>\n<li>Laufende L\u00e4nge: 48 cm<\/li>\n<li>Gesamtl\u00e4nge: 110 cm<\/li>\n<li>Mundgeschwindigkeit 5,5 mm: 290 m\/s<\/li>\n<li>35 Joule<\/li>\n<\/ul>\n","protected":false},"excerpt":{"rendered":"<p>Der Diana Stormrider Wood ist jetzt mit einem internen Regler ausgestattet und bietet ein hervorragendes Preis-Leistungs-Verh\u00e4ltnis! Dieses Gewehr kann als<\/p>\n","protected":false},"featured_media":40885,"template":"","meta":{"_monsterinsights_skip_tracking":false,"_monsterinsights_sitenote_active":false,"_monsterinsights_sitenote_note":"","_monsterinsights_sitenote_category":0},"product_brand":[],"product_cat":[971,832,817],"product_tag":[1110],"class_list":{"0":"post-49946","1":"product","2":"type-product","3":"status-publish","4":"has-post-thumbnail","6":"product_cat-diana-de","7":"product_cat-luftgewehre-de","8":"product_cat-luftgewehre","9":"product_tag-luftgewehre","11":"first","12":"instock","13":"taxable","14":"shipping-taxable","15":"purchasable","16":"product-type-variable"},"_links":{"self":[{"href":"https:\/\/wapenhandelcolenbrander.nl\/de\/wp-json\/wp\/v2\/product\/49946","targetHints":{"allow":["GET"]}}],"collection":[{"href":"https:\/\/wapenhandelcolenbrander.nl\/de\/wp-json\/wp\/v2\/product"}],"about":[{"href":"https:\/\/wapenhandelcolenbrander.nl\/de\/wp-json\/wp\/v2\/types\/product"}],"version-history":[{"count":0,"href":"https:\/\/wapenhandelcolenbrander.nl\/de\/wp-json\/wp\/v2\/product\/49946\/revisions"}],"wp:featuredmedia":[{"embeddable":true,"href":"https:\/\/wapenhandelcolenbrander.nl\/de\/wp-json\/wp\/v2\/media\/40885"}],"wp:attachment":[{"href":"https:\/\/wapenhandelcolenbrander.nl\/de\/wp-json\/wp\/v2\/media?parent=49946"}],"wp:term":[{"taxonomy":"product_brand","embeddable":true,"href":"https:\/\/wapenhandelcolenbrander.nl\/de\/wp-json\/wp\/v2\/product_brand?post=49946"},{"taxonomy":"product_cat","embeddable":true,"href":"https:\/\/wapenhandelcolenbrander.nl\/de\/wp-json\/wp\/v2\/product_cat?post=49946"},{"taxonomy":"product_tag","embeddable":true,"href":"https:\/\/wapenhandelcolenbrander.nl\/de\/wp-json\/wp\/v2\/product_tag?post=49946"}],"curies":[{"name":"wp","href":"https:\/\/api.w.org\/{rel}","templated":true}]}}