{"id":49411,"date":"2024-05-17T11:12:07","date_gmt":"2024-05-17T09:12:07","guid":{"rendered":"https:\/\/wapenhandelcolenbrander.nl\/product\/hn-geschoss-hp-test-553-mm-218\/"},"modified":"2025-10-13T18:50:23","modified_gmt":"2025-10-13T16:50:23","slug":"hn-geschoss-hp-test-553-mm-218","status":"publish","type":"product","link":"https:\/\/wapenhandelcolenbrander.nl\/de\/produkt\/hn-geschoss-hp-test-553-mm-218\/","title":{"rendered":"H&amp;N Geschoss HP TEST 5,53 mm (.218)"},"content":{"rendered":"<p>H&amp;N Slug HP TEST Paket. Die Geschosse mit Hohlspitze sind speziell f\u00fcr die High Power PCP \u00fcber 26 Joule hergestellt.<\/p>\n<p>Sie \u00fcbertreffen herk\u00f6mmliche Diabolos auf gro\u00dfe Entfernungen.<\/p>\n<p style=\"text-align: left;\">Durch ihr zus\u00e4tzliches Gewicht und ihre aerodynamische Form sind die Geschosse \u00e4u\u00dferst pr\u00e4zise und haben dank einer hohen ballistischen Leistung eine gr\u00f6\u00dfere Wirkung.<\/p>\n<p>Verpackung: 5 verschiedene K\u00f6rner, etwa 30 St\u00fcck pro Tube<\/p>\n<p>Varianten: 21 gr (.217) 21 gr (.218)<\/p>\n<p>23 gr (.217) 23 gr (.218)<\/p>\n<p>25 gr (.217) 25 gr (.218)<\/p>\n<p>27 gr (.217) 27 gr (.218)<\/p>\n<p>30 gr (.217) 30 gr (.218)<\/p>\n","protected":false},"excerpt":{"rendered":"<p>H&amp;N Slug HP TEST Paket. Die Geschosse mit Hohlspitze sind speziell f\u00fcr die High Power PCP \u00fcber 26 Joule hergestellt.<\/p>\n","protected":false},"featured_media":35260,"template":"","meta":{"_monsterinsights_skip_tracking":false,"_monsterinsights_sitenote_active":false,"_monsterinsights_sitenote_note":"","_monsterinsights_sitenote_category":0},"product_brand":[],"product_cat":[995],"product_tag":[1113],"class_list":{"0":"post-49411","1":"product","2":"type-product","3":"status-publish","4":"has-post-thumbnail","6":"product_cat-luftgewehrkugeln","7":"product_tag-luftgewehrkugeln","9":"first","10":"instock","11":"taxable","12":"shipping-taxable","13":"purchasable","14":"product-type-simple"},"_links":{"self":[{"href":"https:\/\/wapenhandelcolenbrander.nl\/de\/wp-json\/wp\/v2\/product\/49411","targetHints":{"allow":["GET"]}}],"collection":[{"href":"https:\/\/wapenhandelcolenbrander.nl\/de\/wp-json\/wp\/v2\/product"}],"about":[{"href":"https:\/\/wapenhandelcolenbrander.nl\/de\/wp-json\/wp\/v2\/types\/product"}],"version-history":[{"count":0,"href":"https:\/\/wapenhandelcolenbrander.nl\/de\/wp-json\/wp\/v2\/product\/49411\/revisions"}],"wp:featuredmedia":[{"embeddable":true,"href":"https:\/\/wapenhandelcolenbrander.nl\/de\/wp-json\/wp\/v2\/media\/35260"}],"wp:attachment":[{"href":"https:\/\/wapenhandelcolenbrander.nl\/de\/wp-json\/wp\/v2\/media?parent=49411"}],"wp:term":[{"taxonomy":"product_brand","embeddable":true,"href":"https:\/\/wapenhandelcolenbrander.nl\/de\/wp-json\/wp\/v2\/product_brand?post=49411"},{"taxonomy":"product_cat","embeddable":true,"href":"https:\/\/wapenhandelcolenbrander.nl\/de\/wp-json\/wp\/v2\/product_cat?post=49411"},{"taxonomy":"product_tag","embeddable":true,"href":"https:\/\/wapenhandelcolenbrander.nl\/de\/wp-json\/wp\/v2\/product_tag?post=49411"}],"curies":[{"name":"wp","href":"https:\/\/api.w.org\/{rel}","templated":true}]}}