{"id":49406,"date":"2024-05-17T12:05:49","date_gmt":"2024-05-17T10:05:49","guid":{"rendered":"https:\/\/wapenhandelcolenbrander.nl\/product\/hikmicro-lynx-lc06s-waermebildkamera-der-einstiegsklasse\/"},"modified":"2026-01-28T11:59:30","modified_gmt":"2026-01-28T09:59:30","slug":"hikmicro-lynx-lc06s-waermebildkamera-der-einstiegsklasse","status":"publish","type":"product","link":"https:\/\/wapenhandelcolenbrander.nl\/de\/produkt\/hikmicro-lynx-lc06s-waermebildkamera-der-einstiegsklasse\/","title":{"rendered":"Hikmicro Lynx LC06S W\u00e4rmebildkamera der Einstiegsklasse"},"content":{"rendered":"<p>Die Hikmicro Lynx LC06S ist das Einsteigermodell von Hikmicro. Eine kompakte W\u00e4rmebildkamera mit einem 6,2 mm Objektiv und einer Aufl\u00f6sung von 160\u00d7120. Mit diesem Spotter k\u00f6nnen Sie W\u00e4rme bis zu 250 Meter weit aufsp\u00fcren.<\/p>\n<p>Das Lynx hat eine Akkulaufzeit von 10 Stunden. Wenn Sie den Standby-Modus aktivieren, kann diese Zeit verl\u00e4ngert werden. Mit dem mitgelieferten USB-Kabel kann es aufgeladen werden.<\/p>\n<p><strong>Farbpaletten  <\/strong><\/p>\n<ul>\n<li>Wei\u00dfe Hitze<\/li>\n<li>Schwarz Hei\u00df<\/li>\n<li>Fusion<\/li>\n<li>Rotgl\u00fchend<\/li>\n<\/ul>\n<p>Foto- und Videofunktion k\u00f6nnen gespeichert werden, Kapazit\u00e4t 8 GB.<\/p>\n<p><strong>Spezifikationen<\/strong><\/p>\n<p>Sensor: 160\u00d7120 17 um<br \/>\nNETD: weniger als 35mK<br \/>\nObjektiv: 6.2mm F1.1<br \/>\nSichtfeld: 24,7\u00d718,7<br \/>\nDigitaler Zoom: 1x, 2x, 4x<br \/>\nErfassungsbereich: 220m<br \/>\nBildfrequenz: 50Hz<br \/>\nBildschirm: 0,2 Zoll, LCOS, 720\u00d7540<br \/>\nAkkulaufzeit: bis zu 10 Stunden<br \/>\nAbmessungen: 158.3x61x57 mm<br \/>\nGewicht: 250g<br \/>\nWasserdicht: IP67<br \/>\nTemperatur: -20 bis +55 Grad Celcius<\/p>\n","protected":false},"excerpt":{"rendered":"<p>Die Hikmicro Lynx LC06S ist das Einsteigermodell von Hikmicro. Eine kompakte W\u00e4rmebildkamera mit einem 6,2 mm Objektiv und einer Aufl\u00f6sung<\/p>\n","protected":false},"featured_media":47660,"template":"","meta":{"_monsterinsights_skip_tracking":false,"_monsterinsights_sitenote_active":false,"_monsterinsights_sitenote_note":"","_monsterinsights_sitenote_category":0},"product_brand":[],"product_cat":[2635,852,1897,853],"product_tag":[1980],"class_list":{"0":"post-49406","1":"product","2":"type-product","3":"status-publish","4":"has-post-thumbnail","6":"product_cat-hikmicro-de","7":"product_cat-optik","8":"product_cat-warmebild","9":"product_cat-warmebildtechnik-und-nachtsicht","10":"product_tag-warmebild","12":"first","13":"outofstock","14":"taxable","15":"shipping-taxable","16":"purchasable","17":"product-type-simple"},"_links":{"self":[{"href":"https:\/\/wapenhandelcolenbrander.nl\/de\/wp-json\/wp\/v2\/product\/49406","targetHints":{"allow":["GET"]}}],"collection":[{"href":"https:\/\/wapenhandelcolenbrander.nl\/de\/wp-json\/wp\/v2\/product"}],"about":[{"href":"https:\/\/wapenhandelcolenbrander.nl\/de\/wp-json\/wp\/v2\/types\/product"}],"version-history":[{"count":1,"href":"https:\/\/wapenhandelcolenbrander.nl\/de\/wp-json\/wp\/v2\/product\/49406\/revisions"}],"predecessor-version":[{"id":70079,"href":"https:\/\/wapenhandelcolenbrander.nl\/de\/wp-json\/wp\/v2\/product\/49406\/revisions\/70079"}],"wp:featuredmedia":[{"embeddable":true,"href":"https:\/\/wapenhandelcolenbrander.nl\/de\/wp-json\/wp\/v2\/media\/47660"}],"wp:attachment":[{"href":"https:\/\/wapenhandelcolenbrander.nl\/de\/wp-json\/wp\/v2\/media?parent=49406"}],"wp:term":[{"taxonomy":"product_brand","embeddable":true,"href":"https:\/\/wapenhandelcolenbrander.nl\/de\/wp-json\/wp\/v2\/product_brand?post=49406"},{"taxonomy":"product_cat","embeddable":true,"href":"https:\/\/wapenhandelcolenbrander.nl\/de\/wp-json\/wp\/v2\/product_cat?post=49406"},{"taxonomy":"product_tag","embeddable":true,"href":"https:\/\/wapenhandelcolenbrander.nl\/de\/wp-json\/wp\/v2\/product_tag?post=49406"}],"curies":[{"name":"wp","href":"https:\/\/api.w.org\/{rel}","templated":true}]}}