{"id":49403,"date":"2024-05-15T15:34:09","date_gmt":"2024-05-15T13:34:09","guid":{"rendered":"https:\/\/wapenhandelcolenbrander.nl\/product\/hn-baracuda-hunter-extreme-635mm-25-150-stueck\/"},"modified":"2026-01-28T16:41:12","modified_gmt":"2026-01-28T14:41:12","slug":"hn-baracuda-hunter-extreme-635mm-25-150-stueck","status":"publish","type":"product","link":"https:\/\/wapenhandelcolenbrander.nl\/de\/produkt\/hn-baracuda-hunter-extreme-635mm-25-150-stueck\/","title":{"rendered":"H&amp;N Baracuda Hunter Extreme 6,35mm \/ .25 150 St\u00fcck"},"content":{"rendered":"<p>H&amp;N Baracuda Hunter Extreme 6,35 mm. Verpackt in einer Schachtel mit 150 St\u00fcck. Ein schweres, aber pr\u00e4zises Luftgewehrgeschoss, das f\u00fcr die Jagd entwickelt wurde.<\/p>\n<p>Sein kreuzf\u00f6rmiger, konkaver Kopf maximiert die Sto\u00dfwirkung beim Aufprall. aerodynamisches Design.<\/p>\n","protected":false},"excerpt":{"rendered":"<p>H&amp;N Baracuda Hunter Extreme 6,35 mm. Verpackt in einer Schachtel mit 150 St\u00fcck. Ein schweres, aber pr\u00e4zises Luftgewehrgeschoss, das f\u00fcr<\/p>\n","protected":false},"featured_media":47606,"template":"","meta":{"_monsterinsights_skip_tracking":false,"_monsterinsights_sitenote_active":false,"_monsterinsights_sitenote_note":"","_monsterinsights_sitenote_category":0},"product_brand":[],"product_cat":[995],"product_tag":[1113],"class_list":{"0":"post-49403","1":"product","2":"type-product","3":"status-publish","4":"has-post-thumbnail","6":"product_cat-luftgewehrkugeln","7":"product_tag-luftgewehrkugeln","9":"first","10":"outofstock","11":"taxable","12":"shipping-taxable","13":"purchasable","14":"product-type-simple"},"_links":{"self":[{"href":"https:\/\/wapenhandelcolenbrander.nl\/de\/wp-json\/wp\/v2\/product\/49403","targetHints":{"allow":["GET"]}}],"collection":[{"href":"https:\/\/wapenhandelcolenbrander.nl\/de\/wp-json\/wp\/v2\/product"}],"about":[{"href":"https:\/\/wapenhandelcolenbrander.nl\/de\/wp-json\/wp\/v2\/types\/product"}],"version-history":[{"count":0,"href":"https:\/\/wapenhandelcolenbrander.nl\/de\/wp-json\/wp\/v2\/product\/49403\/revisions"}],"wp:featuredmedia":[{"embeddable":true,"href":"https:\/\/wapenhandelcolenbrander.nl\/de\/wp-json\/wp\/v2\/media\/47606"}],"wp:attachment":[{"href":"https:\/\/wapenhandelcolenbrander.nl\/de\/wp-json\/wp\/v2\/media?parent=49403"}],"wp:term":[{"taxonomy":"product_brand","embeddable":true,"href":"https:\/\/wapenhandelcolenbrander.nl\/de\/wp-json\/wp\/v2\/product_brand?post=49403"},{"taxonomy":"product_cat","embeddable":true,"href":"https:\/\/wapenhandelcolenbrander.nl\/de\/wp-json\/wp\/v2\/product_cat?post=49403"},{"taxonomy":"product_tag","embeddable":true,"href":"https:\/\/wapenhandelcolenbrander.nl\/de\/wp-json\/wp\/v2\/product_tag?post=49403"}],"curies":[{"name":"wp","href":"https:\/\/api.w.org\/{rel}","templated":true}]}}