{"id":49402,"date":"2024-05-14T12:55:13","date_gmt":"2024-05-14T10:55:13","guid":{"rendered":"https:\/\/wapenhandelcolenbrander.nl\/product\/jsb-exact-king-heavy-mkii-6-35-25-150-stueck\/"},"modified":"2026-01-28T12:18:30","modified_gmt":"2026-01-28T10:18:30","slug":"jsb-exact-king-heavy-mkii-6-35-25-150-stueck","status":"publish","type":"product","link":"https:\/\/wapenhandelcolenbrander.nl\/de\/produkt\/jsb-exact-king-heavy-mkii-6-35-25-150-stueck\/","title":{"rendered":"JSB Exact King Heavy MKII 6.35\/.25 150 St\u00fcck"},"content":{"rendered":"<p>JSB Exact King Heavy MKII. .25 \/ 6.35 mm verpackt pro 150 St\u00fcck.<\/p>\n<p>Sein hohes Gewicht, das pr\u00e4zise Design, die perfekte Gewichtsverteilung und die sehr sorgf\u00e4ltige Fertigung machen das JSB Exact King Heavy 6,35mm zu einem extrem sauberen und zuverl\u00e4ssigen Geschoss.<\/p>\n<p>Der JSB Exact King Heavy ist jetzt auch in der Heavy-Version erh\u00e4ltlich! Die MK2-Version hat eine schmalere Sch\u00fcrze, wodurch sie f\u00fcr bestimmte Magazintypen besser geeignet ist.<\/p>\n","protected":false},"excerpt":{"rendered":"<p>JSB Exact King Heavy MKII. .25 \/ 6.35 mm verpackt pro 150 St\u00fcck. Sein hohes Gewicht, das pr\u00e4zise Design, die<\/p>\n","protected":false},"featured_media":47509,"template":"","meta":{"_monsterinsights_skip_tracking":false,"_monsterinsights_sitenote_active":false,"_monsterinsights_sitenote_note":"","_monsterinsights_sitenote_category":0},"product_brand":[],"product_cat":[995],"product_tag":[1113],"class_list":{"0":"post-49402","1":"product","2":"type-product","3":"status-publish","4":"has-post-thumbnail","6":"product_cat-luftgewehrkugeln","7":"product_tag-luftgewehrkugeln","9":"first","10":"outofstock","11":"taxable","12":"shipping-taxable","13":"purchasable","14":"product-type-simple"},"_links":{"self":[{"href":"https:\/\/wapenhandelcolenbrander.nl\/de\/wp-json\/wp\/v2\/product\/49402","targetHints":{"allow":["GET"]}}],"collection":[{"href":"https:\/\/wapenhandelcolenbrander.nl\/de\/wp-json\/wp\/v2\/product"}],"about":[{"href":"https:\/\/wapenhandelcolenbrander.nl\/de\/wp-json\/wp\/v2\/types\/product"}],"version-history":[{"count":1,"href":"https:\/\/wapenhandelcolenbrander.nl\/de\/wp-json\/wp\/v2\/product\/49402\/revisions"}],"predecessor-version":[{"id":49413,"href":"https:\/\/wapenhandelcolenbrander.nl\/de\/wp-json\/wp\/v2\/product\/49402\/revisions\/49413"}],"wp:featuredmedia":[{"embeddable":true,"href":"https:\/\/wapenhandelcolenbrander.nl\/de\/wp-json\/wp\/v2\/media\/47509"}],"wp:attachment":[{"href":"https:\/\/wapenhandelcolenbrander.nl\/de\/wp-json\/wp\/v2\/media?parent=49402"}],"wp:term":[{"taxonomy":"product_brand","embeddable":true,"href":"https:\/\/wapenhandelcolenbrander.nl\/de\/wp-json\/wp\/v2\/product_brand?post=49402"},{"taxonomy":"product_cat","embeddable":true,"href":"https:\/\/wapenhandelcolenbrander.nl\/de\/wp-json\/wp\/v2\/product_cat?post=49402"},{"taxonomy":"product_tag","embeddable":true,"href":"https:\/\/wapenhandelcolenbrander.nl\/de\/wp-json\/wp\/v2\/product_tag?post=49402"}],"curies":[{"name":"wp","href":"https:\/\/api.w.org\/{rel}","templated":true}]}}