{"id":49390,"date":"2024-05-14T14:19:43","date_gmt":"2024-05-14T12:19:43","guid":{"rendered":"https:\/\/wapenhandelcolenbrander.nl\/product\/castellani-schiessweste-ambisport-schwarz\/"},"modified":"2024-05-14T14:19:43","modified_gmt":"2024-05-14T12:19:43","slug":"castellani-schiessweste-ambisport-schwarz","status":"publish","type":"product","link":"https:\/\/wapenhandelcolenbrander.nl\/de\/produkt\/castellani-schiessweste-ambisport-schwarz\/","title":{"rendered":"Castellani Schie\u00dfweste Ambisport &#8211; Schwarz"},"content":{"rendered":"<p>Castellani Schie\u00dfweste Ambisport &#8211; Schwarz<\/p>\n<p>Die Castellani Schie\u00dfwesten sind mit allem ausgestattet, was Sie f\u00fcr das Skeetschie\u00dfen ben\u00f6tigen!<\/p>\n<p>Ausgestattet mit 2 doppelten Vordertaschen, 1 kleinen Brusttasche, 2 Clips auf der R\u00fcckseite f\u00fcr eine eventuelle Startnummer und einem Ring an der Unterseite der Nahtseite. Der Rei\u00dfverschluss der Schie\u00dfweste verl\u00e4uft schr\u00e4g zur nicht schie\u00dfenden Seite, auf der schie\u00dfenden Seite hat die Weste einen kurzen \u00c4rmel aus geschmeidigem Strechstoff.<\/p>\n<p><strong>Alle anderen Castellani Schie\u00dfsportwesten und\/oder Farben erh\u00e4ltlich cq. bestellbar.<\/strong><\/p>\n<p><strong>Der Waffenh\u00e4ndler Colenbrander ist NL-Importeur von Castellani.<\/strong><\/p>\n<p><strong>Alle Schie\u00dfwesten k\u00f6nnen auch f\u00fcr Linksh\u00e4nder bestellt werden. Bestellungen werden bis zu 5 St\u00fcck gesammelt, wenn Sie m\u00f6chten, dass wir direkt bestellen, ist die zus\u00e4tzlichen Kosten 10,00 wegen der Versandkosten. Sie k\u00f6nnen dies alles in einer E-Mail weiterleiten: info@wapenhandelcolenbrander.nl<\/strong><\/p>\n<p><strong>Bald mehrere Typen auf der Website unter der Rubrik Schie\u00dfwesten, f\u00fcr weitere Informationen rufen Sie bitte 0314-631270. Wir helfen Ihnen gerne weiter.<\/strong><\/p>\n","protected":false},"excerpt":{"rendered":"<p>Castellani Schie\u00dfweste Ambisport &#8211; Schwarz Die Castellani Schie\u00dfwesten sind mit allem ausgestattet, was Sie f\u00fcr das Skeetschie\u00dfen ben\u00f6tigen! Ausgestattet mit<\/p>\n","protected":false},"featured_media":47522,"template":"","meta":{"_monsterinsights_skip_tracking":false,"_monsterinsights_sitenote_active":false,"_monsterinsights_sitenote_note":"","_monsterinsights_sitenote_category":0},"product_brand":[],"product_cat":[878,939],"product_tag":[2224],"class_list":{"0":"post-49390","1":"product","2":"type-product","3":"status-publish","4":"has-post-thumbnail","6":"product_cat-kleidung","7":"product_cat-schieswesten","8":"product_tag-schiesweste","10":"first","11":"instock","12":"taxable","13":"shipping-taxable","14":"purchasable","15":"product-type-variable"},"_links":{"self":[{"href":"https:\/\/wapenhandelcolenbrander.nl\/de\/wp-json\/wp\/v2\/product\/49390","targetHints":{"allow":["GET"]}}],"collection":[{"href":"https:\/\/wapenhandelcolenbrander.nl\/de\/wp-json\/wp\/v2\/product"}],"about":[{"href":"https:\/\/wapenhandelcolenbrander.nl\/de\/wp-json\/wp\/v2\/types\/product"}],"version-history":[{"count":0,"href":"https:\/\/wapenhandelcolenbrander.nl\/de\/wp-json\/wp\/v2\/product\/49390\/revisions"}],"wp:featuredmedia":[{"embeddable":true,"href":"https:\/\/wapenhandelcolenbrander.nl\/de\/wp-json\/wp\/v2\/media\/47522"}],"wp:attachment":[{"href":"https:\/\/wapenhandelcolenbrander.nl\/de\/wp-json\/wp\/v2\/media?parent=49390"}],"wp:term":[{"taxonomy":"product_brand","embeddable":true,"href":"https:\/\/wapenhandelcolenbrander.nl\/de\/wp-json\/wp\/v2\/product_brand?post=49390"},{"taxonomy":"product_cat","embeddable":true,"href":"https:\/\/wapenhandelcolenbrander.nl\/de\/wp-json\/wp\/v2\/product_cat?post=49390"},{"taxonomy":"product_tag","embeddable":true,"href":"https:\/\/wapenhandelcolenbrander.nl\/de\/wp-json\/wp\/v2\/product_tag?post=49390"}],"curies":[{"name":"wp","href":"https:\/\/api.w.org\/{rel}","templated":true}]}}