{"id":49387,"date":"2024-05-14T11:31:25","date_gmt":"2024-05-14T09:31:25","guid":{"rendered":"https:\/\/wapenhandelcolenbrander.nl\/product\/jsb-exact-king-heavy-635-mm-25-150-stueck\/"},"modified":"2026-04-07T20:43:31","modified_gmt":"2026-04-07T18:43:31","slug":"jsb-exact-king-heavy-635-mm-25-150-stueck","status":"publish","type":"product","link":"https:\/\/wapenhandelcolenbrander.nl\/de\/produkt\/jsb-exact-king-heavy-635-mm-25-150-stueck\/","title":{"rendered":"JSB Exact King Heavy 6,35 mm\/.25 150 St\u00fcck"},"content":{"rendered":"<p>JSB Exact King Heavy 6,35 mm verpackt in einer Schachtel mit 150 St\u00fcck.<\/p>\n<p>Der JSB Exact King Heavy ist pr\u00e4zise entworfen, sehr sorgf\u00e4ltig hergestellt und von Hand gepr\u00fcft. All dies sorgt f\u00fcr ein extrem sauberes und zuverl\u00e4ssiges Luftgeschoss.<\/p>\n<p>33.95 Getreide<\/p>\n","protected":false},"excerpt":{"rendered":"<p>JSB Exact King Heavy 6,35 mm verpackt in einer Schachtel mit 150 St\u00fcck. Der JSB Exact King Heavy ist pr\u00e4zise<\/p>\n","protected":false},"featured_media":47431,"template":"","meta":{"_monsterinsights_skip_tracking":false,"_monsterinsights_sitenote_active":false,"_monsterinsights_sitenote_note":"","_monsterinsights_sitenote_category":0},"product_brand":[],"product_cat":[995],"product_tag":[1113],"class_list":{"0":"post-49387","1":"product","2":"type-product","3":"status-publish","4":"has-post-thumbnail","6":"product_cat-luftgewehrkugeln","7":"product_tag-luftgewehrkugeln","9":"first","10":"instock","11":"taxable","12":"shipping-taxable","13":"purchasable","14":"product-type-simple"},"_links":{"self":[{"href":"https:\/\/wapenhandelcolenbrander.nl\/de\/wp-json\/wp\/v2\/product\/49387","targetHints":{"allow":["GET"]}}],"collection":[{"href":"https:\/\/wapenhandelcolenbrander.nl\/de\/wp-json\/wp\/v2\/product"}],"about":[{"href":"https:\/\/wapenhandelcolenbrander.nl\/de\/wp-json\/wp\/v2\/types\/product"}],"version-history":[{"count":1,"href":"https:\/\/wapenhandelcolenbrander.nl\/de\/wp-json\/wp\/v2\/product\/49387\/revisions"}],"predecessor-version":[{"id":76475,"href":"https:\/\/wapenhandelcolenbrander.nl\/de\/wp-json\/wp\/v2\/product\/49387\/revisions\/76475"}],"wp:featuredmedia":[{"embeddable":true,"href":"https:\/\/wapenhandelcolenbrander.nl\/de\/wp-json\/wp\/v2\/media\/47431"}],"wp:attachment":[{"href":"https:\/\/wapenhandelcolenbrander.nl\/de\/wp-json\/wp\/v2\/media?parent=49387"}],"wp:term":[{"taxonomy":"product_brand","embeddable":true,"href":"https:\/\/wapenhandelcolenbrander.nl\/de\/wp-json\/wp\/v2\/product_brand?post=49387"},{"taxonomy":"product_cat","embeddable":true,"href":"https:\/\/wapenhandelcolenbrander.nl\/de\/wp-json\/wp\/v2\/product_cat?post=49387"},{"taxonomy":"product_tag","embeddable":true,"href":"https:\/\/wapenhandelcolenbrander.nl\/de\/wp-json\/wp\/v2\/product_tag?post=49387"}],"curies":[{"name":"wp","href":"https:\/\/api.w.org\/{rel}","templated":true}]}}