{"id":49383,"date":"2024-05-14T11:13:19","date_gmt":"2024-05-14T09:13:19","guid":{"rendered":"https:\/\/wapenhandelcolenbrander.nl\/product\/jsb-exact-jumbo-diabolo-552-mm-22-250-stueck\/"},"modified":"2026-03-26T17:14:06","modified_gmt":"2026-03-26T15:14:06","slug":"jsb-exact-jumbo-diabolo-552-mm-22-250-stueck","status":"publish","type":"product","link":"https:\/\/wapenhandelcolenbrander.nl\/de\/produkt\/jsb-exact-jumbo-diabolo-552-mm-22-250-stueck\/","title":{"rendered":"JSB Exact Jumbo Diabolo 5,52 mm \/ .22 250 St\u00fcck"},"content":{"rendered":"<p>JSB Exact Jumbo Diabolo 5,52 mm \/ .22 verpackt in einer Schachtel mit 250 St\u00fcck.<\/p>\n<p>Dieses Diabolo von JSB Match hat ein Kaliber von 5,52 mm und ist f\u00fcr die st\u00e4rkeren Gewehre geeignet. Das Kaliber gibt dem Geschoss einen engeren Sitz, was zu einem besseren Schuss f\u00fchren kann. Ein sehr ge\u00fcbter Sch\u00fctze mit einem pr\u00e4zisen Gewehr, der aufgesetzt schie\u00dft, w\u00fcrde einen Unterschied zwischen einer Standard 5,5 mm oder einer 5,52 mm Kugel feststellen k\u00f6nnen.<\/p>\n<p>Dieses Jumbo Diabolo ist aufgrund seiner Qualit\u00e4t und seines Designs zu Recht ein Spitzenprodukt!<\/p>\n<p>15.89 Korn<\/p>\n<p>&nbsp;<\/p>\n","protected":false},"excerpt":{"rendered":"<p>JSB Exact Jumbo Diabolo 5,52 mm \/ .22 verpackt in einer Schachtel mit 250 St\u00fcck. Dieses Diabolo von JSB Match<\/p>\n","protected":false},"featured_media":47417,"template":"","meta":{"_monsterinsights_skip_tracking":false,"_monsterinsights_sitenote_active":false,"_monsterinsights_sitenote_note":"","_monsterinsights_sitenote_category":0},"product_brand":[],"product_cat":[995],"product_tag":[1113],"class_list":{"0":"post-49383","1":"product","2":"type-product","3":"status-publish","4":"has-post-thumbnail","6":"product_cat-luftgewehrkugeln","7":"product_tag-luftgewehrkugeln","9":"first","10":"instock","11":"taxable","12":"shipping-taxable","13":"purchasable","14":"product-type-simple"},"_links":{"self":[{"href":"https:\/\/wapenhandelcolenbrander.nl\/de\/wp-json\/wp\/v2\/product\/49383","targetHints":{"allow":["GET"]}}],"collection":[{"href":"https:\/\/wapenhandelcolenbrander.nl\/de\/wp-json\/wp\/v2\/product"}],"about":[{"href":"https:\/\/wapenhandelcolenbrander.nl\/de\/wp-json\/wp\/v2\/types\/product"}],"version-history":[{"count":0,"href":"https:\/\/wapenhandelcolenbrander.nl\/de\/wp-json\/wp\/v2\/product\/49383\/revisions"}],"wp:featuredmedia":[{"embeddable":true,"href":"https:\/\/wapenhandelcolenbrander.nl\/de\/wp-json\/wp\/v2\/media\/47417"}],"wp:attachment":[{"href":"https:\/\/wapenhandelcolenbrander.nl\/de\/wp-json\/wp\/v2\/media?parent=49383"}],"wp:term":[{"taxonomy":"product_brand","embeddable":true,"href":"https:\/\/wapenhandelcolenbrander.nl\/de\/wp-json\/wp\/v2\/product_brand?post=49383"},{"taxonomy":"product_cat","embeddable":true,"href":"https:\/\/wapenhandelcolenbrander.nl\/de\/wp-json\/wp\/v2\/product_cat?post=49383"},{"taxonomy":"product_tag","embeddable":true,"href":"https:\/\/wapenhandelcolenbrander.nl\/de\/wp-json\/wp\/v2\/product_tag?post=49383"}],"curies":[{"name":"wp","href":"https:\/\/api.w.org\/{rel}","templated":true}]}}