{"id":49379,"date":"2024-05-14T10:42:53","date_gmt":"2024-05-14T08:42:53","guid":{"rendered":"https:\/\/wapenhandelcolenbrander.nl\/product\/jsb-predator-polymag-55-mm-22-200-stueck\/"},"modified":"2026-03-08T23:27:37","modified_gmt":"2026-03-08T21:27:37","slug":"jsb-predator-polymag-55-mm-22-200-stueck","status":"publish","type":"product","link":"https:\/\/wapenhandelcolenbrander.nl\/de\/produkt\/jsb-predator-polymag-55-mm-22-200-stueck\/","title":{"rendered":"JSB Predator Polymag 5,5 mm\/.22 200 St\u00fcck"},"content":{"rendered":"<p>JSB Predator Polymag 5,5 mm\/.22 verpackt in einer Schachtel mit 200 St\u00fcck.<\/p>\n<p>Diese 16-Grain-Luftgewehrkugeln haben eine spezielle Polymerspitze, die beim Aufprall f\u00fcr zus\u00e4tzliche Penetration sorgt. Beim Aufprall dehnt sich das hohle Geschoss aus und sorgt so f\u00fcr eine maximale Schockwirkung. Eine sehr gute Jagdpistole!<\/p>\n<p>&nbsp;<\/p>\n<p>&nbsp;<\/p>\n","protected":false},"excerpt":{"rendered":"<p>JSB Predator Polymag 5,5 mm\/.22 verpackt in einer Schachtel mit 200 St\u00fcck. Diese 16-Grain-Luftgewehrkugeln haben eine spezielle Polymerspitze, die beim<\/p>\n","protected":false},"featured_media":47399,"template":"","meta":{"_monsterinsights_skip_tracking":false,"_monsterinsights_sitenote_active":false,"_monsterinsights_sitenote_note":"","_monsterinsights_sitenote_category":0},"product_brand":[],"product_cat":[995],"product_tag":[1113],"class_list":{"0":"post-49379","1":"product","2":"type-product","3":"status-publish","4":"has-post-thumbnail","6":"product_cat-luftgewehrkugeln","7":"product_tag-luftgewehrkugeln","9":"first","10":"instock","11":"taxable","12":"shipping-taxable","13":"purchasable","14":"product-type-simple"},"_links":{"self":[{"href":"https:\/\/wapenhandelcolenbrander.nl\/de\/wp-json\/wp\/v2\/product\/49379","targetHints":{"allow":["GET"]}}],"collection":[{"href":"https:\/\/wapenhandelcolenbrander.nl\/de\/wp-json\/wp\/v2\/product"}],"about":[{"href":"https:\/\/wapenhandelcolenbrander.nl\/de\/wp-json\/wp\/v2\/types\/product"}],"version-history":[{"count":0,"href":"https:\/\/wapenhandelcolenbrander.nl\/de\/wp-json\/wp\/v2\/product\/49379\/revisions"}],"wp:featuredmedia":[{"embeddable":true,"href":"https:\/\/wapenhandelcolenbrander.nl\/de\/wp-json\/wp\/v2\/media\/47399"}],"wp:attachment":[{"href":"https:\/\/wapenhandelcolenbrander.nl\/de\/wp-json\/wp\/v2\/media?parent=49379"}],"wp:term":[{"taxonomy":"product_brand","embeddable":true,"href":"https:\/\/wapenhandelcolenbrander.nl\/de\/wp-json\/wp\/v2\/product_brand?post=49379"},{"taxonomy":"product_cat","embeddable":true,"href":"https:\/\/wapenhandelcolenbrander.nl\/de\/wp-json\/wp\/v2\/product_cat?post=49379"},{"taxonomy":"product_tag","embeddable":true,"href":"https:\/\/wapenhandelcolenbrander.nl\/de\/wp-json\/wp\/v2\/product_tag?post=49379"}],"curies":[{"name":"wp","href":"https:\/\/api.w.org\/{rel}","templated":true}]}}