{"id":49378,"date":"2024-05-08T09:23:48","date_gmt":"2024-05-08T07:23:48","guid":{"rendered":"https:\/\/wapenhandelcolenbrander.nl\/product\/rusan-reduzierring-fuer-hikmicro-thunder-und-aehnliche\/"},"modified":"2026-02-04T20:20:44","modified_gmt":"2026-02-04T18:20:44","slug":"rusan-reduzierring-fuer-hikmicro-thunder-und-aehnliche","status":"publish","type":"product","link":"https:\/\/wapenhandelcolenbrander.nl\/de\/produkt\/rusan-reduzierring-fuer-hikmicro-thunder-und-aehnliche\/","title":{"rendered":"Rusan Reduzierring f\u00fcr Hikmicro Thunder und \u00e4hnliche"},"content":{"rendered":"<p>Rusan Reduction Ring. Dieser Reduzierring kann f\u00fcr die Hikmicro Thunder und \u00e4hnliche verwendet werden.<\/p>\n<p>Artikel Nummer: RUSARRH1<\/p>\n<p>&nbsp;<\/p>\n","protected":false},"excerpt":{"rendered":"<p>Rusan Reduction Ring. Dieser Reduzierring kann f\u00fcr die Hikmicro Thunder und \u00e4hnliche verwendet werden. Artikel Nummer: RUSARRH1 &nbsp;<\/p>\n","protected":false},"featured_media":47022,"template":"","meta":{"_monsterinsights_skip_tracking":false,"_monsterinsights_sitenote_active":false,"_monsterinsights_sitenote_note":"","_monsterinsights_sitenote_category":0},"product_brand":[],"product_cat":[1023,852,853],"product_tag":[],"class_list":{"0":"post-49378","1":"product","2":"type-product","3":"status-publish","4":"has-post-thumbnail","6":"product_cat-halterungen-und-zubehor","7":"product_cat-optik","8":"product_cat-warmebildtechnik-und-nachtsicht","10":"first","11":"instock","12":"taxable","13":"shipping-taxable","14":"purchasable","15":"product-type-simple"},"_links":{"self":[{"href":"https:\/\/wapenhandelcolenbrander.nl\/de\/wp-json\/wp\/v2\/product\/49378","targetHints":{"allow":["GET"]}}],"collection":[{"href":"https:\/\/wapenhandelcolenbrander.nl\/de\/wp-json\/wp\/v2\/product"}],"about":[{"href":"https:\/\/wapenhandelcolenbrander.nl\/de\/wp-json\/wp\/v2\/types\/product"}],"version-history":[{"count":0,"href":"https:\/\/wapenhandelcolenbrander.nl\/de\/wp-json\/wp\/v2\/product\/49378\/revisions"}],"wp:featuredmedia":[{"embeddable":true,"href":"https:\/\/wapenhandelcolenbrander.nl\/de\/wp-json\/wp\/v2\/media\/47022"}],"wp:attachment":[{"href":"https:\/\/wapenhandelcolenbrander.nl\/de\/wp-json\/wp\/v2\/media?parent=49378"}],"wp:term":[{"taxonomy":"product_brand","embeddable":true,"href":"https:\/\/wapenhandelcolenbrander.nl\/de\/wp-json\/wp\/v2\/product_brand?post=49378"},{"taxonomy":"product_cat","embeddable":true,"href":"https:\/\/wapenhandelcolenbrander.nl\/de\/wp-json\/wp\/v2\/product_cat?post=49378"},{"taxonomy":"product_tag","embeddable":true,"href":"https:\/\/wapenhandelcolenbrander.nl\/de\/wp-json\/wp\/v2\/product_tag?post=49378"}],"curies":[{"name":"wp","href":"https:\/\/api.w.org\/{rel}","templated":true}]}}