{"id":49376,"date":"2024-05-03T14:24:11","date_gmt":"2024-05-03T12:24:11","guid":{"rendered":"https:\/\/wapenhandelcolenbrander.nl\/product\/geschosse-javelin-cal-300-64-grain-100-stueck\/"},"modified":"2024-05-03T14:24:11","modified_gmt":"2024-05-03T12:24:11","slug":"geschosse-javelin-cal-300-64-grain-100-stueck","status":"publish","type":"product","link":"https:\/\/wapenhandelcolenbrander.nl\/de\/produkt\/geschosse-javelin-cal-300-64-grain-100-stueck\/","title":{"rendered":"Geschosse Javelin cal .300 64 grain 100 St\u00fcck"},"content":{"rendered":"<p>Geschosse Javelin cal .300 64 grain 100 St\u00fcck.<\/p>\n<p>Javelin-Geschosse wurden entwickelt, um den ballistischen Koeffizienten zu maximieren und dies mit einer hohen Schlagkraft zu kombinieren.<\/p>\n<p>Die Geschosse werden mit Doppler-Radar ballistisch getestet, was zu hochwertigen Geschossen f\u00fchrt.<\/p>\n<p>Perfekt f\u00fcr den Einsatz auf gro\u00dfe Entfernungen und stark reduzierte Empfindlichkeit gegen\u00fcber externen Faktoren.<\/p>\n<p>Beim Aufprall verformen die Hohlspitzen das Geschoss schnell. Das f\u00fchrt zu einem gro\u00dfen Schockeffekt.<\/p>\n<ul>\n<li>Kaliber .300.<\/li>\n<li>64 Korn<\/li>\n<li>100 Einheiten<\/li>\n<li>Hohlspitze<\/li>\n<\/ul>\n","protected":false},"excerpt":{"rendered":"<p>Geschosse Javelin cal .300 64 grain 100 St\u00fcck. Javelin-Geschosse wurden entwickelt, um den ballistischen Koeffizienten zu maximieren und dies mit<\/p>\n","protected":false},"featured_media":46742,"template":"","meta":{"_monsterinsights_skip_tracking":false,"_monsterinsights_sitenote_active":false,"_monsterinsights_sitenote_note":"","_monsterinsights_sitenote_category":0},"product_brand":[],"product_cat":[995],"product_tag":[1113],"class_list":{"0":"post-49376","1":"product","2":"type-product","3":"status-publish","4":"has-post-thumbnail","6":"product_cat-luftgewehrkugeln","7":"product_tag-luftgewehrkugeln","9":"first","10":"outofstock","11":"taxable","12":"shipping-taxable","13":"purchasable","14":"product-type-simple"},"_links":{"self":[{"href":"https:\/\/wapenhandelcolenbrander.nl\/de\/wp-json\/wp\/v2\/product\/49376","targetHints":{"allow":["GET"]}}],"collection":[{"href":"https:\/\/wapenhandelcolenbrander.nl\/de\/wp-json\/wp\/v2\/product"}],"about":[{"href":"https:\/\/wapenhandelcolenbrander.nl\/de\/wp-json\/wp\/v2\/types\/product"}],"version-history":[{"count":0,"href":"https:\/\/wapenhandelcolenbrander.nl\/de\/wp-json\/wp\/v2\/product\/49376\/revisions"}],"wp:featuredmedia":[{"embeddable":true,"href":"https:\/\/wapenhandelcolenbrander.nl\/de\/wp-json\/wp\/v2\/media\/46742"}],"wp:attachment":[{"href":"https:\/\/wapenhandelcolenbrander.nl\/de\/wp-json\/wp\/v2\/media?parent=49376"}],"wp:term":[{"taxonomy":"product_brand","embeddable":true,"href":"https:\/\/wapenhandelcolenbrander.nl\/de\/wp-json\/wp\/v2\/product_brand?post=49376"},{"taxonomy":"product_cat","embeddable":true,"href":"https:\/\/wapenhandelcolenbrander.nl\/de\/wp-json\/wp\/v2\/product_cat?post=49376"},{"taxonomy":"product_tag","embeddable":true,"href":"https:\/\/wapenhandelcolenbrander.nl\/de\/wp-json\/wp\/v2\/product_tag?post=49376"}],"curies":[{"name":"wp","href":"https:\/\/api.w.org\/{rel}","templated":true}]}}