{"id":49323,"date":"2024-05-22T13:50:55","date_gmt":"2024-05-22T11:50:55","guid":{"rendered":"https:\/\/wapenhandelcolenbrander.nl\/product\/browning-ultimate-activ-reversible-jacke-braun-realtree-groesse-s\/"},"modified":"2024-05-22T13:50:55","modified_gmt":"2024-05-22T11:50:55","slug":"browning-ultimate-activ-reversible-jacke-braun-realtree-groesse-s","status":"publish","type":"product","link":"https:\/\/wapenhandelcolenbrander.nl\/de\/produkt\/browning-ultimate-activ-reversible-jacke-braun-realtree-groesse-s\/","title":{"rendered":"Browning Ultimate Activ Reversible Jacke &#8211; Braun \/ Realtree &#8211; Gr\u00f6\u00dfe S"},"content":{"rendered":"<p>Browning Ultimate Activ Reversible Jacke in Gr\u00f6\u00dfe S<\/p>\n<p>Sch\u00f6ne Browning Jacke, wind- und wasserdicht, aus einem weichen Stoff. Beidseitig verwendbar: Dunkelbraun oder Realtree.<\/p>\n<p>Ausgestattet mit 6 Vordertaschen, die auf beiden Trageseiten angebracht sind und alle mit einem Rei\u00dfverschluss versehen sind. Die Taschen sind durch ein Netzgewebe getrennt. Der Boden der Jacke ist durch eine elastische Kordel in der Jackentasche verstellbar. Die Enden der \u00c4rmel sind mit einem Klettverschluss verstellbar.<\/p>\n<ul>\n<li>Atmungsaktiv &#8211; atmungsaktiver Stoff<\/li>\n<li>Winddicht &#8211; Winddicht mit Woindpro-Membran<\/li>\n<li>Wasserabweisend<\/li>\n<li>Leichtgewicht<\/li>\n<li>wendbar<\/li>\n<li>Stretchmaterial<\/li>\n<\/ul>\n","protected":false},"excerpt":{"rendered":"<p>Browning Ultimate Activ Reversible Jacke in Gr\u00f6\u00dfe S Sch\u00f6ne Browning Jacke, wind- und wasserdicht, aus einem weichen Stoff. Beidseitig verwendbar:<\/p>\n","protected":false},"featured_media":48043,"template":"","meta":{"_monsterinsights_skip_tracking":false,"_monsterinsights_sitenote_active":false,"_monsterinsights_sitenote_note":"","_monsterinsights_sitenote_category":0},"product_brand":[],"product_cat":[917,895,878,1052],"product_tag":[],"class_list":{"0":"post-49323","1":"product","2":"type-product","3":"status-publish","4":"has-post-thumbnail","6":"product_cat-jacken","7":"product_cat-kleidung-de","8":"product_cat-kleidung","9":"product_cat-outlet-de","11":"first","12":"outofstock","13":"taxable","14":"shipping-taxable","15":"purchasable","16":"product-type-simple"},"_links":{"self":[{"href":"https:\/\/wapenhandelcolenbrander.nl\/de\/wp-json\/wp\/v2\/product\/49323","targetHints":{"allow":["GET"]}}],"collection":[{"href":"https:\/\/wapenhandelcolenbrander.nl\/de\/wp-json\/wp\/v2\/product"}],"about":[{"href":"https:\/\/wapenhandelcolenbrander.nl\/de\/wp-json\/wp\/v2\/types\/product"}],"version-history":[{"count":0,"href":"https:\/\/wapenhandelcolenbrander.nl\/de\/wp-json\/wp\/v2\/product\/49323\/revisions"}],"wp:featuredmedia":[{"embeddable":true,"href":"https:\/\/wapenhandelcolenbrander.nl\/de\/wp-json\/wp\/v2\/media\/48043"}],"wp:attachment":[{"href":"https:\/\/wapenhandelcolenbrander.nl\/de\/wp-json\/wp\/v2\/media?parent=49323"}],"wp:term":[{"taxonomy":"product_brand","embeddable":true,"href":"https:\/\/wapenhandelcolenbrander.nl\/de\/wp-json\/wp\/v2\/product_brand?post=49323"},{"taxonomy":"product_cat","embeddable":true,"href":"https:\/\/wapenhandelcolenbrander.nl\/de\/wp-json\/wp\/v2\/product_cat?post=49323"},{"taxonomy":"product_tag","embeddable":true,"href":"https:\/\/wapenhandelcolenbrander.nl\/de\/wp-json\/wp\/v2\/product_tag?post=49323"}],"curies":[{"name":"wp","href":"https:\/\/api.w.org\/{rel}","templated":true}]}}