{"id":48976,"date":"2023-11-05T15:17:41","date_gmt":"2023-11-05T13:17:41","guid":{"rendered":"https:\/\/wapenhandelcolenbrander.nl\/product\/percussion-braun-gruen-softshelljacke-version-027\/"},"modified":"2026-02-04T20:34:23","modified_gmt":"2026-02-04T18:34:23","slug":"percussion-braun-gruen-softshelljacke-version-027","status":"publish","type":"product","link":"https:\/\/wapenhandelcolenbrander.nl\/de\/produkt\/percussion-braun-gruen-softshelljacke-version-027\/","title":{"rendered":"Percussion Braun\/Gr\u00fcn Softshelljacke (Version 027)"},"content":{"rendered":"<p>Sportliche, aber dennoch schicke Softshell-Jacke von Percussion. Sch\u00f6n, stilvoll, wasserdicht, sehr preiswert&#8230;<\/p>\n<p>2 Vordertaschen und eine Brusttasche auf der linken Seite, alle mit Rei\u00dfverschluss.<\/p>\n<p>Diese Jacke hat au\u00dferdem 2 Rei\u00dfverschl\u00fcsse auf der R\u00fcckseite, die Spieltasche<\/p>\n<p>W\u00e4hrend die vorherige Version ein sch\u00f6nes dreieckiges Detail im Farbwechsel hatte, hat diese neueste Version wieder einen rechteckigen Farbwechsel.<\/p>\n<p>F\u00fcr andere Gr\u00f6\u00dfen, siehe auch: <a href=\"https:\/\/www.buitenmenswebshop.nl\/a-68399917\/jassen\/percussion-bruin-groen-softshell-jas\/#description\" target=\"_blank\" rel=\"noopener\">Percussion Brown\/Green Softshell Jacke | Jacken | Wapenhandel Colenbrander (buitenmenswebshop.nl)<\/a><\/p>\n<p>15103 \/ 027<\/p>\n","protected":false},"excerpt":{"rendered":"<p>Sportliche, aber dennoch schicke Softshell-Jacke von Percussion. Sch\u00f6n, stilvoll, wasserdicht, sehr preiswert&#8230; 2 Vordertaschen und eine Brusttasche auf der linken<\/p>\n","protected":false},"featured_media":34988,"template":"","meta":{"_monsterinsights_skip_tracking":false,"_monsterinsights_sitenote_active":false,"_monsterinsights_sitenote_note":"","_monsterinsights_sitenote_category":0},"product_brand":[],"product_cat":[917,878,895],"product_tag":[],"class_list":{"0":"post-48976","1":"product","2":"type-product","3":"status-publish","4":"has-post-thumbnail","6":"product_cat-jacken","7":"product_cat-kleidung","8":"product_cat-kleidung-de","10":"first","11":"outofstock","12":"taxable","13":"shipping-taxable","14":"purchasable","15":"product-type-variable"},"_links":{"self":[{"href":"https:\/\/wapenhandelcolenbrander.nl\/de\/wp-json\/wp\/v2\/product\/48976","targetHints":{"allow":["GET"]}}],"collection":[{"href":"https:\/\/wapenhandelcolenbrander.nl\/de\/wp-json\/wp\/v2\/product"}],"about":[{"href":"https:\/\/wapenhandelcolenbrander.nl\/de\/wp-json\/wp\/v2\/types\/product"}],"version-history":[{"count":0,"href":"https:\/\/wapenhandelcolenbrander.nl\/de\/wp-json\/wp\/v2\/product\/48976\/revisions"}],"wp:featuredmedia":[{"embeddable":true,"href":"https:\/\/wapenhandelcolenbrander.nl\/de\/wp-json\/wp\/v2\/media\/34988"}],"wp:attachment":[{"href":"https:\/\/wapenhandelcolenbrander.nl\/de\/wp-json\/wp\/v2\/media?parent=48976"}],"wp:term":[{"taxonomy":"product_brand","embeddable":true,"href":"https:\/\/wapenhandelcolenbrander.nl\/de\/wp-json\/wp\/v2\/product_brand?post=48976"},{"taxonomy":"product_cat","embeddable":true,"href":"https:\/\/wapenhandelcolenbrander.nl\/de\/wp-json\/wp\/v2\/product_cat?post=48976"},{"taxonomy":"product_tag","embeddable":true,"href":"https:\/\/wapenhandelcolenbrander.nl\/de\/wp-json\/wp\/v2\/product_tag?post=48976"}],"curies":[{"name":"wp","href":"https:\/\/api.w.org\/{rel}","templated":true}]}}