{"id":48954,"date":"2023-11-05T14:49:51","date_gmt":"2023-11-05T12:49:51","guid":{"rendered":"https:\/\/wapenhandelcolenbrander.nl\/product\/hubertus-funktion-jagdhose-os-tex-jagdhose\/"},"modified":"2023-11-05T14:49:51","modified_gmt":"2023-11-05T12:49:51","slug":"hubertus-funktion-jagdhose-os-tex-jagdhose","status":"publish","type":"product","link":"https:\/\/wapenhandelcolenbrander.nl\/de\/produkt\/hubertus-funktion-jagdhose-os-tex-jagdhose\/","title":{"rendered":"Hubertus Funktion Jagdhose OS Tex &#8211; Jagdhose"},"content":{"rendered":"<p>Dieser Hubertus Funktion Jagdhosevan ist aus 100% Polyester hergestellt. AUSBLICK Art von Hubertus.<\/p>\n<p>Sie ist wasser- und winddicht. An der Vorderseite der Beine und an den Knien, an den Unterschenkeln, am Ges\u00e4\u00df und an den Taschen befinden sich festere Stoffteile, die f\u00fcr eine l\u00e4ngere Lebensdauer der Hose sorgen.<\/p>\n<p>Die Hose hat zwei Seitentaschen vorne, zwei gro\u00dfe Cargotaschen am Bein und zwei Rei\u00dfverschlusstaschen hinten. Au\u00dferdem gibt es zwei Klettverschl\u00fcsse an der Unterseite der Hose. An der Wade ist er immer noch elastisch.<\/p>\n<p>Ergonomische Anordnung der zwei Schub-, zwei kleinen RV-Fronttaschen sowie zwei gro en Beintaschen mit Patte. Zwei Ges taschen mit Rei verschluss. Bequemer Schnitt mit vorgeformtem Kniebereich und weitenverstellbarem Beinabschluss.<\/p>\n<p>Farbe schlamm-braun. Gr e 48 64.<\/p>\n<p>10551620 &#8211; 315<\/p>\n","protected":false},"excerpt":{"rendered":"<p>Dieser Hubertus Funktion Jagdhosevan ist aus 100% Polyester hergestellt. AUSBLICK Art von Hubertus. Sie ist wasser- und winddicht. An der<\/p>\n","protected":false},"featured_media":35398,"template":"","meta":{"_monsterinsights_skip_tracking":false,"_monsterinsights_sitenote_active":false,"_monsterinsights_sitenote_note":"","_monsterinsights_sitenote_category":0},"product_brand":[],"product_cat":[896,878,895],"product_tag":[],"class_list":{"0":"post-48954","1":"product","2":"type-product","3":"status-publish","4":"has-post-thumbnail","6":"product_cat-hosen","7":"product_cat-kleidung","8":"product_cat-kleidung-de","10":"first","11":"instock","12":"taxable","13":"shipping-taxable","14":"purchasable","15":"product-type-variable"},"_links":{"self":[{"href":"https:\/\/wapenhandelcolenbrander.nl\/de\/wp-json\/wp\/v2\/product\/48954","targetHints":{"allow":["GET"]}}],"collection":[{"href":"https:\/\/wapenhandelcolenbrander.nl\/de\/wp-json\/wp\/v2\/product"}],"about":[{"href":"https:\/\/wapenhandelcolenbrander.nl\/de\/wp-json\/wp\/v2\/types\/product"}],"version-history":[{"count":0,"href":"https:\/\/wapenhandelcolenbrander.nl\/de\/wp-json\/wp\/v2\/product\/48954\/revisions"}],"wp:featuredmedia":[{"embeddable":true,"href":"https:\/\/wapenhandelcolenbrander.nl\/de\/wp-json\/wp\/v2\/media\/35398"}],"wp:attachment":[{"href":"https:\/\/wapenhandelcolenbrander.nl\/de\/wp-json\/wp\/v2\/media?parent=48954"}],"wp:term":[{"taxonomy":"product_brand","embeddable":true,"href":"https:\/\/wapenhandelcolenbrander.nl\/de\/wp-json\/wp\/v2\/product_brand?post=48954"},{"taxonomy":"product_cat","embeddable":true,"href":"https:\/\/wapenhandelcolenbrander.nl\/de\/wp-json\/wp\/v2\/product_cat?post=48954"},{"taxonomy":"product_tag","embeddable":true,"href":"https:\/\/wapenhandelcolenbrander.nl\/de\/wp-json\/wp\/v2\/product_tag?post=48954"}],"curies":[{"name":"wp","href":"https:\/\/api.w.org\/{rel}","templated":true}]}}