{"id":48576,"date":"2023-11-05T14:37:19","date_gmt":"2023-11-05T12:37:19","guid":{"rendered":"https:\/\/wapenhandelcolenbrander.nl\/product\/hn-baracuda-45-mm-400-stueck\/"},"modified":"2026-01-28T19:33:38","modified_gmt":"2026-01-28T17:33:38","slug":"hn-baracuda-45-mm-400-stueck","status":"publish","type":"product","link":"https:\/\/wapenhandelcolenbrander.nl\/de\/produkt\/hn-baracuda-45-mm-400-stueck\/","title":{"rendered":"H&amp;N Baracuda 4,5 mm 400 St\u00fcck"},"content":{"rendered":"<p>H&amp;N Baracuda, schweres und pr\u00e4zises Geschoss f\u00fcr gro\u00dfe Entfernungen. 0,69g, f\u00fcr Sch\u00fcsse bis zu \u00fcber 50 Meter. Ausgezeichnete Wirkung und gleichm\u00e4\u00dfiger Schuss!<\/p>\n<p>Kaliber .177 Kal.<\/p>\n<p>Gewicht 10.65 gr<\/p>\n<p>Min. M\u00fcndungsenergie 12 ft.lbs<\/p>\n<p>Max. Entfernung 50 m<\/p>\n<p>Bc 0,024<\/p>\n<p>Inhalt der Dose 400 Stk.<\/p>\n","protected":false},"excerpt":{"rendered":"<p>H&amp;N Baracuda, schweres und pr\u00e4zises Geschoss f\u00fcr gro\u00dfe Entfernungen. 0,69g, f\u00fcr Sch\u00fcsse bis zu \u00fcber 50 Meter. Ausgezeichnete Wirkung und<\/p>\n","protected":false},"featured_media":34570,"template":"","meta":{"_monsterinsights_skip_tracking":false,"_monsterinsights_sitenote_active":false,"_monsterinsights_sitenote_note":"","_monsterinsights_sitenote_category":0},"product_brand":[],"product_cat":[995],"product_tag":[1113],"class_list":{"0":"post-48576","1":"product","2":"type-product","3":"status-publish","4":"has-post-thumbnail","6":"product_cat-luftgewehrkugeln","7":"product_tag-luftgewehrkugeln","8":"product_shipping_class-paketversand","10":"first","11":"instock","12":"sale","13":"taxable","14":"shipping-taxable","15":"purchasable","16":"product-type-simple"},"_links":{"self":[{"href":"https:\/\/wapenhandelcolenbrander.nl\/de\/wp-json\/wp\/v2\/product\/48576","targetHints":{"allow":["GET"]}}],"collection":[{"href":"https:\/\/wapenhandelcolenbrander.nl\/de\/wp-json\/wp\/v2\/product"}],"about":[{"href":"https:\/\/wapenhandelcolenbrander.nl\/de\/wp-json\/wp\/v2\/types\/product"}],"version-history":[{"count":0,"href":"https:\/\/wapenhandelcolenbrander.nl\/de\/wp-json\/wp\/v2\/product\/48576\/revisions"}],"wp:featuredmedia":[{"embeddable":true,"href":"https:\/\/wapenhandelcolenbrander.nl\/de\/wp-json\/wp\/v2\/media\/34570"}],"wp:attachment":[{"href":"https:\/\/wapenhandelcolenbrander.nl\/de\/wp-json\/wp\/v2\/media?parent=48576"}],"wp:term":[{"taxonomy":"product_brand","embeddable":true,"href":"https:\/\/wapenhandelcolenbrander.nl\/de\/wp-json\/wp\/v2\/product_brand?post=48576"},{"taxonomy":"product_cat","embeddable":true,"href":"https:\/\/wapenhandelcolenbrander.nl\/de\/wp-json\/wp\/v2\/product_cat?post=48576"},{"taxonomy":"product_tag","embeddable":true,"href":"https:\/\/wapenhandelcolenbrander.nl\/de\/wp-json\/wp\/v2\/product_tag?post=48576"}],"curies":[{"name":"wp","href":"https:\/\/api.w.org\/{rel}","templated":true}]}}