{"id":47923,"date":"2023-11-05T15:23:54","date_gmt":"2023-11-05T15:23:54","guid":{"rendered":"https:\/\/wapenhandelcolenbrander.nl\/product\/fx-wildcat-mk-iii-bt-scharfschuetze-22-5-5-mm-25-6-35-mm-30-7-62-mm\/"},"modified":"2026-01-28T12:03:42","modified_gmt":"2026-01-28T10:03:42","slug":"fx-wildcat-mk-iii-bt-sniper-22-5-5-mm-25-6-35-mm-30-7-62-mm","status":"publish","type":"product","link":"https:\/\/wapenhandelcolenbrander.nl\/de\/produkt\/fx-wildcat-mk-iii-bt-sniper-22-5-5-mm-25-6-35-mm-30-7-62-mm\/","title":{"rendered":"FX Wildcat MK III BT Sniper .22\/5.5 mm &#8211; .25\/6.35 mm &#8211; .30\/7.62 mm"},"content":{"rendered":"<p>Die FX Wildcat MK III BT Sniper ist mit einer gro\u00dfen 580-ccm-Kohleflasche ausgestattet. Durch den doppelten Regler wird die Luft bei jedem Schuss auf den gleichen Druck eingestellt. Die Sniper-Version verf\u00fcgt \u00fcber einen 700-mm-Smoothtwist-X-Lauf. Dieser Lauf eignet sich hervorragend zum Verschie\u00dfen von Diabolos und leichten Geschossen.<\/p>\n<p>Die Wildcat MKIII BT ist au\u00dferdem mit einem Power Adjuster an der R\u00fcckseite ausgestattet. Mit diesem Power Adjuster k\u00f6nnen Sie sowohl grobe als auch feine Einstellungen an der Hammerfeder vornehmen. Sie k\u00f6nnen den AMP-Regulator auch extern einstellen. Mit dieser Kombination k\u00f6nnen Sie die optimale Leistungseinstellung f\u00fcr jedes Kaliber und Geschossgewicht erreichen.<\/p>\n<p>Der Lauf ist mit dem FX-Liner-System ausgestattet, d.h. Sie k\u00f6nnen den optimalen Lauf f\u00fcr jede Geschossart w\u00e4hlen. Daher ist auch ein Liner f\u00fcr schwerere Geschosse erh\u00e4ltlich.<\/p>\n<p><strong>Dieser Artikel wird nur an Personen \u00fcber 18 Jahren geliefert! Zustellung nach Erhalt eines g\u00fcltigen Identit\u00e4tsnachweises (Personalausweis oder Reisepass) \u00fcber info@wapenhandelcolenbrander.nl<\/strong><\/p>\n","protected":false},"excerpt":{"rendered":"<p>Die FX Wildcat MK III BT Sniper ist mit einer gro\u00dfen 580-ccm-Kohleflasche ausgestattet. Durch den doppelten Regler wird die Luft<\/p>\n","protected":false},"featured_media":33958,"template":"","meta":{"_monsterinsights_skip_tracking":false,"_monsterinsights_sitenote_active":false,"_monsterinsights_sitenote_note":"","_monsterinsights_sitenote_category":0},"product_brand":[],"product_cat":[973,832,817],"product_tag":[2060],"class_list":{"0":"post-47923","1":"product","2":"type-product","3":"status-publish","4":"has-post-thumbnail","6":"product_cat-fx-airguns-de","7":"product_cat-luftgewehre-de","8":"product_cat-luftgewehre","9":"product_tag-luftgewehr","11":"first","12":"instock","13":"taxable","14":"shipping-taxable","15":"purchasable","16":"product-type-variable"},"_links":{"self":[{"href":"https:\/\/wapenhandelcolenbrander.nl\/de\/wp-json\/wp\/v2\/product\/47923","targetHints":{"allow":["GET"]}}],"collection":[{"href":"https:\/\/wapenhandelcolenbrander.nl\/de\/wp-json\/wp\/v2\/product"}],"about":[{"href":"https:\/\/wapenhandelcolenbrander.nl\/de\/wp-json\/wp\/v2\/types\/product"}],"version-history":[{"count":3,"href":"https:\/\/wapenhandelcolenbrander.nl\/de\/wp-json\/wp\/v2\/product\/47923\/revisions"}],"predecessor-version":[{"id":55098,"href":"https:\/\/wapenhandelcolenbrander.nl\/de\/wp-json\/wp\/v2\/product\/47923\/revisions\/55098"}],"wp:featuredmedia":[{"embeddable":true,"href":"https:\/\/wapenhandelcolenbrander.nl\/de\/wp-json\/wp\/v2\/media\/33958"}],"wp:attachment":[{"href":"https:\/\/wapenhandelcolenbrander.nl\/de\/wp-json\/wp\/v2\/media?parent=47923"}],"wp:term":[{"taxonomy":"product_brand","embeddable":true,"href":"https:\/\/wapenhandelcolenbrander.nl\/de\/wp-json\/wp\/v2\/product_brand?post=47923"},{"taxonomy":"product_cat","embeddable":true,"href":"https:\/\/wapenhandelcolenbrander.nl\/de\/wp-json\/wp\/v2\/product_cat?post=47923"},{"taxonomy":"product_tag","embeddable":true,"href":"https:\/\/wapenhandelcolenbrander.nl\/de\/wp-json\/wp\/v2\/product_tag?post=47923"}],"curies":[{"name":"wp","href":"https:\/\/api.w.org\/{rel}","templated":true}]}}