{"id":45651,"date":"2023-11-05T14:54:03","date_gmt":"2023-11-05T12:54:03","guid":{"rendered":"https:\/\/wapenhandelcolenbrander.nl\/product\/browning-waffenmatte\/"},"modified":"2023-11-05T14:54:03","modified_gmt":"2023-11-05T12:54:03","slug":"browning-waffenmatte","status":"publish","type":"product","link":"https:\/\/wapenhandelcolenbrander.nl\/de\/produkt\/browning-waffenmatte\/","title":{"rendered":"Browning Waffenmatte"},"content":{"rendered":"<p>Diese Matte vermeidet das Risiko, dass L\u00f6sungs- und Reinigungsmittel auf Ihre Reinigungsbank gelangen. Oder noch schlimmer, auf dem K\u00fcchentisch, wenn Sie das n\u00e4chste Mal an Ihrer schmutzigen Waffe arbeiten. Ein tolles Geschenk f\u00fcr Ihre Sch\u00fctzenfreunde und auch f\u00fcr Sie selbst.<br \/>Die sichere Art, sowohl Waffen als auch M\u00f6bel zu sch\u00fctzen.<br \/>Weiches, filz\u00e4hnliches Material, das Schusswaffen nicht besch\u00e4digt.<br \/>Die wasserdichte Zorb Tech-R\u00fcckseite verhindert, dass versch\u00fcttete Fl\u00fcssigkeiten auslaufen und das Eindringen von Reinigungsmitteln behindert wird.<br \/>Matte misst 40,5cm x 137cm  <br \/>Waschbar, trocknergeeignet, sehr schmutzabweisend.<\/p>\n","protected":false},"excerpt":{"rendered":"<p>Diese Matte vermeidet das Risiko, dass L\u00f6sungs- und Reinigungsmittel auf Ihre Reinigungsbank gelangen. Oder noch schlimmer, auf dem K\u00fcchentisch, wenn<\/p>\n","protected":false},"featured_media":34362,"template":"","meta":{"_monsterinsights_skip_tracking":false,"_monsterinsights_sitenote_active":false,"_monsterinsights_sitenote_note":"","_monsterinsights_sitenote_category":0},"product_brand":[],"product_cat":[841,910,834],"product_tag":[],"class_list":{"0":"post-45651","1":"product","2":"type-product","3":"status-publish","4":"has-post-thumbnail","6":"product_cat-lagerung-und-wartung","7":"product_cat-wartung","8":"product_cat-zubehor","10":"first","11":"instock","12":"taxable","13":"shipping-taxable","14":"purchasable","15":"product-type-simple"},"_links":{"self":[{"href":"https:\/\/wapenhandelcolenbrander.nl\/de\/wp-json\/wp\/v2\/product\/45651","targetHints":{"allow":["GET"]}}],"collection":[{"href":"https:\/\/wapenhandelcolenbrander.nl\/de\/wp-json\/wp\/v2\/product"}],"about":[{"href":"https:\/\/wapenhandelcolenbrander.nl\/de\/wp-json\/wp\/v2\/types\/product"}],"version-history":[{"count":0,"href":"https:\/\/wapenhandelcolenbrander.nl\/de\/wp-json\/wp\/v2\/product\/45651\/revisions"}],"wp:featuredmedia":[{"embeddable":true,"href":"https:\/\/wapenhandelcolenbrander.nl\/de\/wp-json\/wp\/v2\/media\/34362"}],"wp:attachment":[{"href":"https:\/\/wapenhandelcolenbrander.nl\/de\/wp-json\/wp\/v2\/media?parent=45651"}],"wp:term":[{"taxonomy":"product_brand","embeddable":true,"href":"https:\/\/wapenhandelcolenbrander.nl\/de\/wp-json\/wp\/v2\/product_brand?post=45651"},{"taxonomy":"product_cat","embeddable":true,"href":"https:\/\/wapenhandelcolenbrander.nl\/de\/wp-json\/wp\/v2\/product_cat?post=45651"},{"taxonomy":"product_tag","embeddable":true,"href":"https:\/\/wapenhandelcolenbrander.nl\/de\/wp-json\/wp\/v2\/product_tag?post=45651"}],"curies":[{"name":"wp","href":"https:\/\/api.w.org\/{rel}","templated":true}]}}