{"id":45522,"date":"2023-11-05T15:16:01","date_gmt":"2023-11-05T13:16:01","guid":{"rendered":"https:\/\/wapenhandelcolenbrander.nl\/product\/browning-etui-flex-raptor-132x27\/"},"modified":"2025-10-23T14:00:40","modified_gmt":"2025-10-23T12:00:40","slug":"browning-etui-flex-raptor-132x27","status":"publish","type":"product","link":"https:\/\/wapenhandelcolenbrander.nl\/de\/produkt\/browning-etui-flex-raptor-132x27\/","title":{"rendered":"Browning Etui Flex Raptor 132&#215;27"},"content":{"rendered":"<p>Die Browning Tasche Flex Raptor Tasche eignet sich f\u00fcr die Lagerung und den Transport einer Pelletpistole. Mit dem abnehmbaren und verstellbaren Schultergurt l\u00e4sst sich die Tasche bequem auf den Schultern tragen. Au\u00dferdem ist ein praktisches Staufach mit Rei\u00dfverschluss an der Tasche angebracht.<\/p>\n","protected":false},"excerpt":{"rendered":"<p>Die Browning Tasche Flex Raptor Tasche eignet sich f\u00fcr die Lagerung und den Transport einer Pelletpistole. Mit dem abnehmbaren und<\/p>\n","protected":false},"featured_media":62192,"template":"","meta":{"_monsterinsights_skip_tracking":false,"_monsterinsights_sitenote_active":false,"_monsterinsights_sitenote_note":"","_monsterinsights_sitenote_category":0},"product_brand":[],"product_cat":[842,841,834],"product_tag":[],"class_list":{"0":"post-45522","1":"product","2":"type-product","3":"status-publish","4":"has-post-thumbnail","6":"product_cat-lagerung","7":"product_cat-lagerung-und-wartung","8":"product_cat-zubehor","10":"first","11":"instock","12":"taxable","13":"shipping-taxable","14":"purchasable","15":"product-type-simple"},"_links":{"self":[{"href":"https:\/\/wapenhandelcolenbrander.nl\/de\/wp-json\/wp\/v2\/product\/45522","targetHints":{"allow":["GET"]}}],"collection":[{"href":"https:\/\/wapenhandelcolenbrander.nl\/de\/wp-json\/wp\/v2\/product"}],"about":[{"href":"https:\/\/wapenhandelcolenbrander.nl\/de\/wp-json\/wp\/v2\/types\/product"}],"version-history":[{"count":0,"href":"https:\/\/wapenhandelcolenbrander.nl\/de\/wp-json\/wp\/v2\/product\/45522\/revisions"}],"wp:featuredmedia":[{"embeddable":true,"href":"https:\/\/wapenhandelcolenbrander.nl\/de\/wp-json\/wp\/v2\/media\/62192"}],"wp:attachment":[{"href":"https:\/\/wapenhandelcolenbrander.nl\/de\/wp-json\/wp\/v2\/media?parent=45522"}],"wp:term":[{"taxonomy":"product_brand","embeddable":true,"href":"https:\/\/wapenhandelcolenbrander.nl\/de\/wp-json\/wp\/v2\/product_brand?post=45522"},{"taxonomy":"product_cat","embeddable":true,"href":"https:\/\/wapenhandelcolenbrander.nl\/de\/wp-json\/wp\/v2\/product_cat?post=45522"},{"taxonomy":"product_tag","embeddable":true,"href":"https:\/\/wapenhandelcolenbrander.nl\/de\/wp-json\/wp\/v2\/product_tag?post=45522"}],"curies":[{"name":"wp","href":"https:\/\/api.w.org\/{rel}","templated":true}]}}