{"id":45384,"date":"2023-12-08T11:36:48","date_gmt":"2023-12-08T09:36:48","guid":{"rendered":"https:\/\/wapenhandelcolenbrander.nl\/product\/vanguard-gun-hugger-310zbr\/"},"modified":"2023-12-08T11:36:48","modified_gmt":"2023-12-08T12:36:48","slug":"vanguard-gun-hugger-310zbr","status":"publish","type":"product","link":"https:\/\/wapenhandelcolenbrander.nl\/de\/produkt\/vanguard-gun-hugger-310zbr\/","title":{"rendered":"Vanguard Gun Hugger 310ZBR"},"content":{"rendered":"<p>Der Vanguard Gun Hugger 310ZBR bietet mehr als nur einen sch\u00f6nen Waffeng\u00fcrtel! Sie ist extra dick gef\u00fcttert und aus Wildleder, damit Sie Ihre Waffe besonders bequem transportieren k\u00f6nnen. Zu den weiteren Merkmalen geh\u00f6ren stabil vern\u00e4hte Kanten und zuverl\u00e4ssige Metallakzente.<\/p>\n","protected":false},"excerpt":{"rendered":"<p>Der Vanguard Gun Hugger 310ZBR bietet mehr als nur einen sch\u00f6nen Waffeng\u00fcrtel! Sie ist extra dick gef\u00fcttert und aus Wildleder,<\/p>\n","protected":false},"featured_media":36501,"template":"","meta":{"_monsterinsights_skip_tracking":false,"_monsterinsights_sitenote_active":false,"_monsterinsights_sitenote_note":"","_monsterinsights_sitenote_category":0},"product_brand":[],"product_cat":[902,900,834],"product_tag":[],"class_list":{"0":"post-45384","1":"product","2":"type-product","3":"status-publish","4":"has-post-thumbnail","6":"product_cat-gewehrgurtel","7":"product_cat-jagdbedarf","8":"product_cat-zubehor","10":"first","11":"outofstock","12":"taxable","13":"shipping-taxable","14":"purchasable","15":"product-type-simple"},"_links":{"self":[{"href":"https:\/\/wapenhandelcolenbrander.nl\/de\/wp-json\/wp\/v2\/product\/45384","targetHints":{"allow":["GET"]}}],"collection":[{"href":"https:\/\/wapenhandelcolenbrander.nl\/de\/wp-json\/wp\/v2\/product"}],"about":[{"href":"https:\/\/wapenhandelcolenbrander.nl\/de\/wp-json\/wp\/v2\/types\/product"}],"version-history":[{"count":0,"href":"https:\/\/wapenhandelcolenbrander.nl\/de\/wp-json\/wp\/v2\/product\/45384\/revisions"}],"wp:featuredmedia":[{"embeddable":true,"href":"https:\/\/wapenhandelcolenbrander.nl\/de\/wp-json\/wp\/v2\/media\/36501"}],"wp:attachment":[{"href":"https:\/\/wapenhandelcolenbrander.nl\/de\/wp-json\/wp\/v2\/media?parent=45384"}],"wp:term":[{"taxonomy":"product_brand","embeddable":true,"href":"https:\/\/wapenhandelcolenbrander.nl\/de\/wp-json\/wp\/v2\/product_brand?post=45384"},{"taxonomy":"product_cat","embeddable":true,"href":"https:\/\/wapenhandelcolenbrander.nl\/de\/wp-json\/wp\/v2\/product_cat?post=45384"},{"taxonomy":"product_tag","embeddable":true,"href":"https:\/\/wapenhandelcolenbrander.nl\/de\/wp-json\/wp\/v2\/product_tag?post=45384"}],"curies":[{"name":"wp","href":"https:\/\/api.w.org\/{rel}","templated":true}]}}