{"id":45333,"date":"2023-12-08T11:36:48","date_gmt":"2023-12-08T09:36:48","guid":{"rendered":"https:\/\/wapenhandelcolenbrander.nl\/product\/gewehrguertel-vanguard-camo-endeavor-sling-101c\/"},"modified":"2026-01-06T10:48:07","modified_gmt":"2026-01-06T08:48:07","slug":"gewehrguertel-vanguard-camo-endeavor-sling-101c","status":"publish","type":"product","link":"https:\/\/wapenhandelcolenbrander.nl\/de\/produkt\/gewehrguertel-vanguard-camo-endeavor-sling-101c\/","title":{"rendered":"Gewehrg\u00fcrtel Vanguard Camo Endeavor sling 101C"},"content":{"rendered":"<p>Vanguard Camo Endeavor Riemen.<\/p>\n<p>Mit diesem leichten Waffeng\u00fcrtel k\u00f6nnen Sie Ihr Gewehr problemlos mit sich f\u00fchren. Die gro\u00dfe Daumenschlaufe verringert die Erm\u00fcdung des Arms und ist mit nur einer Hand verstellbar.<\/p>\n<ul>\n<li>L\u00e4nge (mm): 840 &#8211; 1150 (einstellbar)<\/li>\n<li>Breite (mm): 54<\/li>\n<li>Gewicht (g): 130<\/li>\n<\/ul>\n","protected":false},"excerpt":{"rendered":"<p>Vanguard Camo Endeavor Riemen. Mit diesem leichten Waffeng\u00fcrtel k\u00f6nnen Sie Ihr Gewehr problemlos mit sich f\u00fchren. Die gro\u00dfe Daumenschlaufe verringert<\/p>\n","protected":false},"featured_media":36900,"template":"","meta":{"_monsterinsights_skip_tracking":false,"_monsterinsights_sitenote_active":false,"_monsterinsights_sitenote_note":"","_monsterinsights_sitenote_category":0},"product_brand":[],"product_cat":[902,900,834],"product_tag":[],"class_list":{"0":"post-45333","1":"product","2":"type-product","3":"status-publish","4":"has-post-thumbnail","6":"product_cat-gewehrgurtel","7":"product_cat-jagdbedarf","8":"product_cat-zubehor","10":"first","11":"instock","12":"taxable","13":"shipping-taxable","14":"purchasable","15":"product-type-simple"},"_links":{"self":[{"href":"https:\/\/wapenhandelcolenbrander.nl\/de\/wp-json\/wp\/v2\/product\/45333","targetHints":{"allow":["GET"]}}],"collection":[{"href":"https:\/\/wapenhandelcolenbrander.nl\/de\/wp-json\/wp\/v2\/product"}],"about":[{"href":"https:\/\/wapenhandelcolenbrander.nl\/de\/wp-json\/wp\/v2\/types\/product"}],"version-history":[{"count":1,"href":"https:\/\/wapenhandelcolenbrander.nl\/de\/wp-json\/wp\/v2\/product\/45333\/revisions"}],"predecessor-version":[{"id":45344,"href":"https:\/\/wapenhandelcolenbrander.nl\/de\/wp-json\/wp\/v2\/product\/45333\/revisions\/45344"}],"wp:featuredmedia":[{"embeddable":true,"href":"https:\/\/wapenhandelcolenbrander.nl\/de\/wp-json\/wp\/v2\/media\/36900"}],"wp:attachment":[{"href":"https:\/\/wapenhandelcolenbrander.nl\/de\/wp-json\/wp\/v2\/media?parent=45333"}],"wp:term":[{"taxonomy":"product_brand","embeddable":true,"href":"https:\/\/wapenhandelcolenbrander.nl\/de\/wp-json\/wp\/v2\/product_brand?post=45333"},{"taxonomy":"product_cat","embeddable":true,"href":"https:\/\/wapenhandelcolenbrander.nl\/de\/wp-json\/wp\/v2\/product_cat?post=45333"},{"taxonomy":"product_tag","embeddable":true,"href":"https:\/\/wapenhandelcolenbrander.nl\/de\/wp-json\/wp\/v2\/product_tag?post=45333"}],"curies":[{"name":"wp","href":"https:\/\/api.w.org\/{rel}","templated":true}]}}