{"id":45332,"date":"2023-12-08T11:36:48","date_gmt":"2023-12-08T12:36:48","guid":{"rendered":"https:\/\/wapenhandelcolenbrander.nl\/product\/walkstool-comfort-75cm-3-beiniger-stuhl\/"},"modified":"2023-12-08T11:36:48","modified_gmt":"2023-12-08T12:36:48","slug":"walkstool-comfort-75cm-3-beiniger-stuhl","status":"publish","type":"product","link":"https:\/\/wapenhandelcolenbrander.nl\/de\/produkt\/walkstool-comfort-75cm-3-beiniger-stuhl\/","title":{"rendered":"Walkstool Comfort 75cm &#8211; 3-beiniger Stuhl"},"content":{"rendered":"<p>Neue und verbesserte Version des bekannten schwedischen Marke Walkstool Comfort 75cm . Erh\u00f6hter und breiterer Sitz, damit Sie l\u00e4nger und bequemer sitzen k\u00f6nnen!<\/p>\n<p>Breite Gummif\u00fc\u00dfe verhindern das Einsinken auf weniger harten Oberfl\u00e4chen.<\/p>\n<ul>\n<li>Sitzh\u00f6he: 55 cm, 65 cm oder <strong>75 cm.<\/strong><\/li>\n<li>Sitzfl\u00e4che: 40 cm<\/li>\n<li>Gewicht: 1050 g<\/li>\n<li>Tragf\u00e4higkeit bis zu 250 kg<\/li>\n<li>Inklusive Tragetasche<\/li>\n<li>extra breiter Sitz<\/li>\n<li>extra breite F\u00fc\u00dfe zur Verhinderung des Einsinkens<\/li>\n<li>Teleskopbeine, besonders bequem zu tragen<\/li>\n<li>gefaltet ca. 42 cm hoch.<\/li>\n<\/ul>\n","protected":false},"excerpt":{"rendered":"<p>Neue und verbesserte Version des bekannten schwedischen Marke Walkstool Comfort 75cm . Erh\u00f6hter und breiterer Sitz, damit Sie l\u00e4nger und<\/p>\n","protected":false},"featured_media":37392,"template":"","meta":{"_monsterinsights_skip_tracking":false,"_monsterinsights_sitenote_active":false,"_monsterinsights_sitenote_note":"","_monsterinsights_sitenote_category":0},"product_brand":[],"product_cat":[900,906,834],"product_tag":[],"class_list":{"0":"post-45332","1":"product","2":"type-product","3":"status-publish","4":"has-post-thumbnail","6":"product_cat-jagdbedarf","7":"product_cat-stuhle-und-hocker","8":"product_cat-zubehor","10":"first","11":"outofstock","12":"taxable","13":"shipping-taxable","14":"purchasable","15":"product-type-simple"},"_links":{"self":[{"href":"https:\/\/wapenhandelcolenbrander.nl\/de\/wp-json\/wp\/v2\/product\/45332","targetHints":{"allow":["GET"]}}],"collection":[{"href":"https:\/\/wapenhandelcolenbrander.nl\/de\/wp-json\/wp\/v2\/product"}],"about":[{"href":"https:\/\/wapenhandelcolenbrander.nl\/de\/wp-json\/wp\/v2\/types\/product"}],"version-history":[{"count":0,"href":"https:\/\/wapenhandelcolenbrander.nl\/de\/wp-json\/wp\/v2\/product\/45332\/revisions"}],"wp:featuredmedia":[{"embeddable":true,"href":"https:\/\/wapenhandelcolenbrander.nl\/de\/wp-json\/wp\/v2\/media\/37392"}],"wp:attachment":[{"href":"https:\/\/wapenhandelcolenbrander.nl\/de\/wp-json\/wp\/v2\/media?parent=45332"}],"wp:term":[{"taxonomy":"product_brand","embeddable":true,"href":"https:\/\/wapenhandelcolenbrander.nl\/de\/wp-json\/wp\/v2\/product_brand?post=45332"},{"taxonomy":"product_cat","embeddable":true,"href":"https:\/\/wapenhandelcolenbrander.nl\/de\/wp-json\/wp\/v2\/product_cat?post=45332"},{"taxonomy":"product_tag","embeddable":true,"href":"https:\/\/wapenhandelcolenbrander.nl\/de\/wp-json\/wp\/v2\/product_tag?post=45332"}],"curies":[{"name":"wp","href":"https:\/\/api.w.org\/{rel}","templated":true}]}}