{"id":45176,"date":"2024-04-09T07:58:31","date_gmt":"2024-04-09T05:58:31","guid":{"rendered":"https:\/\/wapenhandelcolenbrander.nl\/product\/jsb-exact-jumbo-monster-grand-552-mm-150-stueck\/"},"modified":"2026-01-28T12:32:28","modified_gmt":"2026-01-28T10:32:28","slug":"jsb-exact-jumbo-monster-grand-552-mm-150-stueck","status":"publish","type":"product","link":"https:\/\/wapenhandelcolenbrander.nl\/de\/produkt\/jsb-exact-jumbo-monster-grand-552-mm-150-stueck\/","title":{"rendered":"JSB Exact Jumbo Monster Grand 5,52 mm \/ 150 St\u00fcck"},"content":{"rendered":"<p>Diese JSB Exact Jumbo Monster Grand 5,52 mm 28,55 grain Luftgewehrkugeln sind speziell f\u00fcr leistungsstarke Luftgewehre hergestellt. Sie sind perfekt und gleichm\u00e4\u00dfig verarbeitet, wie wir es von JSB gewohnt sind, und daher sehr genau. Sie haben einen kugelf\u00f6rmigen Kopf, wodurch sie sehr aerodynamisch sind und gerade und weit geschossen werden k\u00f6nnen. Sie sind gute Allrounder und k\u00f6nnen f\u00fcr verschiedene Schie\u00dfsportarten verwendet werden. Au\u00dferdem sorgt das Gewicht von 28,55 K\u00f6rnern daf\u00fcr, dass diese JSB Jumbo Exact Monster Grand Luftkugeln mit einem Durchmesser von 5,52 mm gerade und weit geschossen werden k\u00f6nnen.<\/p>\n<p>Diese JSB-Luftpellets sind zu 150 St\u00fcck verpackt.<\/p>\n","protected":false},"excerpt":{"rendered":"<p>Diese JSB Exact Jumbo Monster Grand 5,52 mm 28,55 grain Luftgewehrkugeln sind speziell f\u00fcr leistungsstarke Luftgewehre hergestellt. Sie sind perfekt<\/p>\n","protected":false},"featured_media":45064,"template":"","meta":{"_monsterinsights_skip_tracking":false,"_monsterinsights_sitenote_active":false,"_monsterinsights_sitenote_note":"","_monsterinsights_sitenote_category":0},"product_brand":[],"product_cat":[817,995],"product_tag":[1113],"class_list":{"0":"post-45176","1":"product","2":"type-product","3":"status-publish","4":"has-post-thumbnail","6":"product_cat-luftgewehre","7":"product_cat-luftgewehrkugeln","8":"product_tag-luftgewehrkugeln","10":"first","11":"outofstock","12":"taxable","13":"shipping-taxable","14":"purchasable","15":"product-type-simple"},"_links":{"self":[{"href":"https:\/\/wapenhandelcolenbrander.nl\/de\/wp-json\/wp\/v2\/product\/45176","targetHints":{"allow":["GET"]}}],"collection":[{"href":"https:\/\/wapenhandelcolenbrander.nl\/de\/wp-json\/wp\/v2\/product"}],"about":[{"href":"https:\/\/wapenhandelcolenbrander.nl\/de\/wp-json\/wp\/v2\/types\/product"}],"version-history":[{"count":1,"href":"https:\/\/wapenhandelcolenbrander.nl\/de\/wp-json\/wp\/v2\/product\/45176\/revisions"}],"predecessor-version":[{"id":45177,"href":"https:\/\/wapenhandelcolenbrander.nl\/de\/wp-json\/wp\/v2\/product\/45176\/revisions\/45177"}],"wp:featuredmedia":[{"embeddable":true,"href":"https:\/\/wapenhandelcolenbrander.nl\/de\/wp-json\/wp\/v2\/media\/45064"}],"wp:attachment":[{"href":"https:\/\/wapenhandelcolenbrander.nl\/de\/wp-json\/wp\/v2\/media?parent=45176"}],"wp:term":[{"taxonomy":"product_brand","embeddable":true,"href":"https:\/\/wapenhandelcolenbrander.nl\/de\/wp-json\/wp\/v2\/product_brand?post=45176"},{"taxonomy":"product_cat","embeddable":true,"href":"https:\/\/wapenhandelcolenbrander.nl\/de\/wp-json\/wp\/v2\/product_cat?post=45176"},{"taxonomy":"product_tag","embeddable":true,"href":"https:\/\/wapenhandelcolenbrander.nl\/de\/wp-json\/wp\/v2\/product_tag?post=45176"}],"curies":[{"name":"wp","href":"https:\/\/api.w.org\/{rel}","templated":true}]}}