{"id":44292,"date":"2024-03-29T08:41:13","date_gmt":"2024-03-29T06:41:13","guid":{"rendered":"https:\/\/wapenhandelcolenbrander.nl\/product\/bynolyt-wildschwein-8x42-hd\/"},"modified":"2026-02-04T17:29:12","modified_gmt":"2026-02-04T15:29:12","slug":"bynolyt-wildschwein-8x42-hd","status":"publish","type":"product","link":"https:\/\/wapenhandelcolenbrander.nl\/de\/produkt\/bynolyt-wildschwein-8x42-hd\/","title":{"rendered":"Bynolyt Wildschwein 8&#215;42 HD"},"content":{"rendered":"<p>Das Bynolyt Wildschwein 8&#215;42 HD<\/p>\n<p>Ein solides Fernglas, das aufgrund seiner offenen Br\u00fcckenkonstruktion leicht zu halten und zu bedienen ist. Neben seiner kompakten Gr\u00f6\u00dfe ist es dank seines geringen Gewichts von 633 g auch leicht zu tragen.<\/p>\n<p>Ein vielseitiges Zielfernrohr, das auch bei schlechten Lichtverh\u00e4ltnissen klare Beobachtungen erm\u00f6glicht.<\/p>\n<p>Mit seinen scharfen HD-Linsen und fortschrittlichen Beschichtungen, einschlie\u00dflich einer Phasenverg\u00fctung, bietet dieses Fernglas eine hervorragende Lichtdurchl\u00e4ssigkeit.<\/p>\n<ul>\n<li>Objektiv: 42 mm<\/li>\n<li>Sichtfeld: 125 m<\/li>\n<li>Scharf aus 2 Metern<\/li>\n<li>Gasgef\u00fcllt<\/li>\n<li>Wasserdicht<\/li>\n<li>HD-Glas<\/li>\n<li>Gewicht: 633g<\/li>\n<\/ul>\n","protected":false},"excerpt":{"rendered":"<p>Das Bynolyt Wildschwein 8&#215;42 HD Ein solides Fernglas, das aufgrund seiner offenen Br\u00fcckenkonstruktion leicht zu halten und zu bedienen ist.<\/p>\n","protected":false},"featured_media":44108,"template":"","meta":{"_monsterinsights_skip_tracking":false,"_monsterinsights_sitenote_active":false,"_monsterinsights_sitenote_note":"","_monsterinsights_sitenote_category":0},"product_brand":[],"product_cat":[1042,852],"product_tag":[],"class_list":{"0":"post-44292","1":"product","2":"type-product","3":"status-publish","4":"has-post-thumbnail","6":"product_cat-fernglas","7":"product_cat-optik","8":"product_shipping_class-paketversand","10":"first","11":"outofstock","12":"sale","13":"taxable","14":"shipping-taxable","15":"purchasable","16":"product-type-simple"},"_links":{"self":[{"href":"https:\/\/wapenhandelcolenbrander.nl\/de\/wp-json\/wp\/v2\/product\/44292","targetHints":{"allow":["GET"]}}],"collection":[{"href":"https:\/\/wapenhandelcolenbrander.nl\/de\/wp-json\/wp\/v2\/product"}],"about":[{"href":"https:\/\/wapenhandelcolenbrander.nl\/de\/wp-json\/wp\/v2\/types\/product"}],"version-history":[{"count":1,"href":"https:\/\/wapenhandelcolenbrander.nl\/de\/wp-json\/wp\/v2\/product\/44292\/revisions"}],"predecessor-version":[{"id":70069,"href":"https:\/\/wapenhandelcolenbrander.nl\/de\/wp-json\/wp\/v2\/product\/44292\/revisions\/70069"}],"wp:featuredmedia":[{"embeddable":true,"href":"https:\/\/wapenhandelcolenbrander.nl\/de\/wp-json\/wp\/v2\/media\/44108"}],"wp:attachment":[{"href":"https:\/\/wapenhandelcolenbrander.nl\/de\/wp-json\/wp\/v2\/media?parent=44292"}],"wp:term":[{"taxonomy":"product_brand","embeddable":true,"href":"https:\/\/wapenhandelcolenbrander.nl\/de\/wp-json\/wp\/v2\/product_brand?post=44292"},{"taxonomy":"product_cat","embeddable":true,"href":"https:\/\/wapenhandelcolenbrander.nl\/de\/wp-json\/wp\/v2\/product_cat?post=44292"},{"taxonomy":"product_tag","embeddable":true,"href":"https:\/\/wapenhandelcolenbrander.nl\/de\/wp-json\/wp\/v2\/product_tag?post=44292"}],"curies":[{"name":"wp","href":"https:\/\/api.w.org\/{rel}","templated":true}]}}