{"id":43647,"date":"2024-03-19T07:00:09","date_gmt":"2024-03-19T05:00:09","guid":{"rendered":"https:\/\/wapenhandelcolenbrander.nl\/product\/armytek-wizard-c2-pro-max-multilampe\/"},"modified":"2024-03-20T17:30:21","modified_gmt":"2024-03-20T18:30:21","slug":"armytek-wizard-c2-pro-max-multilampe","status":"publish","type":"product","link":"https:\/\/wapenhandelcolenbrander.nl\/de\/produkt\/armytek-wizard-c2-pro-max-multilampe\/","title":{"rendered":"Armytek Wizard C2 Pro Max Multilampe"},"content":{"rendered":"<p>Die Armytek Wizard C2 Pro Max Multilampe ist die luxuri\u00f6sere Version der c2 pro max, sie liefert 1,5 mal so viel Leistung. Diese Mehrzwecklampe gibt satte 4000 Lumen ab!<\/p>\n<p>Neben der Handlampe kann der Wizard durch seine verschiedenen Befestigungsm\u00f6glichkeiten auch als Kopf- und Sportlampe verwendet werden. Es ist sto\u00dffest und nach IP68 gesch\u00fctzt (bis zu 10 Meter unter Wasser).<\/p>\n<p>Die hohe Lumenzahl sorgt f\u00fcr eine scheinbare Entfernung von 114 Metern. Vergr\u00f6\u00dfern Sie die Bilder, um alle Informationen zu erhalten!<\/p>\n<p>&nbsp;<\/p>\n<p>&nbsp;<\/p>\n","protected":false},"excerpt":{"rendered":"<p>Die Armytek Wizard C2 Pro Max Multilampe ist die luxuri\u00f6sere Version der c2 pro max, sie liefert 1,5 mal so<\/p>\n","protected":false},"featured_media":43380,"template":"","meta":{"_monsterinsights_skip_tracking":false,"_monsterinsights_sitenote_active":false,"_monsterinsights_sitenote_note":"","_monsterinsights_sitenote_category":0},"product_brand":[],"product_cat":[898,834],"product_tag":[],"class_list":{"0":"post-43647","1":"product","2":"type-product","3":"status-publish","4":"has-post-thumbnail","6":"product_cat-taschenlampen-und-beleuchtung","7":"product_cat-zubehor","9":"first","10":"outofstock","11":"taxable","12":"shipping-taxable","13":"purchasable","14":"product-type-simple"},"_links":{"self":[{"href":"https:\/\/wapenhandelcolenbrander.nl\/de\/wp-json\/wp\/v2\/product\/43647","targetHints":{"allow":["GET"]}}],"collection":[{"href":"https:\/\/wapenhandelcolenbrander.nl\/de\/wp-json\/wp\/v2\/product"}],"about":[{"href":"https:\/\/wapenhandelcolenbrander.nl\/de\/wp-json\/wp\/v2\/types\/product"}],"version-history":[{"count":1,"href":"https:\/\/wapenhandelcolenbrander.nl\/de\/wp-json\/wp\/v2\/product\/43647\/revisions"}],"predecessor-version":[{"id":43657,"href":"https:\/\/wapenhandelcolenbrander.nl\/de\/wp-json\/wp\/v2\/product\/43647\/revisions\/43657"}],"wp:featuredmedia":[{"embeddable":true,"href":"https:\/\/wapenhandelcolenbrander.nl\/de\/wp-json\/wp\/v2\/media\/43380"}],"wp:attachment":[{"href":"https:\/\/wapenhandelcolenbrander.nl\/de\/wp-json\/wp\/v2\/media?parent=43647"}],"wp:term":[{"taxonomy":"product_brand","embeddable":true,"href":"https:\/\/wapenhandelcolenbrander.nl\/de\/wp-json\/wp\/v2\/product_brand?post=43647"},{"taxonomy":"product_cat","embeddable":true,"href":"https:\/\/wapenhandelcolenbrander.nl\/de\/wp-json\/wp\/v2\/product_cat?post=43647"},{"taxonomy":"product_tag","embeddable":true,"href":"https:\/\/wapenhandelcolenbrander.nl\/de\/wp-json\/wp\/v2\/product_tag?post=43647"}],"curies":[{"name":"wp","href":"https:\/\/api.w.org\/{rel}","templated":true}]}}