{"id":43644,"date":"2024-03-19T06:39:56","date_gmt":"2024-03-19T07:39:56","guid":{"rendered":"https:\/\/wapenhandelcolenbrander.nl\/product\/armytek-wizard-c2-pro-weiss-multi-lampe\/"},"modified":"2024-03-20T17:30:23","modified_gmt":"2024-03-20T18:30:23","slug":"armytek-wizard-c2-pro-weiss-multi-lampe","status":"publish","type":"product","link":"https:\/\/wapenhandelcolenbrander.nl\/de\/produkt\/armytek-wizard-c2-pro-weiss-multi-lampe\/","title":{"rendered":"Armytek Wizard C2 Pro Wei\u00df Multi Lampe"},"content":{"rendered":"<p>Armytek Wizard C2 Pro Max White ist eine sehr vielseitige Lampe, die auf viele Arten verwendet werden kann.<\/p>\n<p>Einfach als Hauptlicht zu verwenden, da es leicht mit einer Hand zu bedienen ist.<\/p>\n<p>Er hat ein kompaktes, aber sehr robustes Design, das den t\u00e4glichen Gebrauch erleichtert, und ist mit einem Haken und einem starken Magneten ausgestattet. Weil das Geh\u00e4use aus leichtem Material besteht und &#8220;sto\u00dffest&#8221; ist. Sie k\u00f6nnen diese Lampe auch gut beim Sport verwenden.<\/p>\n<ul>\n<li>Verwendung als Stirnlampe\/Taschenlampe\/Sportlampe<\/li>\n<li>Maximale Lichtleistung von 2500 Lumen<\/li>\n<li>Maximale Reichweite 131 Meter<\/li>\n<li>Wiederaufladbar, inklusive Batterie<\/li>\n<li>\n<\/li>\n<\/ul>\n","protected":false},"excerpt":{"rendered":"<p>Armytek Wizard C2 Pro Max White ist eine sehr vielseitige Lampe, die auf viele Arten verwendet werden kann. Einfach als<\/p>\n","protected":false},"featured_media":43351,"template":"","meta":{"_monsterinsights_skip_tracking":false,"_monsterinsights_sitenote_active":false,"_monsterinsights_sitenote_note":"","_monsterinsights_sitenote_category":0},"product_brand":[],"product_cat":[898,834],"product_tag":[],"class_list":{"0":"post-43644","1":"product","2":"type-product","3":"status-publish","4":"has-post-thumbnail","6":"product_cat-taschenlampen-und-beleuchtung","7":"product_cat-zubehor","9":"first","10":"instock","11":"taxable","12":"shipping-taxable","13":"purchasable","14":"product-type-simple"},"_links":{"self":[{"href":"https:\/\/wapenhandelcolenbrander.nl\/de\/wp-json\/wp\/v2\/product\/43644","targetHints":{"allow":["GET"]}}],"collection":[{"href":"https:\/\/wapenhandelcolenbrander.nl\/de\/wp-json\/wp\/v2\/product"}],"about":[{"href":"https:\/\/wapenhandelcolenbrander.nl\/de\/wp-json\/wp\/v2\/types\/product"}],"version-history":[{"count":1,"href":"https:\/\/wapenhandelcolenbrander.nl\/de\/wp-json\/wp\/v2\/product\/43644\/revisions"}],"predecessor-version":[{"id":43660,"href":"https:\/\/wapenhandelcolenbrander.nl\/de\/wp-json\/wp\/v2\/product\/43644\/revisions\/43660"}],"wp:featuredmedia":[{"embeddable":true,"href":"https:\/\/wapenhandelcolenbrander.nl\/de\/wp-json\/wp\/v2\/media\/43351"}],"wp:attachment":[{"href":"https:\/\/wapenhandelcolenbrander.nl\/de\/wp-json\/wp\/v2\/media?parent=43644"}],"wp:term":[{"taxonomy":"product_brand","embeddable":true,"href":"https:\/\/wapenhandelcolenbrander.nl\/de\/wp-json\/wp\/v2\/product_brand?post=43644"},{"taxonomy":"product_cat","embeddable":true,"href":"https:\/\/wapenhandelcolenbrander.nl\/de\/wp-json\/wp\/v2\/product_cat?post=43644"},{"taxonomy":"product_tag","embeddable":true,"href":"https:\/\/wapenhandelcolenbrander.nl\/de\/wp-json\/wp\/v2\/product_tag?post=43644"}],"curies":[{"name":"wp","href":"https:\/\/api.w.org\/{rel}","templated":true}]}}