{"id":43304,"date":"2024-03-08T08:29:29","date_gmt":"2024-03-08T08:29:29","guid":{"rendered":"https:\/\/wapenhandelcolenbrander.nl\/product\/ata-arms-sp-schwarz-kal-12-76-cm\/"},"modified":"2026-02-06T16:28:46","modified_gmt":"2026-02-06T14:28:46","slug":"ata-arms-sp-schwarz-kal-12-76-cm","status":"publish","type":"product","link":"https:\/\/wapenhandelcolenbrander.nl\/de\/produkt\/ata-arms-sp-schwarz-kal-12-76-cm\/","title":{"rendered":"Ata Arms SP Schwarz kal.12 \/ 76 cm"},"content":{"rendered":"<p>Die Ata Arms SP Black im Kaliber 12 mit 76 cm Lauf ist sowohl f\u00fcr die Jagd als auch f\u00fcr den Sport geeignet!<\/p>\n<p>ATA ARMS stellt seit Jahren Halbfertigprodukte f\u00fcr die gro\u00dfen italienischen Marken her. Das Wissen und die Erfahrung, die in diesem Prozess gewonnen wurden, kommen nun bei der Produktion einer neuen hauseigenen Linie von aufgesetzten und halbautomatischen Schrotflinten zum Tragen. Nat\u00fcrlich eignen sich diese Gewehre f\u00fcr das Schie\u00dfen aller Arten von Stahlschrot sowie f\u00fcr die schwereren Magnum-Ladungen.<\/p>\n<p>Die SP Black ist eine Waffe mit einem Beretta-System. Dies erm\u00f6glicht es Ata Arms, erstklassige Technik zu einem sehr wettbewerbsf\u00e4higen Preis zu erhalten!!!<\/p>\n<ul>\n<li>O \/ U<\/li>\n<li>kal.12<\/li>\n<li>3&#8243;-Magnum-Kammern<\/li>\n<li>76 cm Schritt ( 30&#8243;)<\/li>\n<li>37 cm S\u00e4ulenl\u00e4nge<\/li>\n<li>Einzelner selektiver Traktor<\/li>\n<li>Walnuss-Kolben<\/li>\n<li>Auswechselbare Drosseln ( 5 enthalten<\/li>\n<\/ul>\n","protected":false},"excerpt":{"rendered":"<p>Schusswaffen und Munition k\u00f6nnen nur reserviert werden. Geben Sie Ihre Daten ein und wir werden Sie f\u00fcr die weitere Bearbeitung kontaktieren<\/p>\n","protected":false},"featured_media":42276,"template":"","meta":{"_monsterinsights_skip_tracking":false,"_monsterinsights_sitenote_active":false,"_monsterinsights_sitenote_note":"","_monsterinsights_sitenote_category":0},"product_brand":[],"product_cat":[857,1057,855],"product_tag":[1101],"class_list":{"0":"post-43304","1":"product","2":"type-product","3":"status-publish","4":"has-post-thumbnail","6":"product_cat-jagdgewehre","7":"product_cat-neue-jagdgewehre","8":"product_cat-schusswaffen-und-munition","9":"product_tag-schrotflinte","11":"first","12":"instock","13":"taxable","14":"shipping-taxable","15":"purchasable","16":"product-type-simple"},"_links":{"self":[{"href":"https:\/\/wapenhandelcolenbrander.nl\/de\/wp-json\/wp\/v2\/product\/43304","targetHints":{"allow":["GET"]}}],"collection":[{"href":"https:\/\/wapenhandelcolenbrander.nl\/de\/wp-json\/wp\/v2\/product"}],"about":[{"href":"https:\/\/wapenhandelcolenbrander.nl\/de\/wp-json\/wp\/v2\/types\/product"}],"version-history":[{"count":1,"href":"https:\/\/wapenhandelcolenbrander.nl\/de\/wp-json\/wp\/v2\/product\/43304\/revisions"}],"predecessor-version":[{"id":68432,"href":"https:\/\/wapenhandelcolenbrander.nl\/de\/wp-json\/wp\/v2\/product\/43304\/revisions\/68432"}],"wp:featuredmedia":[{"embeddable":true,"href":"https:\/\/wapenhandelcolenbrander.nl\/de\/wp-json\/wp\/v2\/media\/42276"}],"wp:attachment":[{"href":"https:\/\/wapenhandelcolenbrander.nl\/de\/wp-json\/wp\/v2\/media?parent=43304"}],"wp:term":[{"taxonomy":"product_brand","embeddable":true,"href":"https:\/\/wapenhandelcolenbrander.nl\/de\/wp-json\/wp\/v2\/product_brand?post=43304"},{"taxonomy":"product_cat","embeddable":true,"href":"https:\/\/wapenhandelcolenbrander.nl\/de\/wp-json\/wp\/v2\/product_cat?post=43304"},{"taxonomy":"product_tag","embeddable":true,"href":"https:\/\/wapenhandelcolenbrander.nl\/de\/wp-json\/wp\/v2\/product_tag?post=43304"}],"curies":[{"name":"wp","href":"https:\/\/api.w.org\/{rel}","templated":true}]}}