{"id":43299,"date":"2024-03-13T16:43:19","date_gmt":"2024-03-13T14:43:19","guid":{"rendered":"https:\/\/wapenhandelcolenbrander.nl\/product\/donnyfl-ronin-1-2-unf-schalldaempfer\/"},"modified":"2024-03-13T16:43:19","modified_gmt":"2024-03-13T17:43:19","slug":"donnyfl-ronin-1-2-unf-schalldaempfer","status":"publish","type":"product","link":"https:\/\/wapenhandelcolenbrander.nl\/de\/produkt\/donnyfl-ronin-1-2-unf-schalldaempfer\/","title":{"rendered":"DonnyFl Ronin 1\/2 UNF-Schalld\u00e4mpfer"},"content":{"rendered":"<p>DonnyFl Ronin 1\/2 UNF.<\/p>\n<p>Ein gro\u00dfer Schalld\u00e4mpfer, der dank des d\u00e4mpfenden Filzmaterials viel absorbiert. Es ist matt eloxiert.<\/p>\n<p>Mit seiner gerillten Au\u00dfenseite l\u00e4sst er sich leicht und ohne Werkzeug montieren. Es passt auf alle .22 \/ .25 Luftgewehre mit einem \u00bdx20 UNF Anschluss.<\/p>\n<ul>\n<li>DonnyFL<\/li>\n<li>Externer Schalld\u00e4mpfer f\u00fcr Luftwaffen<\/li>\n<li>Geeignet f\u00fcr .22 , 5.5mm \/ .25 , 6.35 mm<\/li>\n<li>\u00bdx20 UNF Anschluss.<\/li>\n<li>Gewicht: 295 Gramm<\/li>\n<li>L\u00e4nge: 160 Gramm<\/li>\n<\/ul>\n<p>&nbsp;<\/p>\n","protected":false},"excerpt":{"rendered":"<p>DonnyFl Ronin 1\/2 UNF. Ein gro\u00dfer Schalld\u00e4mpfer, der dank des d\u00e4mpfenden Filzmaterials viel absorbiert. Es ist matt eloxiert. Mit seiner<\/p>\n","protected":false},"featured_media":43032,"template":"","meta":[],"product_brand":[],"product_cat":[817,943],"product_tag":[],"class_list":{"0":"post-43299","1":"product","2":"type-product","3":"status-publish","4":"has-post-thumbnail","6":"product_cat-luftgewehre","7":"product_cat-schalldampfer","9":"first","10":"outofstock","11":"taxable","12":"shipping-taxable","13":"purchasable","14":"product-type-simple"},"_links":{"self":[{"href":"https:\/\/wapenhandelcolenbrander.nl\/de\/wp-json\/wp\/v2\/product\/43299","targetHints":{"allow":["GET"]}}],"collection":[{"href":"https:\/\/wapenhandelcolenbrander.nl\/de\/wp-json\/wp\/v2\/product"}],"about":[{"href":"https:\/\/wapenhandelcolenbrander.nl\/de\/wp-json\/wp\/v2\/types\/product"}],"version-history":[{"count":0,"href":"https:\/\/wapenhandelcolenbrander.nl\/de\/wp-json\/wp\/v2\/product\/43299\/revisions"}],"wp:featuredmedia":[{"embeddable":true,"href":"https:\/\/wapenhandelcolenbrander.nl\/de\/wp-json\/wp\/v2\/media\/43032"}],"wp:attachment":[{"href":"https:\/\/wapenhandelcolenbrander.nl\/de\/wp-json\/wp\/v2\/media?parent=43299"}],"wp:term":[{"taxonomy":"product_brand","embeddable":true,"href":"https:\/\/wapenhandelcolenbrander.nl\/de\/wp-json\/wp\/v2\/product_brand?post=43299"},{"taxonomy":"product_cat","embeddable":true,"href":"https:\/\/wapenhandelcolenbrander.nl\/de\/wp-json\/wp\/v2\/product_cat?post=43299"},{"taxonomy":"product_tag","embeddable":true,"href":"https:\/\/wapenhandelcolenbrander.nl\/de\/wp-json\/wp\/v2\/product_tag?post=43299"}],"curies":[{"name":"wp","href":"https:\/\/api.w.org\/{rel}","templated":true}]}}