{"id":43281,"date":"2024-03-18T07:07:31","date_gmt":"2024-03-18T05:07:31","guid":{"rendered":"https:\/\/wapenhandelcolenbrander.nl\/product\/browning-schiessbrille-on-point-gelb-orange-dunkel\/"},"modified":"2026-02-04T20:24:44","modified_gmt":"2026-02-04T18:24:44","slug":"browning-schiessbrille-on-point-gelb-orange-dunkel","status":"publish","type":"product","link":"https:\/\/wapenhandelcolenbrander.nl\/de\/produkt\/browning-schiessbrille-on-point-gelb-orange-dunkel\/","title":{"rendered":"Browning Schie\u00dfbrille on-point Gelb\/Orange\/Dunkel"},"content":{"rendered":"<p>Browning Browning Schie\u00dfbrille. On-Point-Shooting-Brille. Sicherheit f\u00fcr Ihre Augen beim Schie\u00dfen. Erh\u00e4ltlich in verschiedenen Farben, um die Tontaube so gut wie m\u00f6glich sichtbar zu machen.<\/p>\n<p>Hergestellt aus Polycarbonat.<\/p>\n<p>&nbsp;<\/p>\n<p>&nbsp;<\/p>\n","protected":false},"excerpt":{"rendered":"<p>Browning Browning Schie\u00dfbrille. On-Point-Shooting-Brille. Sicherheit f\u00fcr Ihre Augen beim Schie\u00dfen. Erh\u00e4ltlich in verschiedenen Farben, um die Tontaube so gut wie<\/p>\n","protected":false},"featured_media":43206,"template":"","meta":{"_monsterinsights_skip_tracking":false,"_monsterinsights_sitenote_active":false,"_monsterinsights_sitenote_note":"","_monsterinsights_sitenote_category":0},"product_brand":[],"product_cat":[911,834],"product_tag":[],"class_list":{"0":"post-43281","1":"product","2":"type-product","3":"status-publish","4":"has-post-thumbnail","6":"product_cat-sicherheit-und-schutz","7":"product_cat-zubehor","9":"first","10":"instock","11":"taxable","12":"shipping-taxable","13":"purchasable","14":"product-type-variable"},"_links":{"self":[{"href":"https:\/\/wapenhandelcolenbrander.nl\/de\/wp-json\/wp\/v2\/product\/43281","targetHints":{"allow":["GET"]}}],"collection":[{"href":"https:\/\/wapenhandelcolenbrander.nl\/de\/wp-json\/wp\/v2\/product"}],"about":[{"href":"https:\/\/wapenhandelcolenbrander.nl\/de\/wp-json\/wp\/v2\/types\/product"}],"version-history":[{"count":1,"href":"https:\/\/wapenhandelcolenbrander.nl\/de\/wp-json\/wp\/v2\/product\/43281\/revisions"}],"predecessor-version":[{"id":43300,"href":"https:\/\/wapenhandelcolenbrander.nl\/de\/wp-json\/wp\/v2\/product\/43281\/revisions\/43300"}],"wp:featuredmedia":[{"embeddable":true,"href":"https:\/\/wapenhandelcolenbrander.nl\/de\/wp-json\/wp\/v2\/media\/43206"}],"wp:attachment":[{"href":"https:\/\/wapenhandelcolenbrander.nl\/de\/wp-json\/wp\/v2\/media?parent=43281"}],"wp:term":[{"taxonomy":"product_brand","embeddable":true,"href":"https:\/\/wapenhandelcolenbrander.nl\/de\/wp-json\/wp\/v2\/product_brand?post=43281"},{"taxonomy":"product_cat","embeddable":true,"href":"https:\/\/wapenhandelcolenbrander.nl\/de\/wp-json\/wp\/v2\/product_cat?post=43281"},{"taxonomy":"product_tag","embeddable":true,"href":"https:\/\/wapenhandelcolenbrander.nl\/de\/wp-json\/wp\/v2\/product_tag?post=43281"}],"curies":[{"name":"wp","href":"https:\/\/api.w.org\/{rel}","templated":true}]}}