{"id":42996,"date":"2023-11-05T15:02:25","date_gmt":"2023-11-05T13:02:25","guid":{"rendered":"https:\/\/wapenhandelcolenbrander.nl\/product\/hn-hornet-45-mm-225-stueck\/"},"modified":"2025-08-12T10:11:17","modified_gmt":"2025-08-12T08:11:17","slug":"hn-hornet-45-mm-225-stueck","status":"publish","type":"product","link":"https:\/\/wapenhandelcolenbrander.nl\/de\/produkt\/hn-hornet-45-mm-225-stueck\/","title":{"rendered":"H&amp;N Hornet 4,5 mm 225 St\u00fcck"},"content":{"rendered":"<p>Das H&amp;N Hornet-Geschoss hat ein mittleres Gewicht und ist f\u00fcr mittlere Entfernungen geeignet. Die harte Kupferspitze sorgt f\u00fcr zus\u00e4tzliche Schlagkraft. Geeignet f\u00fcr Mags, allerdings nicht f\u00fcr alle Mags, da der k\u00fcgel recht lang ist!!!<\/p>\n<ul>\n<li>Spitzkopf mit Messingspitze (8,5 mm L\u00e4nge)<\/li>\n<li>4,5 mm (.177&#8243;).<\/li>\n<li>0,65 g<\/li>\n<li>10,03 gr.<\/li>\n<li>225 pro Dose.<\/li>\n<\/ul>\n","protected":false},"excerpt":{"rendered":"<p>Das H&amp;N Hornet-Geschoss hat ein mittleres Gewicht und ist f\u00fcr mittlere Entfernungen geeignet. Die harte Kupferspitze sorgt f\u00fcr zus\u00e4tzliche Schlagkraft.<\/p>\n","protected":false},"featured_media":58175,"template":"","meta":{"_monsterinsights_skip_tracking":false,"_monsterinsights_sitenote_active":false,"_monsterinsights_sitenote_note":"","_monsterinsights_sitenote_category":0},"product_brand":[],"product_cat":[995],"product_tag":[1113],"class_list":{"0":"post-42996","1":"product","2":"type-product","3":"status-publish","4":"has-post-thumbnail","6":"product_cat-luftgewehrkugeln","7":"product_tag-luftgewehrkugeln","9":"first","10":"instock","11":"taxable","12":"shipping-taxable","13":"purchasable","14":"product-type-simple"},"_links":{"self":[{"href":"https:\/\/wapenhandelcolenbrander.nl\/de\/wp-json\/wp\/v2\/product\/42996","targetHints":{"allow":["GET"]}}],"collection":[{"href":"https:\/\/wapenhandelcolenbrander.nl\/de\/wp-json\/wp\/v2\/product"}],"about":[{"href":"https:\/\/wapenhandelcolenbrander.nl\/de\/wp-json\/wp\/v2\/types\/product"}],"version-history":[{"count":0,"href":"https:\/\/wapenhandelcolenbrander.nl\/de\/wp-json\/wp\/v2\/product\/42996\/revisions"}],"wp:featuredmedia":[{"embeddable":true,"href":"https:\/\/wapenhandelcolenbrander.nl\/de\/wp-json\/wp\/v2\/media\/58175"}],"wp:attachment":[{"href":"https:\/\/wapenhandelcolenbrander.nl\/de\/wp-json\/wp\/v2\/media?parent=42996"}],"wp:term":[{"taxonomy":"product_brand","embeddable":true,"href":"https:\/\/wapenhandelcolenbrander.nl\/de\/wp-json\/wp\/v2\/product_brand?post=42996"},{"taxonomy":"product_cat","embeddable":true,"href":"https:\/\/wapenhandelcolenbrander.nl\/de\/wp-json\/wp\/v2\/product_cat?post=42996"},{"taxonomy":"product_tag","embeddable":true,"href":"https:\/\/wapenhandelcolenbrander.nl\/de\/wp-json\/wp\/v2\/product_tag?post=42996"}],"curies":[{"name":"wp","href":"https:\/\/api.w.org\/{rel}","templated":true}]}}