{"id":42943,"date":"2023-11-05T15:15:22","date_gmt":"2023-11-05T13:15:22","guid":{"rendered":"https:\/\/wapenhandelcolenbrander.nl\/product\/jsb-predator-polymag-30-762-mm-100-stueck\/"},"modified":"2026-01-28T12:38:52","modified_gmt":"2026-01-28T10:38:52","slug":"jsb-predator-polymag-30-762-mm-100-stueck","status":"publish","type":"product","link":"https:\/\/wapenhandelcolenbrander.nl\/de\/produkt\/jsb-predator-polymag-30-762-mm-100-stueck\/","title":{"rendered":"JSB Predator Polymag .30 7,62 mm \/ 100 St\u00fcck"},"content":{"rendered":"<p>JSB Predator Polymag, endlich im Kaliber .30 &#8211; 7,62 mm<\/p>\n<p>100 in einer Schachtel, 44,75 Korn \/ 2,9 Gramm. Hohlspitzgeschoss mit patentierter Polymerspitze f\u00fcr zus\u00e4tzliche Wirkung!<\/p>\n<p>Schnelles und pr\u00e4zises Jagdgescho\u00df. Nach dem Auftreffen auf das Ziel wird die Hartpolymerspitze in das Geschoss getrieben und sein Durchmesser vergr\u00f6\u00dfert sich.<\/p>\n","protected":false},"excerpt":{"rendered":"<p>JSB Predator Polymag, endlich im Kaliber .30 &#8211; 7,62 mm 100 in einer Schachtel, 44,75 Korn \/ 2,9 Gramm. Hohlspitzgeschoss<\/p>\n","protected":false},"featured_media":33294,"template":"","meta":{"_monsterinsights_skip_tracking":false,"_monsterinsights_sitenote_active":false,"_monsterinsights_sitenote_note":"","_monsterinsights_sitenote_category":0},"product_brand":[],"product_cat":[995],"product_tag":[1113],"class_list":{"0":"post-42943","1":"product","2":"type-product","3":"status-publish","4":"has-post-thumbnail","6":"product_cat-luftgewehrkugeln","7":"product_tag-luftgewehrkugeln","9":"first","10":"instock","11":"taxable","12":"shipping-taxable","13":"purchasable","14":"product-type-simple"},"_links":{"self":[{"href":"https:\/\/wapenhandelcolenbrander.nl\/de\/wp-json\/wp\/v2\/product\/42943","targetHints":{"allow":["GET"]}}],"collection":[{"href":"https:\/\/wapenhandelcolenbrander.nl\/de\/wp-json\/wp\/v2\/product"}],"about":[{"href":"https:\/\/wapenhandelcolenbrander.nl\/de\/wp-json\/wp\/v2\/types\/product"}],"version-history":[{"count":0,"href":"https:\/\/wapenhandelcolenbrander.nl\/de\/wp-json\/wp\/v2\/product\/42943\/revisions"}],"wp:featuredmedia":[{"embeddable":true,"href":"https:\/\/wapenhandelcolenbrander.nl\/de\/wp-json\/wp\/v2\/media\/33294"}],"wp:attachment":[{"href":"https:\/\/wapenhandelcolenbrander.nl\/de\/wp-json\/wp\/v2\/media?parent=42943"}],"wp:term":[{"taxonomy":"product_brand","embeddable":true,"href":"https:\/\/wapenhandelcolenbrander.nl\/de\/wp-json\/wp\/v2\/product_brand?post=42943"},{"taxonomy":"product_cat","embeddable":true,"href":"https:\/\/wapenhandelcolenbrander.nl\/de\/wp-json\/wp\/v2\/product_cat?post=42943"},{"taxonomy":"product_tag","embeddable":true,"href":"https:\/\/wapenhandelcolenbrander.nl\/de\/wp-json\/wp\/v2\/product_tag?post=42943"}],"curies":[{"name":"wp","href":"https:\/\/api.w.org\/{rel}","templated":true}]}}