{"id":42933,"date":"2023-11-05T15:24:50","date_gmt":"2023-11-05T13:24:50","guid":{"rendered":"https:\/\/wapenhandelcolenbrander.nl\/product\/hn-baracuda-gruen-45-mm-300-stueck\/"},"modified":"2026-01-28T19:34:43","modified_gmt":"2026-01-28T17:34:43","slug":"hn-baracuda-gruen-45-mm-300-stueck","status":"publish","type":"product","link":"https:\/\/wapenhandelcolenbrander.nl\/de\/produkt\/hn-baracuda-gruen-45-mm-300-stueck\/","title":{"rendered":"H&amp;N Baracuda Gr\u00fcn 4,5 mm 300 St\u00fcck"},"content":{"rendered":"<p style=\"text-align: left;\">Diese Geschosse sind von H&amp;N, einer sehr bekannten deutschen Qualit\u00e4tsmarke. Erh\u00e4ltlich in 4,5 mm in der 300er-Packung. Der H&amp;N Baracuda Gr\u00fcn.<\/p>\n<p style=\"text-align: left;\">100% bleifrei<\/p>\n<p style=\"text-align: left;\">Geschossgewicht 0,43 Gramm und 6,64 Korn<\/p>\n<p style=\"text-align: left;\">\n","protected":false},"excerpt":{"rendered":"<p>Diese Geschosse sind von H&amp;N, einer sehr bekannten deutschen Qualit\u00e4tsmarke. Erh\u00e4ltlich in 4,5 mm in der 300er-Packung. Der H&amp;N Baracuda<\/p>\n","protected":false},"featured_media":32396,"template":"","meta":{"_monsterinsights_skip_tracking":false,"_monsterinsights_sitenote_active":false,"_monsterinsights_sitenote_note":"","_monsterinsights_sitenote_category":0},"product_brand":[],"product_cat":[995],"product_tag":[1113],"class_list":{"0":"post-42933","1":"product","2":"type-product","3":"status-publish","4":"has-post-thumbnail","6":"product_cat-luftgewehrkugeln","7":"product_tag-luftgewehrkugeln","9":"first","10":"instock","11":"taxable","12":"shipping-taxable","13":"purchasable","14":"product-type-simple"},"_links":{"self":[{"href":"https:\/\/wapenhandelcolenbrander.nl\/de\/wp-json\/wp\/v2\/product\/42933","targetHints":{"allow":["GET"]}}],"collection":[{"href":"https:\/\/wapenhandelcolenbrander.nl\/de\/wp-json\/wp\/v2\/product"}],"about":[{"href":"https:\/\/wapenhandelcolenbrander.nl\/de\/wp-json\/wp\/v2\/types\/product"}],"version-history":[{"count":0,"href":"https:\/\/wapenhandelcolenbrander.nl\/de\/wp-json\/wp\/v2\/product\/42933\/revisions"}],"wp:featuredmedia":[{"embeddable":true,"href":"https:\/\/wapenhandelcolenbrander.nl\/de\/wp-json\/wp\/v2\/media\/32396"}],"wp:attachment":[{"href":"https:\/\/wapenhandelcolenbrander.nl\/de\/wp-json\/wp\/v2\/media?parent=42933"}],"wp:term":[{"taxonomy":"product_brand","embeddable":true,"href":"https:\/\/wapenhandelcolenbrander.nl\/de\/wp-json\/wp\/v2\/product_brand?post=42933"},{"taxonomy":"product_cat","embeddable":true,"href":"https:\/\/wapenhandelcolenbrander.nl\/de\/wp-json\/wp\/v2\/product_cat?post=42933"},{"taxonomy":"product_tag","embeddable":true,"href":"https:\/\/wapenhandelcolenbrander.nl\/de\/wp-json\/wp\/v2\/product_tag?post=42933"}],"curies":[{"name":"wp","href":"https:\/\/api.w.org\/{rel}","templated":true}]}}