{"id":42895,"date":"2023-11-05T14:45:02","date_gmt":"2023-11-05T12:45:02","guid":{"rendered":"https:\/\/wapenhandelcolenbrander.nl\/product\/hawke-rs-airmax-30-ffp-6-24x50-wa-sf-amx-ir-13352\/"},"modified":"2026-01-28T13:09:12","modified_gmt":"2026-01-28T11:09:12","slug":"hawke-rs-airmax-30-ffp-6-24x50-wa-sf-amx-ir-13352","status":"publish","type":"product","link":"https:\/\/wapenhandelcolenbrander.nl\/de\/produkt\/hawke-rs-airmax-30-ffp-6-24x50-wa-sf-amx-ir-13352\/","title":{"rendered":"Hawke RS Airmax 30 FFP, 6-24&#215;50 WA, SF, AMX IR &#8211; 13352"},"content":{"rendered":"<h1>Hawke RS Airmax 30 FFP SF 6-24 50 AMX IR<\/h1>\n<p>Das Hawke Airmax 30 FFP SF 6-24 50 AMX IR-Zielfernrohr ist ein kompaktes Zielfernrohr. Das Zielfernrohr hat eine L\u00e4nge von 37,8 cm, was f\u00fcr ein Zielfernrohr mit dieser Vergr\u00f6\u00dferung sehr kurz ist. Dar\u00fcber hinaus hat dieses Zielfernrohr ein sehr gro\u00dfes Sehfeld und das AMX-Absehen mit Beleuchtung. Das Hawke Airmax ist ein sogenanntes FFP-Zielfernrohr, oder First Focal Plane. D.h. das Absehen vergr\u00f6\u00dfert sich mit der Vergr\u00f6\u00dferung. Das Kreuz ist in das Glas ge\u00e4tzt. Das Glas hat eine 16-fache Beschichtung f\u00fcr bessere Lichtdurchl\u00e4ssigkeit. Das Rohr ist 30 mm dick und aus einem St\u00fcck Aluminium gefertigt, was f\u00fcr zus\u00e4tzliche Stabilit\u00e4t sorgt. Angesichts des 50-mm-Objektivs ist es f\u00fcr ein Luftgewehr mit 11-mm-Schwalbenschwanzschiene am besten, eine hohe Montage zu verwenden.<\/p>\n<h2>Zubeh\u00f6r Hawke Airmax 30 FFP SF 6-24 50 AMX IR<\/h2>\n<p>In der Box enthalten sind:<br \/>\nStaubwedel<br \/>\nBatterie<br \/>\nSonnenschirm<br \/>\nKlappdeckel<br \/>\nParallaxe fide Fokusrad<\/p>\n","protected":false},"excerpt":{"rendered":"<p>Hawke RS Airmax 30 FFP SF 6-24 50 AMX IR Das Hawke Airmax 30 FFP SF 6-24 50 AMX IR-Zielfernrohr<\/p>\n","protected":false},"featured_media":32056,"template":"","meta":{"_monsterinsights_skip_tracking":false,"_monsterinsights_sitenote_active":false,"_monsterinsights_sitenote_note":"","_monsterinsights_sitenote_category":0},"product_brand":[],"product_cat":[1013,852,1003],"product_tag":[],"class_list":{"0":"post-42895","1":"product","2":"type-product","3":"status-publish","4":"has-post-thumbnail","6":"product_cat-hawke-de","7":"product_cat-optik","8":"product_cat-zielfernrohre-und-red-dots","10":"first","11":"instock","12":"sale","13":"taxable","14":"shipping-taxable","15":"purchasable","16":"product-type-simple"},"_links":{"self":[{"href":"https:\/\/wapenhandelcolenbrander.nl\/de\/wp-json\/wp\/v2\/product\/42895","targetHints":{"allow":["GET"]}}],"collection":[{"href":"https:\/\/wapenhandelcolenbrander.nl\/de\/wp-json\/wp\/v2\/product"}],"about":[{"href":"https:\/\/wapenhandelcolenbrander.nl\/de\/wp-json\/wp\/v2\/types\/product"}],"version-history":[{"count":1,"href":"https:\/\/wapenhandelcolenbrander.nl\/de\/wp-json\/wp\/v2\/product\/42895\/revisions"}],"predecessor-version":[{"id":55407,"href":"https:\/\/wapenhandelcolenbrander.nl\/de\/wp-json\/wp\/v2\/product\/42895\/revisions\/55407"}],"wp:featuredmedia":[{"embeddable":true,"href":"https:\/\/wapenhandelcolenbrander.nl\/de\/wp-json\/wp\/v2\/media\/32056"}],"wp:attachment":[{"href":"https:\/\/wapenhandelcolenbrander.nl\/de\/wp-json\/wp\/v2\/media?parent=42895"}],"wp:term":[{"taxonomy":"product_brand","embeddable":true,"href":"https:\/\/wapenhandelcolenbrander.nl\/de\/wp-json\/wp\/v2\/product_brand?post=42895"},{"taxonomy":"product_cat","embeddable":true,"href":"https:\/\/wapenhandelcolenbrander.nl\/de\/wp-json\/wp\/v2\/product_cat?post=42895"},{"taxonomy":"product_tag","embeddable":true,"href":"https:\/\/wapenhandelcolenbrander.nl\/de\/wp-json\/wp\/v2\/product_tag?post=42895"}],"curies":[{"name":"wp","href":"https:\/\/api.w.org\/{rel}","templated":true}]}}