{"id":39128,"date":"2024-01-26T08:41:03","date_gmt":"2024-01-26T08:41:03","guid":{"rendered":"https:\/\/wapenhandelcolenbrander.nl\/?post_type=product&#038;p=39128"},"modified":"2026-04-04T15:16:52","modified_gmt":"2026-04-04T13:16:52","slug":"zbroia-kozak-5-5-mm-44-joule-black","status":"publish","type":"product","link":"https:\/\/wapenhandelcolenbrander.nl\/de\/produkt\/zbroia-kozak-5-5-mm-44-joule-black\/","title":{"rendered":"Zbroia Kozak 5.5 mm \/ 44 Joule Black"},"content":{"rendered":"<p>Het betaalbare alternatief voor de liefhebber, Nu tegenover gereduceerde prijs, De Zbroia Kozak! Wilt u een luchtgeweer met een goede loop, goede trekker, gereguleerd, magazijn, 300 bar vulbuis: het antwoord is Zbroia luchtgeweren!<\/p>\n<p>Prima PCP met kenmerken van high end merknamen, met de volgende kenmerken:<\/p>\n<ul>\n<li>300 bar luchtkamer<\/li>\n<li>Quick fill<\/li>\n<li>Gereguleerd<\/li>\n<li>Ge\u00efntegreerde demper<\/li>\n<li>Prima en verstelbaar trekkersysteem<\/li>\n<li>Prima loop (450 mm)<\/li>\n<li>10 schots magazijn (2 stuks)<\/li>\n<li>Verstelbaar wangstuk<\/li>\n<li>Twee quick fill adapters (\u00e9\u00e9n met schroefdraad en \u00e9\u00e9n met foster aansluiting)<\/li>\n<li>Weaver rail voor kijkermontage<\/li>\n<\/ul>\n<p>Manufacturer country Ukraine<\/p>\n<p>Caliber \u00a05,5 mm (.22)<\/p>\n<p>Barrel length \u00a0\u00a0\u00a0 \u00a0450 mm<\/p>\n<p>Energy \u00a044 J<\/p>\n<p>Dimensions W x L x H \u00a0\u00a0 \u00a0805\/50\/186 mm<\/p>\n<p>Weight \u00a0\u00a0\u00a0\u00a0\u00a0\u00a0\u00a0\u00a0\u00a0\u00a0\u00a0\u00a0\u00a0\u00a0\u00a0 3,1 kg<\/p>\n<p>Magazine capacity \u00a0\u00a0\u00a0\u00a0\u00a0\u00a0\u00a0\u00a0 \u00a010 pellets (cal .22)<\/p>\n<p>Barrel (characteristics) Steel, 12 grooves<\/p>\n<p>Value of reservoir \u00a0220 cm3<\/p>\n<p>Work pressure \u00a0\u00a0\u00a0\u00a0\u00a0\u00a0\u00a0\u00a0\u00a0\u00a0\u00a0\u00a0\u00a0\u00a0\u00a0 (maximale druk drukbuis) 30 MPa (300 kgs\/cm3)<\/p>\n<p>Diameter of filling port \u00a0\u00a0\u00a0\u00a0\u00a0\u00a0\u00a0\u00a0\u00a0\u00a0\u00a0\u00a0\u00a0\u00a0\u00a0 6 mm<\/p>\n<p>Trigger pull (regulated) \u00a0\u00a0\u00a0\u00a0\u00a0\u00a0\u00a0\u00a0\u00a0\u00a0\u00a0\u00a0\u00a0\u00a0 1,1+11(0,1+1,1)H<\/p>\n<p>Way of trigger, regulated \u00a0\u00a0\u00a0\u00a0\u00a0\u00a0\u00a0\u00a0\u00a0\u00a0 1-4,0 \u00b1 0,3 mm<\/p>\n<p>Quantities of shots with full reservoir, minimum: \u00a0\u00a0\u00a0\u00a0\u00a0\u00a0\u00a0\u00a0\u00a0\u00a0 \u00a060<\/p>\n<p>C-T-C on distance of 30 m, \u00a0\u00a0\u00a0\u00a0\u00a0\u00a0\u00a0\u00a0 20 mm<\/p>\n<p>&nbsp;<\/p>\n","protected":false},"excerpt":{"rendered":"<p><strong>Dit artikel wordt uitsluitend geleverd aan personen boven de 18 jaar! Levering na ontvangst geldig legitimatiebewijs (ID kaart of paspoort) via webshop@wapenhandelcolenbrander.nl<\/strong><\/p>\n","protected":false},"featured_media":39129,"template":"","meta":{"_monsterinsights_skip_tracking":false,"_monsterinsights_sitenote_active":false,"_monsterinsights_sitenote_note":"","_monsterinsights_sitenote_category":0},"product_brand":[],"product_cat":[72,76,163],"product_tag":[301],"class_list":{"0":"post-39128","1":"product","2":"type-product","3":"status-publish","4":"has-post-thumbnail","6":"product_cat-luchtbuksen","7":"product_cat-luchtdrukgeweren","8":"product_cat-zbroia","9":"product_tag-luchtbuksen","11":"first","12":"outofstock","13":"taxable","14":"shipping-taxable","15":"purchasable","16":"product-type-simple"},"_links":{"self":[{"href":"https:\/\/wapenhandelcolenbrander.nl\/de\/wp-json\/wp\/v2\/product\/39128","targetHints":{"allow":["GET"]}}],"collection":[{"href":"https:\/\/wapenhandelcolenbrander.nl\/de\/wp-json\/wp\/v2\/product"}],"about":[{"href":"https:\/\/wapenhandelcolenbrander.nl\/de\/wp-json\/wp\/v2\/types\/product"}],"version-history":[{"count":6,"href":"https:\/\/wapenhandelcolenbrander.nl\/de\/wp-json\/wp\/v2\/product\/39128\/revisions"}],"predecessor-version":[{"id":79624,"href":"https:\/\/wapenhandelcolenbrander.nl\/de\/wp-json\/wp\/v2\/product\/39128\/revisions\/79624"}],"wp:featuredmedia":[{"embeddable":true,"href":"https:\/\/wapenhandelcolenbrander.nl\/de\/wp-json\/wp\/v2\/media\/39129"}],"wp:attachment":[{"href":"https:\/\/wapenhandelcolenbrander.nl\/de\/wp-json\/wp\/v2\/media?parent=39128"}],"wp:term":[{"taxonomy":"product_brand","embeddable":true,"href":"https:\/\/wapenhandelcolenbrander.nl\/de\/wp-json\/wp\/v2\/product_brand?post=39128"},{"taxonomy":"product_cat","embeddable":true,"href":"https:\/\/wapenhandelcolenbrander.nl\/de\/wp-json\/wp\/v2\/product_cat?post=39128"},{"taxonomy":"product_tag","embeddable":true,"href":"https:\/\/wapenhandelcolenbrander.nl\/de\/wp-json\/wp\/v2\/product_tag?post=39128"}],"curies":[{"name":"wp","href":"https:\/\/api.w.org\/{rel}","templated":true}]}}