{"id":38795,"date":"2024-01-16T12:43:50","date_gmt":"2024-01-16T10:43:50","guid":{"rendered":"https:\/\/wapenhandelcolenbrander.nl\/product\/greenlands-futteral-loden-hoch-gruen-130-x-30-x-7-cm\/"},"modified":"2024-01-16T13:17:57","modified_gmt":"2024-01-16T13:17:57","slug":"greenlands-futteral-loden-hoch-gruen-130-x-30-x-7-cm","status":"publish","type":"product","link":"https:\/\/wapenhandelcolenbrander.nl\/de\/produkt\/greenlands-futteral-loden-hoch-gruen-130-x-30-x-7-cm\/","title":{"rendered":"Greenlands Futteral Loden &#8211; hoch &#8211; gr\u00fcn. 130 x 30 x 7 cm"},"content":{"rendered":"<h3>Der beste Schutz f\u00fcr Ihr Gewehr<\/h3>\n<p>Oberstoff aus Originalblei mit wasserdichter Beschichtung<br \/>\nMit Leder an den Ringen f\u00fcr den Trageriemen versehen<br \/>\nPraktische Vordertasche, 26x16x4 cm und eine weitere Rei\u00dfverschlusstasche zwischen den Griffen<br \/>\nExtra dicker (6 cm) Noppenschaumstoff<br \/>\n4 cm breiter Trageriemen, abnehmbar<br \/>\nZus\u00e4tzliche Aufh\u00e4ngeschlaufe<br \/>\nHochwertige Rei\u00dfverschl\u00fcsse mit \u00d6se, geeignet f\u00fcr ein Schloss<br \/>\nInnenma\u00dfe: 128x28x6 cm<\/p>\n<p><strong>Abmessungen: 130 x 30 x 7 cm<br \/>\nFarbe: gr\u00fcn<\/strong><\/p>\n","protected":false},"excerpt":{"rendered":"<p>Der beste Schutz f\u00fcr Ihr Gewehr Oberstoff aus Originalblei mit wasserdichter Beschichtung Mit Leder an den Ringen f\u00fcr den Trageriemen<\/p>\n","protected":false},"featured_media":38785,"template":"","meta":{"_monsterinsights_skip_tracking":false,"_monsterinsights_sitenote_active":false,"_monsterinsights_sitenote_note":"","_monsterinsights_sitenote_category":0},"product_brand":[],"product_cat":[842,841,834],"product_tag":[],"class_list":{"0":"post-38795","1":"product","2":"type-product","3":"status-publish","4":"has-post-thumbnail","6":"product_cat-lagerung","7":"product_cat-lagerung-und-wartung","8":"product_cat-zubehor","10":"first","11":"instock","12":"taxable","13":"shipping-taxable","14":"purchasable","15":"product-type-simple"},"_links":{"self":[{"href":"https:\/\/wapenhandelcolenbrander.nl\/de\/wp-json\/wp\/v2\/product\/38795","targetHints":{"allow":["GET"]}}],"collection":[{"href":"https:\/\/wapenhandelcolenbrander.nl\/de\/wp-json\/wp\/v2\/product"}],"about":[{"href":"https:\/\/wapenhandelcolenbrander.nl\/de\/wp-json\/wp\/v2\/types\/product"}],"version-history":[{"count":1,"href":"https:\/\/wapenhandelcolenbrander.nl\/de\/wp-json\/wp\/v2\/product\/38795\/revisions"}],"predecessor-version":[{"id":38796,"href":"https:\/\/wapenhandelcolenbrander.nl\/de\/wp-json\/wp\/v2\/product\/38795\/revisions\/38796"}],"wp:featuredmedia":[{"embeddable":true,"href":"https:\/\/wapenhandelcolenbrander.nl\/de\/wp-json\/wp\/v2\/media\/38785"}],"wp:attachment":[{"href":"https:\/\/wapenhandelcolenbrander.nl\/de\/wp-json\/wp\/v2\/media?parent=38795"}],"wp:term":[{"taxonomy":"product_brand","embeddable":true,"href":"https:\/\/wapenhandelcolenbrander.nl\/de\/wp-json\/wp\/v2\/product_brand?post=38795"},{"taxonomy":"product_cat","embeddable":true,"href":"https:\/\/wapenhandelcolenbrander.nl\/de\/wp-json\/wp\/v2\/product_cat?post=38795"},{"taxonomy":"product_tag","embeddable":true,"href":"https:\/\/wapenhandelcolenbrander.nl\/de\/wp-json\/wp\/v2\/product_tag?post=38795"}],"curies":[{"name":"wp","href":"https:\/\/api.w.org\/{rel}","templated":true}]}}