{"id":38324,"date":"2023-12-08T11:37:14","date_gmt":"2023-12-08T11:37:14","guid":{"rendered":"https:\/\/wapenhandelcolenbrander.nl\/product\/weihrauch-hw-80-45-oder-55-mm\/"},"modified":"2024-04-10T11:56:55","modified_gmt":"2024-04-10T12:56:55","slug":"weihrauch-hw-80-45-oder-55-mm","status":"publish","type":"product","link":"https:\/\/wapenhandelcolenbrander.nl\/de\/produkt\/weihrauch-hw-80-45-oder-55-mm\/","title":{"rendered":"Weihrauch HW 80 &#8211; 4,5 oder 5,5 mm."},"content":{"rendered":"<p>Weihrauch Luftgewehre werden in Deutschland nach modernsten Fertigungstechnologien hergestellt. Mit jahrzehntelanger Erfahrung in dieser Branche und dem Streben nach Perfektion und Innovation ist Weihrauch in der Lage, immer wieder Luftgewehre von h\u00f6chster Qualit\u00e4t mit optimaler Leistung und langer Lebensdauer zu liefern.<\/p>\n<p>Der Weihrauch HW 80 wird oft als das Arbeitspferd von Weihrauch bezeichnet. Diesen Namen verdankt sie ihrer robusten Konstruktion, ihrer St\u00e4rke und ihrer au\u00dfergew\u00f6hnlichen Genauigkeit. Der sch\u00f6n gef\u00fctterte Monte-Carlo-Buchenholzkolben ist mit einem karierten Griff und einem Schulterst\u00fcck aus Gummi versehen.<\/p>\n<p>Erh\u00e4ltlich im Kaliber 4,5 mm oder 5,5 mm, treffen Sie Ihre Wahl in der Dropdown-Liste.<\/p>\n<p><strong>Dieser Artikel wird nur an Personen \u00fcber 18 Jahren geliefert! Zustellung nach Erhalt eines g\u00fcltigen Identit\u00e4tsnachweises (Personalausweis oder Reisepass) \u00fcber info@wapenhandelcolenbrander.nl<\/strong><\/p>\n<p>&nbsp;<\/p>\n<p>&nbsp;<\/p>\n","protected":false},"excerpt":{"rendered":"<p>Weihrauch Luftgewehre werden in Deutschland nach modernsten Fertigungstechnologien hergestellt. Mit jahrzehntelanger Erfahrung in dieser Branche und dem Streben nach Perfektion<\/p>\n","protected":false},"featured_media":37167,"template":"","meta":{"_monsterinsights_skip_tracking":false,"_monsterinsights_sitenote_active":false,"_monsterinsights_sitenote_note":"","_monsterinsights_sitenote_category":0},"product_brand":[],"product_cat":[817,832,993],"product_tag":[],"class_list":{"0":"post-38324","1":"product","2":"type-product","3":"status-publish","4":"has-post-thumbnail","6":"product_cat-luftgewehre","7":"product_cat-luftgewehre-de","8":"product_cat-weihrauch-de","10":"first","11":"instock","12":"taxable","13":"shipping-taxable","14":"purchasable","15":"product-type-variable"},"_links":{"self":[{"href":"https:\/\/wapenhandelcolenbrander.nl\/de\/wp-json\/wp\/v2\/product\/38324","targetHints":{"allow":["GET"]}}],"collection":[{"href":"https:\/\/wapenhandelcolenbrander.nl\/de\/wp-json\/wp\/v2\/product"}],"about":[{"href":"https:\/\/wapenhandelcolenbrander.nl\/de\/wp-json\/wp\/v2\/types\/product"}],"version-history":[{"count":2,"href":"https:\/\/wapenhandelcolenbrander.nl\/de\/wp-json\/wp\/v2\/product\/38324\/revisions"}],"predecessor-version":[{"id":45381,"href":"https:\/\/wapenhandelcolenbrander.nl\/de\/wp-json\/wp\/v2\/product\/38324\/revisions\/45381"}],"wp:featuredmedia":[{"embeddable":true,"href":"https:\/\/wapenhandelcolenbrander.nl\/de\/wp-json\/wp\/v2\/media\/37167"}],"wp:attachment":[{"href":"https:\/\/wapenhandelcolenbrander.nl\/de\/wp-json\/wp\/v2\/media?parent=38324"}],"wp:term":[{"taxonomy":"product_brand","embeddable":true,"href":"https:\/\/wapenhandelcolenbrander.nl\/de\/wp-json\/wp\/v2\/product_brand?post=38324"},{"taxonomy":"product_cat","embeddable":true,"href":"https:\/\/wapenhandelcolenbrander.nl\/de\/wp-json\/wp\/v2\/product_cat?post=38324"},{"taxonomy":"product_tag","embeddable":true,"href":"https:\/\/wapenhandelcolenbrander.nl\/de\/wp-json\/wp\/v2\/product_tag?post=38324"}],"curies":[{"name":"wp","href":"https:\/\/api.w.org\/{rel}","templated":true}]}}